{"id":783231,"date":"2026-02-24T03:43:46","date_gmt":"2026-02-24T00:43:46","guid":{"rendered":"https:\/\/roveyayinevi.com.tr\/index.php\/urun\/spor-yonetiminde-cagdas-paradigmalar-kuramdan-uygulamaya-disiplinlerarasi-yaklasimlar\/"},"modified":"2026-04-15T03:46:52","modified_gmt":"2026-04-15T00:46:52","slug":"spor-yonetiminde-cagdas-paradigmalar-kuramdan-uygulamaya-disiplinlerarasi-yaklasimlar","status":"publish","type":"product","link":"https:\/\/roveyayinevi.com.tr\/index.php\/urun\/spor-yonetiminde-cagdas-paradigmalar-kuramdan-uygulamaya-disiplinlerarasi-yaklasimlar\/","title":{"rendered":"Spor Y\u00f6netiminde \u00c7a\u011fda\u015f Paradigmalar: Kuramdan Uygulamaya Disiplinleraras\u0131 Yakla\u015f\u0131mlar"},"content":{"rendered":"<p>1-T\u00fcrkiye&#8217;de Spor Y\u00f6netimi ve Spor Y\u00f6neticili\u011fi \u00dczerine Yap\u0131lan Lisans\u00fcst\u00fc Tezlerin E\u011filimsel Analizi  2-Spor ve Y\u00f6netim Ba\u011flam\u0131nda Liderlik Modelleri Ve Davran\u0131\u015f Bi\u00e7imleri  3- Sporda Yapay Zekan\u0131n S\u00fcrd\u00fcr\u00fclebilirli\u011fe Etkisi 4- Spor Y\u00f6netiminde Yapay Zeka  5- Spor Y\u00f6netiminde Dijital D\u00f6n\u00fc\u015f\u00fcm  6- Toplumsal Duyarl\u0131l\u0131k ve Spor  7- Kurumsal Sosyal Sorumluluk Stratejileri ve Marka \u0130maj \u0130li\u015fkisi  8-Spor Alan\u0131nda Etik D\u0131\u015f\u0131 Y\u00f6neticilik Uygulamalar\u0131 ve Sessiz Kal\u0131nan Ger\u00e7ekler<\/p>\n","protected":false},"excerpt":{"rendered":"<p>1-T\u00fcrkiye&#8217;de Spor Y\u00f6netimi ve Spor Y\u00f6neticili\u011fi \u00dczerine Yap\u0131lan Lisans\u00fcst\u00fc Tezlerin E\u011filimsel Analizi 2-Spor ve Y\u00f6netim Ba\u011flam\u0131nda Liderlik Modelleri Ve Davran\u0131\u015f Bi\u00e7imleri 3- Sporda Yapay Zekan\u0131n S\u00fcrd\u00fcr\u00fclebilirli\u011fe<span class=\"excerpt-hellip\"> [\u2026]<\/span><\/p>\n","protected":false},"featured_media":0,"template":"","meta":{"_monsterinsights_skip_tracking":false,"_monsterinsights_sitenote_active":false,"_monsterinsights_sitenote_note":"","_monsterinsights_sitenote_category":0},"product_brand":[],"product_cat":[15563],"product_tag":[],"class_list":{"0":"post-783231","1":"product","2":"type-product","3":"status-publish","5":"product_cat-hobi","6":"pa_cilt-ciltsiz","7":"pa_tur-kitap","8":"pa_yayinevi-gazi-kitabevi","9":"pa_yazar-kolektif","11":"first","12":"instock","13":"sale","14":"shipping-taxable","15":"purchasable","16":"product-type-simple"},"_links":{"self":[{"href":"https:\/\/roveyayinevi.com.tr\/index.php\/wp-json\/wp\/v2\/product\/783231","targetHints":{"allow":["GET"]}}],"collection":[{"href":"https:\/\/roveyayinevi.com.tr\/index.php\/wp-json\/wp\/v2\/product"}],"about":[{"href":"https:\/\/roveyayinevi.com.tr\/index.php\/wp-json\/wp\/v2\/types\/product"}],"wp:attachment":[{"href":"https:\/\/roveyayinevi.com.tr\/index.php\/wp-json\/wp\/v2\/media?parent=783231"}],"wp:term":[{"taxonomy":"product_brand","embeddable":true,"href":"https:\/\/roveyayinevi.com.tr\/index.php\/wp-json\/wp\/v2\/product_brand?post=783231"},{"taxonomy":"product_cat","embeddable":true,"href":"https:\/\/roveyayinevi.com.tr\/index.php\/wp-json\/wp\/v2\/product_cat?post=783231"},{"taxonomy":"product_tag","embeddable":true,"href":"https:\/\/roveyayinevi.com.tr\/index.php\/wp-json\/wp\/v2\/product_tag?post=783231"}],"curies":[{"name":"wp","href":"https:\/\/api.w.org\/{rel}","templated":true}]}}