{"id":783230,"date":"2026-02-24T03:43:42","date_gmt":"2026-02-24T00:43:42","guid":{"rendered":"https:\/\/roveyayinevi.com.tr\/index.php\/urun\/rekreasyonun-yolculugu\/"},"modified":"2026-04-15T03:46:51","modified_gmt":"2026-04-15T00:46:51","slug":"rekreasyonun-yolculugu","status":"publish","type":"product","link":"https:\/\/roveyayinevi.com.tr\/index.php\/urun\/rekreasyonun-yolculugu\/","title":{"rendered":"Rekreasyonun Yolculu\u011fu"},"content":{"rendered":"<p>\u00b7 \u00c7OCUK VE REKREASYON  \u00b7 YA\u015eLILARDA TERAP\u00d6T\u0130K REKREASYON  \u00b7 D\u0130J\u0130TAL REKREASYON  \u00b7 REKREASYON ETK\u0130NL\u0130KLER\u0130NDE Y\u00d6NET\u0130M  \u00b7 YEREL Y\u00d6NET\u0130MLER, REKREASYON VE TUR\u0130ZM<\/p>\n","protected":false},"excerpt":{"rendered":"<p>\u00b7 \u00c7OCUK VE REKREASYON \u00b7 YA\u015eLILARDA TERAP\u00d6T\u0130K REKREASYON \u00b7 D\u0130J\u0130TAL REKREASYON \u00b7 REKREASYON ETK\u0130NL\u0130KLER\u0130NDE Y\u00d6NET\u0130M \u00b7 YEREL Y\u00d6NET\u0130MLER, REKREASYON VE TUR\u0130ZM<\/p>\n","protected":false},"featured_media":0,"template":"","meta":{"_monsterinsights_skip_tracking":false,"_monsterinsights_sitenote_active":false,"_monsterinsights_sitenote_note":"","_monsterinsights_sitenote_category":0},"product_brand":[],"product_cat":[15563,15564],"product_tag":[],"class_list":{"0":"post-783230","1":"product","2":"type-product","3":"status-publish","5":"product_cat-hobi","6":"product_cat-spor","7":"pa_cilt-ciltsiz","8":"pa_tur-kitap","9":"pa_yayinevi-gazi-kitabevi","10":"pa_yazar-kolektif","12":"first","13":"instock","14":"sale","15":"shipping-taxable","16":"purchasable","17":"product-type-simple"},"_links":{"self":[{"href":"https:\/\/roveyayinevi.com.tr\/index.php\/wp-json\/wp\/v2\/product\/783230","targetHints":{"allow":["GET"]}}],"collection":[{"href":"https:\/\/roveyayinevi.com.tr\/index.php\/wp-json\/wp\/v2\/product"}],"about":[{"href":"https:\/\/roveyayinevi.com.tr\/index.php\/wp-json\/wp\/v2\/types\/product"}],"wp:attachment":[{"href":"https:\/\/roveyayinevi.com.tr\/index.php\/wp-json\/wp\/v2\/media?parent=783230"}],"wp:term":[{"taxonomy":"product_brand","embeddable":true,"href":"https:\/\/roveyayinevi.com.tr\/index.php\/wp-json\/wp\/v2\/product_brand?post=783230"},{"taxonomy":"product_cat","embeddable":true,"href":"https:\/\/roveyayinevi.com.tr\/index.php\/wp-json\/wp\/v2\/product_cat?post=783230"},{"taxonomy":"product_tag","embeddable":true,"href":"https:\/\/roveyayinevi.com.tr\/index.php\/wp-json\/wp\/v2\/product_tag?post=783230"}],"curies":[{"name":"wp","href":"https:\/\/api.w.org\/{rel}","templated":true}]}}