{"id":783229,"date":"2026-02-24T03:43:39","date_gmt":"2026-02-24T00:43:39","guid":{"rendered":"https:\/\/roveyayinevi.com.tr\/index.php\/urun\/yasama-ovgu\/"},"modified":"2026-04-15T03:46:38","modified_gmt":"2026-04-15T00:46:38","slug":"yasama-ovgu","status":"publish","type":"product","link":"https:\/\/roveyayinevi.com.tr\/index.php\/urun\/yasama-ovgu\/","title":{"rendered":"Ya\u015fama \u00d6vg\u00fc"},"content":{"rendered":"<p>Gis\u00e8le Pelicot\u2019yu t\u00fcm d\u00fcnya 2024 y\u0131l\u0131nda tan\u0131d\u0131: Evli oldu\u011fu erkek dokuz y\u0131l boyunca Gis\u00e8le\u2019e bilgisi d\u0131\u015f\u0131ndauyu\u015fturucular vermi\u015f ve bilincini kaybetmi\u015f haldeyken onlarca erke\u011fin ona tecav\u00fcz etmesine zeminhaz\u0131rlam\u0131\u015ft\u0131. Bu korkun\u00e7 ger\u00e7e\u011fin ortaya \u00e7\u0131kmas\u0131n\u0131n ard\u0131ndanGis\u00e8le, konuyla ili\u015fkili davan\u0131n kamuya a\u00e7\u0131k g\u00f6r\u00fclmesini talep ederek ataerkiyle m\u00fccadelede bir k\u0131r\u0131lmayaratt\u0131: Utan\u00e7 taraf de\u011fi\u015ftirmeli, diyordu. Utanmas\u0131 gereken kendisi de\u011fildi, d\u00fczenin kirli tahakk\u00fcm a\u011flar\u0131ndabir araya gelerek onun fiziki ve manevi varl\u0131\u011f\u0131na bu \u015fiddeti uygulayan su\u00e7lulard\u0131.Ya\u015fama \u00d6vg\u00fc\u2019de Gis\u00e8le Pelicot, \u00e7ok b\u00fcy\u00fck cesaret gerektiren bu karara giden yolu bizimle payla\u015f\u0131yor:Yolda\u015f bildi\u011fi bir e\u015f; ini\u015fleri, \u00e7\u0131k\u0131\u015flar\u0131, krizleriyle elli y\u0131ld\u0131r devam eden bir evlilik, birlikte yeti\u015ftirilmi\u015f \u00fc\u00e7\u00e7ocuk\u2026 Aile sofralar\u0131nda, torunlar\u0131yla sakin bir sonbahara haz\u0131rland\u0131\u011f\u0131n\u0131 zannederken, birdenbire kar\u015f\u0131s\u0131na\u00e7\u0131kan, bilmedi\u011fi, kapkara bir ak\u0131\u015f\u0131n i\u00e7inde y\u0131llarca zulme u\u011frad\u0131\u011f\u0131, \u015fiddet g\u00f6rd\u00fc\u011f\u00fc ger\u00e7e\u011fi. An\u0131lar, alt \u00fcstolu\u015flar, \u00e7ocuklar\u0131n\u0131 da saran \u015f\u00fcpheler, \u00e7eli\u015fkiler\u2026 Ve davan\u0131n kamuya a\u00e7\u0131k g\u00f6r\u00fclmesi karar\u0131n\u0131n ard\u0131ndanetraf\u0131nda kenetlenen kad\u0131nlardan ald\u0131\u011f\u0131 g\u00fc\u00e7.Ya\u015fama \u00d6vg\u00fc, bir kad\u0131n\u0131n, i\u00e7indeki g\u00fcc\u00fc ad\u0131m ad\u0131m ke\u015ffetmesinin ve d\u00fcnyan\u0131n g\u00f6zleri \u00f6n\u00fcnde t\u00fcm zulmeu\u011frayanlar\u0131n etraf\u0131nda kenetlendi\u011fi bir fig\u00fcre d\u00f6n\u00fc\u015fmesinin hik\u00e2yesi.Te\u015fekk\u00fcrler Gis\u00e8le. Zarafetle anlatt\u0131\u011f\u0131n\u0131z bu hik\u00e2yeyle hepimize cesaret verdiniz. Ya\u015fas\u0131n k\u0131zkarde\u015fli\u011fimiz!<\/p>\n","protected":false},"excerpt":{"rendered":"<p>Gis\u00e8le Pelicot\u2019yu t\u00fcm d\u00fcnya 2024 y\u0131l\u0131nda tan\u0131d\u0131: Evli oldu\u011fu erkek dokuz y\u0131l boyunca Gis\u00e8le\u2019e bilgisi d\u0131\u015f\u0131ndauyu\u015fturucular vermi\u015f ve bilincini kaybetmi\u015f haldeyken onlarca erke\u011fin ona tecav\u00fcz etmesine<span class=\"excerpt-hellip\"> [\u2026]<\/span><\/p>\n","protected":false},"featured_media":0,"template":"","meta":{"_monsterinsights_skip_tracking":false,"_monsterinsights_sitenote_active":false,"_monsterinsights_sitenote_note":"","_monsterinsights_sitenote_category":0},"product_brand":[],"product_cat":[12364,12376],"product_tag":[],"class_list":{"0":"post-783229","1":"product","2":"type-product","3":"status-publish","5":"product_cat-genel-konular","6":"product_cat-kisisel-gelisim","7":"pa_cilt-ciltsiz","8":"pa_tur-kitap","9":"pa_yayinevi-everest-yayinlari","10":"pa_yazar-gisele-pelicot","12":"first","13":"instock","14":"sale","15":"shipping-taxable","16":"purchasable","17":"product-type-simple"},"_links":{"self":[{"href":"https:\/\/roveyayinevi.com.tr\/index.php\/wp-json\/wp\/v2\/product\/783229","targetHints":{"allow":["GET"]}}],"collection":[{"href":"https:\/\/roveyayinevi.com.tr\/index.php\/wp-json\/wp\/v2\/product"}],"about":[{"href":"https:\/\/roveyayinevi.com.tr\/index.php\/wp-json\/wp\/v2\/types\/product"}],"wp:attachment":[{"href":"https:\/\/roveyayinevi.com.tr\/index.php\/wp-json\/wp\/v2\/media?parent=783229"}],"wp:term":[{"taxonomy":"product_brand","embeddable":true,"href":"https:\/\/roveyayinevi.com.tr\/index.php\/wp-json\/wp\/v2\/product_brand?post=783229"},{"taxonomy":"product_cat","embeddable":true,"href":"https:\/\/roveyayinevi.com.tr\/index.php\/wp-json\/wp\/v2\/product_cat?post=783229"},{"taxonomy":"product_tag","embeddable":true,"href":"https:\/\/roveyayinevi.com.tr\/index.php\/wp-json\/wp\/v2\/product_tag?post=783229"}],"curies":[{"name":"wp","href":"https:\/\/api.w.org\/{rel}","templated":true}]}}