{"id":783228,"date":"2026-02-24T03:43:32","date_gmt":"2026-02-24T00:43:32","guid":{"rendered":"https:\/\/roveyayinevi.com.tr\/index.php\/urun\/turk-tarihinden-hakikatler-ve-hikayeler\/"},"modified":"2026-04-15T03:46:11","modified_gmt":"2026-04-15T00:46:11","slug":"turk-tarihinden-hakikatler-ve-hikayeler","status":"publish","type":"product","link":"https:\/\/roveyayinevi.com.tr\/index.php\/urun\/turk-tarihinden-hakikatler-ve-hikayeler\/","title":{"rendered":"T\u00fcrk Tarihinden Hakikatler ve Hik\u00e2yeler"},"content":{"rendered":"<p>B\u0130LD\u0130KLER\u0130N\u0130Z\u0130 UNUTMAYA VE GE\u00c7M\u0130\u015e\u0130 \u00d6ZG\u00dcRCE YEN\u0130DEN D\u00dc\u015e\u00dcNMEYE HAZIR MISINIZ?*T\u00fcrk Kelimesinin Asl\u0131 Nedir?*T\u00fcrk Kavmi Nas\u0131l Do\u011fdu?*T\u00fcrk Soyunun Bask\u0131n \u00d6zellikleri Nelerdir?*T\u00fcrkiye\/T\u00fcrkistan Ne Demek?*Erken-T\u00fcrklerin \u0130lk Yurtlar\u0131 Nelerdir?*T\u00fcrk Piramitleri*T\u00fcrk Mumyalar\u0131*Hz. Zulkarneyn T\u00fcrk Kavmine G\u00f6nderilen Peygamber mi?*Hz. \u0130brahim RIb Haplogruplu Bir Sumer T\u00fcrk\u2019\u00fcd\u00fcr.*Hz. \u0130brahim Neslinden Hz. Muhammed T\u00fcrk m\u00fcd\u00fcr?*Sumerliler T\u00fcrk m\u00fcd\u00fcr?*Tarihte T\u00fcrk Ad\u0131yla An\u0131lan \u0130lk Devletler*T\u00fcrkl\u00fc\u011f\u00fcn Atas\u0131 Yafes\u2019in R\u00fcyas\u0131*Gazneli Mahmud ile K\u00f6lesi Ayaz*Emeksiz Kazan\u00e7*Bre Do\u011fan! Bre Do\u011fan! *K\u00f6r \u0130le Topal\u0131n Hik\u00e2yesi*Fatih Sultan Mehmet ve Kad\u0131*Cami Yan\u0131na Kilise*Anan Ne Giyinsin S\u00fcleyman? T\u00fcrk tarihi ve k\u00fclt\u00fcr\u00fc konusunda zengin ve \u00e7ok \u015fey \u00f6\u011frenece\u011finiz bir eser\u2026<\/p>\n","protected":false},"excerpt":{"rendered":"<p>B\u0130LD\u0130KLER\u0130N\u0130Z\u0130 UNUTMAYA VE GE\u00c7M\u0130\u015e\u0130 \u00d6ZG\u00dcRCE YEN\u0130DEN D\u00dc\u015e\u00dcNMEYE HAZIR MISINIZ?*T\u00fcrk Kelimesinin Asl\u0131 Nedir?*T\u00fcrk Kavmi Nas\u0131l Do\u011fdu?*T\u00fcrk Soyunun Bask\u0131n \u00d6zellikleri Nelerdir?*T\u00fcrkiye\/T\u00fcrkistan Ne Demek?*Erken-T\u00fcrklerin \u0130lk Yurtlar\u0131 Nelerdir?*T\u00fcrk Piramitleri*T\u00fcrk Mumyalar\u0131*Hz.<span class=\"excerpt-hellip\"> [\u2026]<\/span><\/p>\n","protected":false},"featured_media":0,"template":"","meta":{"_monsterinsights_skip_tracking":false,"_monsterinsights_sitenote_active":false,"_monsterinsights_sitenote_note":"","_monsterinsights_sitenote_category":0},"product_brand":[],"product_cat":[12304,13650],"product_tag":[],"class_list":{"0":"post-783228","1":"product","2":"type-product","3":"status-publish","5":"product_cat-tarih","6":"product_cat-turk-tarihi-arastirmalari","7":"pa_cilt-ciltsiz","8":"pa_tur-kitap","9":"pa_yayinevi-gulnar-yayinlari","10":"pa_yazar-selcuk-silsupur","12":"first","13":"instock","14":"sale","15":"shipping-taxable","16":"purchasable","17":"product-type-simple"},"_links":{"self":[{"href":"https:\/\/roveyayinevi.com.tr\/index.php\/wp-json\/wp\/v2\/product\/783228","targetHints":{"allow":["GET"]}}],"collection":[{"href":"https:\/\/roveyayinevi.com.tr\/index.php\/wp-json\/wp\/v2\/product"}],"about":[{"href":"https:\/\/roveyayinevi.com.tr\/index.php\/wp-json\/wp\/v2\/types\/product"}],"wp:attachment":[{"href":"https:\/\/roveyayinevi.com.tr\/index.php\/wp-json\/wp\/v2\/media?parent=783228"}],"wp:term":[{"taxonomy":"product_brand","embeddable":true,"href":"https:\/\/roveyayinevi.com.tr\/index.php\/wp-json\/wp\/v2\/product_brand?post=783228"},{"taxonomy":"product_cat","embeddable":true,"href":"https:\/\/roveyayinevi.com.tr\/index.php\/wp-json\/wp\/v2\/product_cat?post=783228"},{"taxonomy":"product_tag","embeddable":true,"href":"https:\/\/roveyayinevi.com.tr\/index.php\/wp-json\/wp\/v2\/product_tag?post=783228"}],"curies":[{"name":"wp","href":"https:\/\/api.w.org\/{rel}","templated":true}]}}