{"id":783226,"date":"2026-02-24T03:43:25","date_gmt":"2026-02-24T00:43:25","guid":{"rendered":"https:\/\/roveyayinevi.com.tr\/index.php\/urun\/insan-iliskileri-uzerine-bozkirin-sozleri-1\/"},"modified":"2026-04-15T03:46:11","modified_gmt":"2026-04-15T00:46:11","slug":"insan-iliskileri-uzerine-bozkirin-sozleri-1","status":"publish","type":"product","link":"https:\/\/roveyayinevi.com.tr\/index.php\/urun\/insan-iliskileri-uzerine-bozkirin-sozleri-1\/","title":{"rendered":"\u0130nsan \u0130li\u015fkileri \u00dczerine Bozk\u0131r\u0131n S\u00f6zleri-1"},"content":{"rendered":"<p>Bir \u00f6m\u00fcr, bo\u015flukta savrulan yaprak gibi ge\u00e7ip gitmemelidir.\u0130nsan\u0131 ayakta tutan yaln\u0131zca ekmek, su ya da para de\u011fil; do\u011fru kararlar, sa\u011flam de\u011ferler ve inan\u00e7la y\u00fcr\u00fcnm\u00fc\u015f bir yoldur.Bu kitap, sana kendini hat\u0131rlatmak; zaman\u0131n\u0131, g\u00fcc\u00fcn\u00fc ve inanc\u0131n\u0131 do\u011fru yere harcaman i\u00e7in bir rehberdir.Hayat\u0131n\u0131n mimar\u0131 sensin.Unutma: Bir g\u00fcn son s\u00f6z s\u00f6ylenecek.Ve o g\u00fcn geldi\u011finde, ard\u0131nda b\u0131rakaca\u011f\u0131n miras; iyi niyetin, hayra vesile olan i\u015flerin ve ya\u015fatt\u0131\u011f\u0131n g\u00fczellikler olsun.Gerisi r\u00fczg\u00e2ra kar\u0131\u015f\u0131r gider\u2026<\/p>\n","protected":false},"excerpt":{"rendered":"<p>Bir \u00f6m\u00fcr, bo\u015flukta savrulan yaprak gibi ge\u00e7ip gitmemelidir.\u0130nsan\u0131 ayakta tutan yaln\u0131zca ekmek, su ya da para de\u011fil; do\u011fru kararlar, sa\u011flam de\u011ferler ve inan\u00e7la y\u00fcr\u00fcnm\u00fc\u015f bir yoldur.Bu<span class=\"excerpt-hellip\"> [\u2026]<\/span><\/p>\n","protected":false},"featured_media":0,"template":"","meta":{"_monsterinsights_skip_tracking":false,"_monsterinsights_sitenote_active":false,"_monsterinsights_sitenote_note":"","_monsterinsights_sitenote_category":0},"product_brand":[],"product_cat":[12777,12291],"product_tag":[],"class_list":{"0":"post-783226","1":"product","2":"type-product","3":"status-publish","5":"product_cat-deneme","6":"product_cat-edebiyat","7":"pa_cilt-ciltsiz","8":"pa_tur-kitap","9":"pa_yayinevi-gulnar-yayinlari","10":"pa_yazar-mehmet-turan","12":"first","13":"instock","14":"sale","15":"shipping-taxable","16":"purchasable","17":"product-type-simple"},"_links":{"self":[{"href":"https:\/\/roveyayinevi.com.tr\/index.php\/wp-json\/wp\/v2\/product\/783226","targetHints":{"allow":["GET"]}}],"collection":[{"href":"https:\/\/roveyayinevi.com.tr\/index.php\/wp-json\/wp\/v2\/product"}],"about":[{"href":"https:\/\/roveyayinevi.com.tr\/index.php\/wp-json\/wp\/v2\/types\/product"}],"wp:attachment":[{"href":"https:\/\/roveyayinevi.com.tr\/index.php\/wp-json\/wp\/v2\/media?parent=783226"}],"wp:term":[{"taxonomy":"product_brand","embeddable":true,"href":"https:\/\/roveyayinevi.com.tr\/index.php\/wp-json\/wp\/v2\/product_brand?post=783226"},{"taxonomy":"product_cat","embeddable":true,"href":"https:\/\/roveyayinevi.com.tr\/index.php\/wp-json\/wp\/v2\/product_cat?post=783226"},{"taxonomy":"product_tag","embeddable":true,"href":"https:\/\/roveyayinevi.com.tr\/index.php\/wp-json\/wp\/v2\/product_tag?post=783226"}],"curies":[{"name":"wp","href":"https:\/\/api.w.org\/{rel}","templated":true}]}}