{"id":783225,"date":"2026-02-24T03:43:21","date_gmt":"2026-02-24T00:43:21","guid":{"rendered":"https:\/\/roveyayinevi.com.tr\/index.php\/urun\/antik-donemlerden-sanayi-sonrasi-topluma-kadin\/"},"modified":"2026-04-15T03:46:10","modified_gmt":"2026-04-15T00:46:10","slug":"antik-donemlerden-sanayi-sonrasi-topluma-kadin","status":"publish","type":"product","link":"https:\/\/roveyayinevi.com.tr\/index.php\/urun\/antik-donemlerden-sanayi-sonrasi-topluma-kadin\/","title":{"rendered":"Antik D\u00f6nemlerden Sanayi Sonras\u0131 Topluma Kad\u0131n"},"content":{"rendered":"<p>\u0130\u00e7indekiler : \u00b7 Akademide Yeni \u0130ktidar Bi\u00e7imi Olarak Tahakk\u00fcmc\u00fc \u2018Kad\u0131n G\u00fcc\u00fc\u2019: M\u00fcdahaleci Kad\u0131n Akademisyen Fig\u00fcr\u00fcn\u00fcn Felsefi Analizi \u00b7 Modern Pagan D\u00fcnya G\u00f6r\u00fc\u015flerinde Cinsiyet ve Cinsellik Alg\u0131s\u0131 \u00b7 Antik Siyasi D\u00f6nemden Ayd\u0131nlanma \u00c7a\u011f\u0131na Kad\u0131n\u0131n Toplumsal ve Siyasal Konumu \u00b7 Sapk\u0131nl\u0131k Evreninde Kad\u0131nl\u0131k Hali: \u0130nsan\u0131n Karanl\u0131k Tarihi \u00b7 Antik ve Modern Metinlerde K\u00f6t\u00fcl\u00fc\u011f\u00fcn Cinsiyeti: Kad\u0131n \u00b7 Stoa Felsefesinde Kad\u0131n ve G\u00fcn\u00fcm\u00fcz Bak\u0131\u015f A\u00e7\u0131s\u0131ndan Toplumsal Cinsiyet E\u015fitli\u011fi \u00b7 Antik Roma\u2019da Aile Kavram\u0131 ve Pater Familias \u00b7 Nussbaum\u2019un Yapabilirlikler Yakla\u015f\u0131m\u0131yla Kad\u0131n Sorununu D\u00fc\u015f\u00fcnmek \u00b7 Eril Melankoli, Di\u015fil Travma: Psikanalizde Kad\u0131nl\u0131\u011f\u0131n \u0130mk\u00e2n\u0131 \u00b7 Ba\u011flanma(k): Feminist Bir Perspektiften \u0130li\u015fkisel \u00d6znelli\u011fin \u0130n\u015fas\u0131 \u00b7 Google Gemini Hik\u00e2yelerinde S\u00fcrd\u00fcr\u00fclebilirli\u011fin Cinsiyetlendirilmi\u015f Temsili \u00b7 \u00dcretimin G\u00f6r\u00fcnmeyen Y\u00fcz\u00fc: Tar\u0131mda Kad\u0131n Eme\u011fi<\/p>\n","protected":false},"excerpt":{"rendered":"<p>\u0130\u00e7indekiler : \u00b7 Akademide Yeni \u0130ktidar Bi\u00e7imi Olarak Tahakk\u00fcmc\u00fc \u2018Kad\u0131n G\u00fcc\u00fc\u2019: M\u00fcdahaleci Kad\u0131n Akademisyen Fig\u00fcr\u00fcn\u00fcn Felsefi Analizi \u00b7 Modern Pagan D\u00fcnya G\u00f6r\u00fc\u015flerinde Cinsiyet ve Cinsellik Alg\u0131s\u0131<span class=\"excerpt-hellip\"> [\u2026]<\/span><\/p>\n","protected":false},"featured_media":0,"template":"","meta":{"_monsterinsights_skip_tracking":false,"_monsterinsights_sitenote_active":false,"_monsterinsights_sitenote_note":"","_monsterinsights_sitenote_category":0},"product_brand":[],"product_cat":[13005,40995],"product_tag":[],"class_list":{"0":"post-783225","1":"product","2":"type-product","3":"status-publish","5":"product_cat-bilim-muhendislik","6":"product_cat-sosyal-bilimler","7":"pa_cilt-ciltsiz","8":"pa_tur-kitap","9":"pa_yayinevi-gazi-kitabevi","10":"pa_yazar-kolektif","12":"first","13":"instock","14":"sale","15":"shipping-taxable","16":"purchasable","17":"product-type-simple"},"_links":{"self":[{"href":"https:\/\/roveyayinevi.com.tr\/index.php\/wp-json\/wp\/v2\/product\/783225","targetHints":{"allow":["GET"]}}],"collection":[{"href":"https:\/\/roveyayinevi.com.tr\/index.php\/wp-json\/wp\/v2\/product"}],"about":[{"href":"https:\/\/roveyayinevi.com.tr\/index.php\/wp-json\/wp\/v2\/types\/product"}],"wp:attachment":[{"href":"https:\/\/roveyayinevi.com.tr\/index.php\/wp-json\/wp\/v2\/media?parent=783225"}],"wp:term":[{"taxonomy":"product_brand","embeddable":true,"href":"https:\/\/roveyayinevi.com.tr\/index.php\/wp-json\/wp\/v2\/product_brand?post=783225"},{"taxonomy":"product_cat","embeddable":true,"href":"https:\/\/roveyayinevi.com.tr\/index.php\/wp-json\/wp\/v2\/product_cat?post=783225"},{"taxonomy":"product_tag","embeddable":true,"href":"https:\/\/roveyayinevi.com.tr\/index.php\/wp-json\/wp\/v2\/product_tag?post=783225"}],"curies":[{"name":"wp","href":"https:\/\/api.w.org\/{rel}","templated":true}]}}