{"id":783222,"date":"2026-02-24T03:30:26","date_gmt":"2026-02-24T00:30:26","guid":{"rendered":"https:\/\/roveyayinevi.com.tr\/index.php\/urun\/ust-duzey-dusunme-becerilerini-gelistirme-stratejileri\/"},"modified":"2026-04-06T03:32:42","modified_gmt":"2026-04-06T00:32:42","slug":"ust-duzey-dusunme-becerilerini-gelistirme-stratejileri","status":"publish","type":"product","link":"https:\/\/roveyayinevi.com.tr\/index.php\/urun\/ust-duzey-dusunme-becerilerini-gelistirme-stratejileri\/","title":{"rendered":"\u00dcst D\u00fczey D\u00fc\u015f\u00fcnme Becerilerini Geli\u015ftirme Stratejileri"},"content":{"rendered":"<p>21. y\u00fczy\u0131lda bilgi ve teknoloji kullan\u0131m\u0131n\u0131n h\u0131zla artmas\u0131yla birlikte yeni ve \u00fcst d\u00fczey becerilere ihtiya\u00e7 duyulmaktad\u0131r. Nitekim TIMSS ve PISA gibi uluslararas\u0131 s\u0131navlarda \u00f6\u011frencilerin \u00fcst d\u00fczey d\u00fc\u015f\u00fcnme becerilerinin \u00f6l\u00e7\u00fclmesine odaklan\u0131lmaktad\u0131r. Bu beceriler de hat\u0131rlama ve anlama gibi becerilerden \u00e7ok \u00f6\u011frenilen bilgiyi yeni durumlara uyarlama, bir sorunu par\u00e7alara ay\u0131rarak \u00e7\u00f6zme, bilginin kayna\u011f\u0131n\u0131 sorgulama gibi becerileri kapsamaktad\u0131r. Dolay\u0131s\u0131yla hem ulusal hem de uluslararas\u0131 d\u00fczeyde rekabet g\u00fcc\u00fcm\u00fcz\u00fc art\u0131rmak amac\u0131yla bu becerilerin geli\u015ftirilmesine odaklanmak gerekmektedir. Bu kitap s\u00f6z\u00fc edilen becerilerin geli\u015ftirilmesi ve dikkate al\u0131nmas\u0131 amac\u0131yla \u00f6\u011fretmenler, ara\u015ft\u0131rmac\u0131lar ve ebeveynler i\u00e7in bir destek niteli\u011findedir.<\/p>\n","protected":false},"excerpt":{"rendered":"<p>21. y\u00fczy\u0131lda bilgi ve teknoloji kullan\u0131m\u0131n\u0131n h\u0131zla artmas\u0131yla birlikte yeni ve \u00fcst d\u00fczey becerilere ihtiya\u00e7 duyulmaktad\u0131r. Nitekim TIMSS ve PISA gibi uluslararas\u0131 s\u0131navlarda \u00f6\u011frencilerin \u00fcst d\u00fczey<span class=\"excerpt-hellip\"> [\u2026]<\/span><\/p>\n","protected":false},"featured_media":0,"template":"","meta":{"_monsterinsights_skip_tracking":false,"_monsterinsights_sitenote_active":false,"_monsterinsights_sitenote_note":"","_monsterinsights_sitenote_category":0},"product_brand":[],"product_cat":[12567,12566],"product_tag":[],"class_list":{"0":"post-783222","1":"product","2":"type-product","3":"status-publish","5":"product_cat-diger-egitim","6":"product_cat-egitim","7":"pa_cilt-ciltsiz","8":"pa_tur-kitap","9":"pa_yayinevi-ani-yayincilik","10":"pa_yazar-kolektif","12":"first","13":"instock","14":"sale","15":"shipping-taxable","16":"purchasable","17":"product-type-simple"},"_links":{"self":[{"href":"https:\/\/roveyayinevi.com.tr\/index.php\/wp-json\/wp\/v2\/product\/783222","targetHints":{"allow":["GET"]}}],"collection":[{"href":"https:\/\/roveyayinevi.com.tr\/index.php\/wp-json\/wp\/v2\/product"}],"about":[{"href":"https:\/\/roveyayinevi.com.tr\/index.php\/wp-json\/wp\/v2\/types\/product"}],"wp:attachment":[{"href":"https:\/\/roveyayinevi.com.tr\/index.php\/wp-json\/wp\/v2\/media?parent=783222"}],"wp:term":[{"taxonomy":"product_brand","embeddable":true,"href":"https:\/\/roveyayinevi.com.tr\/index.php\/wp-json\/wp\/v2\/product_brand?post=783222"},{"taxonomy":"product_cat","embeddable":true,"href":"https:\/\/roveyayinevi.com.tr\/index.php\/wp-json\/wp\/v2\/product_cat?post=783222"},{"taxonomy":"product_tag","embeddable":true,"href":"https:\/\/roveyayinevi.com.tr\/index.php\/wp-json\/wp\/v2\/product_tag?post=783222"}],"curies":[{"name":"wp","href":"https:\/\/api.w.org\/{rel}","templated":true}]}}