{"id":783221,"date":"2026-02-24T03:29:52","date_gmt":"2026-02-24T00:29:52","guid":{"rendered":"https:\/\/roveyayinevi.com.tr\/index.php\/urun\/okul-oncesi-cocuklar-icin-is-sagligi-ve-guvenligi\/"},"modified":"2026-04-15T03:32:04","modified_gmt":"2026-04-15T00:32:04","slug":"okul-oncesi-cocuklar-icin-is-sagligi-ve-guvenligi","status":"publish","type":"product","link":"https:\/\/roveyayinevi.com.tr\/index.php\/urun\/okul-oncesi-cocuklar-icin-is-sagligi-ve-guvenligi\/","title":{"rendered":"Okul \u00d6ncesi \u00c7ocuklar \u0130\u00e7in \u0130\u015f Sa\u011fl\u0131\u011f\u0131 ve G\u00fcvenli\u011fi"},"content":{"rendered":"<p>\u00c7ocuklar ya\u015famlar\u0131n\u0131n b\u00fcy\u00fck bir \u00e7o\u011funlu\u011funu e\u011fitim kurumlar\u0131nda ge\u00e7irmektedir. E\u011fitim kurumlar\u0131n\u0131n sa\u011fl\u0131kl\u0131 ve g\u00fcvenilir ortamlar olmas\u0131 \u00e7ocuklar\u0131n geli\u015fimleri a\u00e7\u0131s\u0131ndan \u00f6nemlidir. G\u00fcvenli bir ortam, \u00e7ocuklar\u0131n sa\u011fl\u0131kl\u0131 ve mutlu bir \u015fekilde b\u00fcy\u00fcmeleri sa\u011flarken, \u00e7ocuklar\u0131n ihtiya\u00e7lar\u0131n\u0131 kar\u015f\u0131lamaya ve potansiyel risklerden korunmalar\u0131na da olanak sa\u011flar. E\u011fitim al\u0131nan kurumlar\u0131n gerekli standartlara sahip olmas\u0131, mevcut risklerin saptanarak \u00f6nlemlerin al\u0131nmas\u0131, personelin gerekli bilgi ve becerileri sahip olmalar\u0131 \u00e7ocuklar\u0131n kendine g\u00fcvenen mutlu ve sa\u011fl\u0131kl\u0131 bireyler olmalar\u0131na da katk\u0131 sa\u011flar. \u0130\u015f sa\u011fl\u0131\u011f\u0131 ve g\u00fcvenli\u011fi bu ba\u011flamda e\u011fitim kurumlar\u0131n\u0131n fiziksel g\u00fcvenli\u011fi kar\u015f\u0131layarak ayn\u0131 zamanda \u00e7ocuklar\u0131n tehlikeler kar\u015f\u0131s\u0131nda bilin\u00e7li olmalar\u0131 ve uygun davran\u0131\u015flar geli\u015ftirmelerine yard\u0131mc\u0131 olmay\u0131 da i\u00e7ermektedir. K\u0131sacas\u0131 i\u015f sa\u011fl\u0131\u011f\u0131 ve g\u00fcvenli\u011fi \u00e7ocuklar\u0131n sa\u011fl\u0131kl\u0131 bir geli\u015fim s\u00fcreci ge\u00e7irmeleri i\u00e7in vazge\u00e7ilmezdir.<\/p>\n","protected":false},"excerpt":{"rendered":"<p>\u00c7ocuklar ya\u015famlar\u0131n\u0131n b\u00fcy\u00fck bir \u00e7o\u011funlu\u011funu e\u011fitim kurumlar\u0131nda ge\u00e7irmektedir. E\u011fitim kurumlar\u0131n\u0131n sa\u011fl\u0131kl\u0131 ve g\u00fcvenilir ortamlar olmas\u0131 \u00e7ocuklar\u0131n geli\u015fimleri a\u00e7\u0131s\u0131ndan \u00f6nemlidir. G\u00fcvenli bir ortam, \u00e7ocuklar\u0131n sa\u011fl\u0131kl\u0131 ve mutlu<span class=\"excerpt-hellip\"> [\u2026]<\/span><\/p>\n","protected":false},"featured_media":0,"template":"","meta":{"_monsterinsights_skip_tracking":false,"_monsterinsights_sitenote_active":false,"_monsterinsights_sitenote_note":"","_monsterinsights_sitenote_category":0},"product_brand":[],"product_cat":[12573,12566],"product_tag":[],"class_list":{"0":"post-783221","1":"product","2":"type-product","3":"status-publish","5":"product_cat-akademik-kitaplar","6":"product_cat-egitim","7":"pa_cilt-ciltsiz","8":"pa_tur-kitap","9":"pa_yayinevi-egiten-kitap","10":"pa_yazar-kolektif","12":"first","13":"instock","14":"sale","15":"shipping-taxable","16":"purchasable","17":"product-type-simple"},"_links":{"self":[{"href":"https:\/\/roveyayinevi.com.tr\/index.php\/wp-json\/wp\/v2\/product\/783221","targetHints":{"allow":["GET"]}}],"collection":[{"href":"https:\/\/roveyayinevi.com.tr\/index.php\/wp-json\/wp\/v2\/product"}],"about":[{"href":"https:\/\/roveyayinevi.com.tr\/index.php\/wp-json\/wp\/v2\/types\/product"}],"wp:attachment":[{"href":"https:\/\/roveyayinevi.com.tr\/index.php\/wp-json\/wp\/v2\/media?parent=783221"}],"wp:term":[{"taxonomy":"product_brand","embeddable":true,"href":"https:\/\/roveyayinevi.com.tr\/index.php\/wp-json\/wp\/v2\/product_brand?post=783221"},{"taxonomy":"product_cat","embeddable":true,"href":"https:\/\/roveyayinevi.com.tr\/index.php\/wp-json\/wp\/v2\/product_cat?post=783221"},{"taxonomy":"product_tag","embeddable":true,"href":"https:\/\/roveyayinevi.com.tr\/index.php\/wp-json\/wp\/v2\/product_tag?post=783221"}],"curies":[{"name":"wp","href":"https:\/\/api.w.org\/{rel}","templated":true}]}}