{"id":783220,"date":"2026-02-24T03:23:18","date_gmt":"2026-02-24T00:23:18","guid":{"rendered":"https:\/\/roveyayinevi.com.tr\/index.php\/urun\/okul-oncesi-egitimde-oyun-2\/"},"modified":"2026-04-16T03:12:34","modified_gmt":"2026-04-16T00:12:34","slug":"okul-oncesi-egitimde-oyun-2","status":"publish","type":"product","link":"https:\/\/roveyayinevi.com.tr\/index.php\/urun\/okul-oncesi-egitimde-oyun-2\/","title":{"rendered":"Okul \u00d6ncesi E\u011fitimde Oyun"},"content":{"rendered":"<p>Bu kitapta oyun, oyunlar\u0131n \u00f6zellikleri, oyunun tarihsel geli\u015fim a\u015famalar\u0131, oyun teorileri, oyunlara y\u00f6nelik g\u00f6r\u00fc\u015fler, oyun kuramlar\u0131, oyun t\u00fcrleri, oyun geli\u015fimi \u00fczerine ayr\u0131nt\u0131l\u0131 olarak tart\u0131\u015f\u0131lm\u0131\u015ft\u0131r. Bili\u015fsel, sosyal-duygusal, fiziksel ve motor geli\u015fim becerilerinin oyun yoluyla nas\u0131l desteklenebilece\u011fi detayland\u0131r\u0131lm\u0131\u015ft\u0131r.   \u00c7ocuklar\u0131n oyun alanlar\u0131nda ve \u00f6\u011frenme merkezlerindeki oyunlar\u0131na odaklan\u0131larak oyun materyalleri, oyuncaklar, oyun t\u00fcrlerinde oyun materyalleri sunulmu\u015ftur. Erken \u00e7ocukluk e\u011fitim programlar\u0131nda yer alan baz\u0131 yakla\u015f\u0131mlar a\u00e7\u0131klanm\u0131\u015ft\u0131r. Oyun temelli \u00f6\u011frenme, oyun terapisi ve son zamanlarda \u00e7ok fazla tart\u0131\u015f\u0131lan dijital oyuna yer verilmi\u015ftir.<\/p>\n","protected":false},"excerpt":{"rendered":"<p>Bu kitapta oyun, oyunlar\u0131n \u00f6zellikleri, oyunun tarihsel geli\u015fim a\u015famalar\u0131, oyun teorileri, oyunlara y\u00f6nelik g\u00f6r\u00fc\u015fler, oyun kuramlar\u0131, oyun t\u00fcrleri, oyun geli\u015fimi \u00fczerine ayr\u0131nt\u0131l\u0131 olarak tart\u0131\u015f\u0131lm\u0131\u015ft\u0131r. Bili\u015fsel, sosyal-duygusal,<span class=\"excerpt-hellip\"> [\u2026]<\/span><\/p>\n","protected":false},"featured_media":0,"template":"","meta":{"_monsterinsights_skip_tracking":false,"_monsterinsights_sitenote_active":false,"_monsterinsights_sitenote_note":"","_monsterinsights_sitenote_category":0},"product_brand":[],"product_cat":[12573,12566],"product_tag":[],"class_list":{"0":"post-783220","1":"product","2":"type-product","3":"status-publish","5":"product_cat-akademik-kitaplar","6":"product_cat-egitim","7":"pa_cilt-ciltsiz","8":"pa_tur-kitap","9":"pa_yayinevi-egiten-kitap","10":"pa_yazar-kolektif","12":"first","13":"instock","14":"sale","15":"shipping-taxable","16":"purchasable","17":"product-type-simple"},"_links":{"self":[{"href":"https:\/\/roveyayinevi.com.tr\/index.php\/wp-json\/wp\/v2\/product\/783220","targetHints":{"allow":["GET"]}}],"collection":[{"href":"https:\/\/roveyayinevi.com.tr\/index.php\/wp-json\/wp\/v2\/product"}],"about":[{"href":"https:\/\/roveyayinevi.com.tr\/index.php\/wp-json\/wp\/v2\/types\/product"}],"wp:attachment":[{"href":"https:\/\/roveyayinevi.com.tr\/index.php\/wp-json\/wp\/v2\/media?parent=783220"}],"wp:term":[{"taxonomy":"product_brand","embeddable":true,"href":"https:\/\/roveyayinevi.com.tr\/index.php\/wp-json\/wp\/v2\/product_brand?post=783220"},{"taxonomy":"product_cat","embeddable":true,"href":"https:\/\/roveyayinevi.com.tr\/index.php\/wp-json\/wp\/v2\/product_cat?post=783220"},{"taxonomy":"product_tag","embeddable":true,"href":"https:\/\/roveyayinevi.com.tr\/index.php\/wp-json\/wp\/v2\/product_tag?post=783220"}],"curies":[{"name":"wp","href":"https:\/\/api.w.org\/{rel}","templated":true}]}}