{"id":783213,"date":"2026-02-23T13:19:49","date_gmt":"2026-02-23T10:19:49","guid":{"rendered":"https:\/\/roveyayinevi.com.tr\/index.php\/urun\/kaderin-izleri\/"},"modified":"2026-04-15T03:47:35","modified_gmt":"2026-04-15T00:47:35","slug":"kaderin-izleri","status":"publish","type":"product","link":"https:\/\/roveyayinevi.com.tr\/index.php\/urun\/kaderin-izleri\/","title":{"rendered":"Kaderin \u0130zleri"},"content":{"rendered":"<p>Bazen tek g\u00fcnah\u0131m\u0131z bizi \u00f6ld\u00fcrmek isteyen birini sevmek olabilir. Masal, herkesin imrendi\u011fi bir hayata sahip Altun ailesinin d\u00f6rt ya\u015f b\u00fcy\u00fck o\u011flu Akel ile kaderi i\u00e7 i\u00e7e ge\u00e7mi\u015f bir gen\u00e7 k\u0131zd\u0131. T\u00fcrkiye\u2019de ba\u015flayan lise y\u0131llar\u0131, kimsenin engel olamayaca\u011f\u0131 derin bir a\u015fka yelken a\u00e7malar\u0131n\u0131 sa\u011flad\u0131. Fakat Masal\u2019\u0131n annesinin yapt\u0131\u011f\u0131 b\u00fcy\u00fck bir hata t\u00fcm mutluluklar\u0131n\u0131 yerle bir etti.Bu affedilmez kaza y\u00fcz\u00fcnden Alt\u0131n ailesinin tek o\u011flu Akel, Masal\u2019a duydu\u011fu sevgiyi a\u011f\u0131r bir nefrete d\u00f6n\u00fc\u015ft\u00fcrd\u00fc. Masal ise ailesinin deste\u011fiyle, Akel\u2019in \u00f6fkesinden ka\u00e7mak ve zorlu bir hayat m\u00fccadelesi vermek \u00fczere Londro\u2019ya gitmek zorunda kald\u0131.O, a\u015fk\u0131n\u0131n izlerini silmek i\u00e7in ka\u00e7arken, Akel ise bedel \u00f6detmek i\u00e7in pe\u015findeydi.Birbirini \u00e7ok seven fakat affedemeyen iki ki\u015finin hik\u00e2yesini okumaya haz\u0131r m\u0131s\u0131n\u0131z?<\/p>\n","protected":false},"excerpt":{"rendered":"<p>Bazen tek g\u00fcnah\u0131m\u0131z bizi \u00f6ld\u00fcrmek isteyen birini sevmek olabilir. Masal, herkesin imrendi\u011fi bir hayata sahip Altun ailesinin d\u00f6rt ya\u015f b\u00fcy\u00fck o\u011flu Akel ile kaderi i\u00e7 i\u00e7e<span class=\"excerpt-hellip\"> [\u2026]<\/span><\/p>\n","protected":false},"featured_media":0,"template":"","meta":{"_monsterinsights_skip_tracking":false,"_monsterinsights_sitenote_active":false,"_monsterinsights_sitenote_note":"","_monsterinsights_sitenote_category":0},"product_brand":[],"product_cat":[12291,12711],"product_tag":[],"class_list":{"0":"post-783213","1":"product","2":"type-product","3":"status-publish","5":"product_cat-edebiyat","6":"product_cat-roman-oyku","7":"pa_cilt-ciltsiz","8":"pa_tur-kitap","9":"pa_yayinevi-zet-yayinlari","10":"pa_yazar-sara-gaygisiz","12":"first","13":"instock","14":"sale","15":"shipping-taxable","16":"purchasable","17":"product-type-simple"},"_links":{"self":[{"href":"https:\/\/roveyayinevi.com.tr\/index.php\/wp-json\/wp\/v2\/product\/783213","targetHints":{"allow":["GET"]}}],"collection":[{"href":"https:\/\/roveyayinevi.com.tr\/index.php\/wp-json\/wp\/v2\/product"}],"about":[{"href":"https:\/\/roveyayinevi.com.tr\/index.php\/wp-json\/wp\/v2\/types\/product"}],"wp:attachment":[{"href":"https:\/\/roveyayinevi.com.tr\/index.php\/wp-json\/wp\/v2\/media?parent=783213"}],"wp:term":[{"taxonomy":"product_brand","embeddable":true,"href":"https:\/\/roveyayinevi.com.tr\/index.php\/wp-json\/wp\/v2\/product_brand?post=783213"},{"taxonomy":"product_cat","embeddable":true,"href":"https:\/\/roveyayinevi.com.tr\/index.php\/wp-json\/wp\/v2\/product_cat?post=783213"},{"taxonomy":"product_tag","embeddable":true,"href":"https:\/\/roveyayinevi.com.tr\/index.php\/wp-json\/wp\/v2\/product_tag?post=783213"}],"curies":[{"name":"wp","href":"https:\/\/api.w.org\/{rel}","templated":true}]}}