{"id":783212,"date":"2026-02-23T13:19:44","date_gmt":"2026-02-23T10:19:44","guid":{"rendered":"https:\/\/roveyayinevi.com.tr\/index.php\/urun\/ihracatin-yasanmis-sirlari\/"},"modified":"2026-04-15T03:47:35","modified_gmt":"2026-04-15T00:47:35","slug":"ihracatin-yasanmis-sirlari","status":"publish","type":"product","link":"https:\/\/roveyayinevi.com.tr\/index.php\/urun\/ihracatin-yasanmis-sirlari\/","title":{"rendered":"\u0130hracat\u0131n Ya\u015fanm\u0131\u015f S\u0131rlar\u0131"},"content":{"rendered":"<p>Ben Mehmet Akt\u00fcrk.Akt\u00fcrk Group\u2019ta D\u0131\u015f Ticaretten Sorumlu Y\u00f6netim Kurulu \u00dcyesiyim.\u0130zmir\u2019de Dokuz Eyl\u00fcl \u00dcniversitesi \u0130\u015fletme b\u00f6l\u00fcm\u00fcn\u00fc bitirdim.Yakla\u015f\u0131k dokuz y\u0131ld\u0131r aktif olarak ihracat yap\u0131yorum.Bu s\u00fcre i\u00e7inde 45\u2019ten fazla \u00fclkeyi ziyaret ettim, y\u00fczlerce m\u00fc\u015fteriyle \u00e7al\u0131\u015ft\u0131m.Bu kitab\u0131 yazmam\u0131n nedeni \u00e7ok basit:\u0130hracat\u0131n zor olmad\u0131\u011f\u0131n\u0131 g\u00f6stermek.Ben ihracata ba\u015flad\u0131\u011f\u0131mda \u00f6n\u00fcmde net bir yol haritas\u0131 yoktu.Okuduklar\u0131m teoriyle s\u0131n\u0131rl\u0131yd\u0131, sahada bamba\u015fka \u015feyler ya\u015fan\u0131yordu.Y\u0131llar i\u00e7inde \u00f6\u011frendiklerimi, denediklerimi, hatalar\u0131m\u0131 ve ba\u015far\u0131lar\u0131m\u0131 bir araya getirip herkesin anlayabilece\u011fi bir dille anlatmak istedim.\u0130hracat, san\u0131ld\u0131\u011f\u0131 kadar karma\u015f\u0131k bir i\u015f de\u011fildir.Biraz cesaret, biraz sab\u0131r ve do\u011fru y\u00f6nlendirmeyle herkes bu i\u015fe ad\u0131m atabilir.Bu kitapta size ihracat\u0131n b\u00fct\u00fcn a\u015famalar\u0131n\u0131, en sade ve en pratik haliyle anlataca\u011f\u0131m.Ama sadece bilgi de\u011fil motivasyon da verece\u011fim.\u00c7\u00fcnk\u00fc inan\u0131yorum ki,Ba\u015far\u0131 bilgiyle de\u011fil, inan\u00e7la ba\u015flar.Bu sat\u0131rlar\u0131 okuyan herkesin i\u00e7inden ge\u00e7en \u015fu c\u00fcmleyi duyar gibiyim:\u201cAcaba ben de ihracat yapabilir miyim?\u201dCevab\u0131m net:<\/p>\n","protected":false},"excerpt":{"rendered":"<p>Ben Mehmet Akt\u00fcrk.Akt\u00fcrk Group\u2019ta D\u0131\u015f Ticaretten Sorumlu Y\u00f6netim Kurulu \u00dcyesiyim.\u0130zmir\u2019de Dokuz Eyl\u00fcl \u00dcniversitesi \u0130\u015fletme b\u00f6l\u00fcm\u00fcn\u00fc bitirdim.Yakla\u015f\u0131k dokuz y\u0131ld\u0131r aktif olarak ihracat yap\u0131yorum.Bu s\u00fcre i\u00e7inde 45\u2019ten fazla<span class=\"excerpt-hellip\"> [\u2026]<\/span><\/p>\n","protected":false},"featured_media":0,"template":"","meta":{"_monsterinsights_skip_tracking":false,"_monsterinsights_sitenote_active":false,"_monsterinsights_sitenote_note":"","_monsterinsights_sitenote_category":0},"product_brand":[],"product_cat":[12777,12291],"product_tag":[],"class_list":{"0":"post-783212","1":"product","2":"type-product","3":"status-publish","5":"product_cat-deneme","6":"product_cat-edebiyat","7":"pa_cilt-ciltsiz","8":"pa_tur-kitap","9":"pa_yayinevi-zet-yayinlari","10":"pa_yazar-mehmet-akturk","12":"first","13":"instock","14":"sale","15":"shipping-taxable","16":"purchasable","17":"product-type-simple"},"_links":{"self":[{"href":"https:\/\/roveyayinevi.com.tr\/index.php\/wp-json\/wp\/v2\/product\/783212","targetHints":{"allow":["GET"]}}],"collection":[{"href":"https:\/\/roveyayinevi.com.tr\/index.php\/wp-json\/wp\/v2\/product"}],"about":[{"href":"https:\/\/roveyayinevi.com.tr\/index.php\/wp-json\/wp\/v2\/types\/product"}],"wp:attachment":[{"href":"https:\/\/roveyayinevi.com.tr\/index.php\/wp-json\/wp\/v2\/media?parent=783212"}],"wp:term":[{"taxonomy":"product_brand","embeddable":true,"href":"https:\/\/roveyayinevi.com.tr\/index.php\/wp-json\/wp\/v2\/product_brand?post=783212"},{"taxonomy":"product_cat","embeddable":true,"href":"https:\/\/roveyayinevi.com.tr\/index.php\/wp-json\/wp\/v2\/product_cat?post=783212"},{"taxonomy":"product_tag","embeddable":true,"href":"https:\/\/roveyayinevi.com.tr\/index.php\/wp-json\/wp\/v2\/product_tag?post=783212"}],"curies":[{"name":"wp","href":"https:\/\/api.w.org\/{rel}","templated":true}]}}