{"id":783209,"date":"2026-02-23T13:19:31","date_gmt":"2026-02-23T10:19:31","guid":{"rendered":"https:\/\/roveyayinevi.com.tr\/index.php\/urun\/dunyalilar-bizi-buldu-3\/"},"modified":"2026-04-12T03:37:38","modified_gmt":"2026-04-12T00:37:38","slug":"dunyalilar-bizi-buldu-3","status":"publish","type":"product","link":"https:\/\/roveyayinevi.com.tr\/index.php\/urun\/dunyalilar-bizi-buldu-3\/","title":{"rendered":"D\u00fcnyal\u0131lar Bizi Buldu  3"},"content":{"rendered":"<p>Bir hik\u00e2yenin \u00fc\u00e7\u00fcnc\u00fc kez ba\u015flamas\u0131 bazen ilk ba\u015flang\u0131\u00e7tan daha zordur. \u00c7\u00fcnk\u00fc \u00fc\u00e7\u00fcnc\u00fc bir kitap, art\u0131k yaln\u0131zca bir anlat\u0131n\u0131n devam\u0131 de\u011fil; karakterlerin kaderinin, bir evrenin gelece\u011finin ve okurun kalbinde yer eden b\u00fct\u00fcn duygular\u0131n yeniden s\u0131nand\u0131\u011f\u0131 bir d\u00f6n\u00fcm noktas\u0131d\u0131r. Bu kitap da tam olarak b\u00f6yle bir noktadan do\u011fdu.Elinizde tuttu\u011funuz bu eser, yaln\u0131zca bir bilim kurgu roman\u0131n\u0131n devam\u0131 de\u011fil; ayn\u0131 zamanda, \u00f6nceki kitaplar\u0131n g\u00f6lgesinde kalmayan, kendi i\u00e7inde yeni sorular, yeni s\u0131rlar ve yeni felaketler ta\u015f\u0131yan bir yolculu\u011fun kap\u0131s\u0131d\u0131r. Y\u0131llard\u0131r s\u00fcren sava\u015flar\u0131n, kadim \u0131rklar\u0131n, ac\u0131mas\u0131z kehanetlerin ve bir baba ile o\u011flun kanla yaz\u0131lm\u0131\u015f kaderlerinin ula\u015ft\u0131\u011f\u0131 en keskin d\u00f6neme\u00e7\u2026 Aeterna\u2019n\u0131n d\u00fc\u015f\u00fc\u015f\u00fc, Tritan canavarlar\u0131n\u0131n istilas\u0131, bir komutan\u0131n fedak\u00e2rl\u0131\u011f\u0131 ve tarih sahnesinde kaybolan y\u00fczbinlerce sava\u015f\u00e7\u0131n\u0131n \u00e7\u0131\u011fl\u0131\u011f\u0131 bu sayfalarda bir kez daha yank\u0131lan\u0131yor.Evrenin neden s\u00fcrekli yok olma e\u015fi\u011fine geldi\u011fi. Kadim D\u00fcnyal\u0131lar\u0131n s\u0131rr\u0131, \u00f6l\u00fcms\u00fczl\u00fc\u011f\u00fcn bedeli, enerjinin nihai formu\u2026 Bunlar\u0131n her biri yaln\u0131zca hik\u00e2yenin par\u00e7alar\u0131 de\u011fil; \u00fc\u00e7\u00fcnc\u00fc kitab\u0131n ta\u015f\u0131d\u0131\u011f\u0131 ana y\u00fcklerin de merkezinde yer al\u0131yor.Bu kitap, sava\u015f\u0131n yaln\u0131zca kan ve \u00e7elikle de\u011fil; ac\u0131yla, kay\u0131pla, fedak\u00e2rl\u0131kla ve ka\u00e7\u0131n\u0131lmaz ger\u00e7ekle \u015fekillendi\u011fini bir kez daha hat\u0131rlat\u0131yor. \u00c7\u00fcnk\u00fc evreni kurtarmak bazen yaln\u0131zca d\u00fc\u015fmanla sava\u015fmak de\u011fildir. Bazen en b\u00fcy\u00fck m\u00fccadele, ki\u015finin kendi ge\u00e7mi\u015fiyle, i\u00e7indeki karanl\u0131kla ya da asla duymak istemedi\u011fi bir ger\u00e7ekle kar\u015f\u0131 kar\u015f\u0131ya kalmas\u0131d\u0131r. Kaan\u2019\u0131n ta\u015f\u0131d\u0131\u011f\u0131 s\u0131rlar ve y\u0131llard\u0131r saklad\u0131\u011f\u0131 kehanet i\u015fte burada anlam kazan\u0131yor. Bir baban\u0131n, o\u011flunun kaderini temelden de\u011fi\u015ftirecek kadar a\u011f\u0131r bir y\u00fck\u00fc omuzlamas\u0131; bir sava\u015f\u0131n, aile ba\u011flar\u0131n\u0131 bile parampar\u00e7a edecek kadar y\u0131k\u0131c\u0131 olmas\u0131; bir kehanetin, t\u00fcm gezegenlerin kaderini belirleyecek kadar g\u00fc\u00e7l\u00fc olmas\u0131\u2026Ve nihayetinde fedak\u00e2rl\u0131k.<\/p>\n","protected":false},"excerpt":{"rendered":"<p>Bir hik\u00e2yenin \u00fc\u00e7\u00fcnc\u00fc kez ba\u015flamas\u0131 bazen ilk ba\u015flang\u0131\u00e7tan daha zordur. \u00c7\u00fcnk\u00fc \u00fc\u00e7\u00fcnc\u00fc bir kitap, art\u0131k yaln\u0131zca bir anlat\u0131n\u0131n devam\u0131 de\u011fil; karakterlerin kaderinin, bir evrenin gelece\u011finin ve<span class=\"excerpt-hellip\"> [\u2026]<\/span><\/p>\n","protected":false},"featured_media":0,"template":"","meta":{"_monsterinsights_skip_tracking":false,"_monsterinsights_sitenote_active":false,"_monsterinsights_sitenote_note":"","_monsterinsights_sitenote_category":0},"product_brand":[],"product_cat":[12291,12711],"product_tag":[],"class_list":{"0":"post-783209","1":"product","2":"type-product","3":"status-publish","5":"product_cat-edebiyat","6":"product_cat-roman-oyku","7":"pa_cilt-ciltsiz","8":"pa_tur-kitap","9":"pa_yayinevi-zet-yayinlari","10":"pa_yazar-kaan-koc","12":"first","13":"instock","14":"sale","15":"shipping-taxable","16":"purchasable","17":"product-type-simple"},"_links":{"self":[{"href":"https:\/\/roveyayinevi.com.tr\/index.php\/wp-json\/wp\/v2\/product\/783209","targetHints":{"allow":["GET"]}}],"collection":[{"href":"https:\/\/roveyayinevi.com.tr\/index.php\/wp-json\/wp\/v2\/product"}],"about":[{"href":"https:\/\/roveyayinevi.com.tr\/index.php\/wp-json\/wp\/v2\/types\/product"}],"wp:attachment":[{"href":"https:\/\/roveyayinevi.com.tr\/index.php\/wp-json\/wp\/v2\/media?parent=783209"}],"wp:term":[{"taxonomy":"product_brand","embeddable":true,"href":"https:\/\/roveyayinevi.com.tr\/index.php\/wp-json\/wp\/v2\/product_brand?post=783209"},{"taxonomy":"product_cat","embeddable":true,"href":"https:\/\/roveyayinevi.com.tr\/index.php\/wp-json\/wp\/v2\/product_cat?post=783209"},{"taxonomy":"product_tag","embeddable":true,"href":"https:\/\/roveyayinevi.com.tr\/index.php\/wp-json\/wp\/v2\/product_tag?post=783209"}],"curies":[{"name":"wp","href":"https:\/\/api.w.org\/{rel}","templated":true}]}}