{"id":783208,"date":"2026-02-23T13:19:27","date_gmt":"2026-02-23T10:19:27","guid":{"rendered":"https:\/\/roveyayinevi.com.tr\/index.php\/urun\/dunyalilar-bizi-buldu-2\/"},"modified":"2026-04-12T03:37:38","modified_gmt":"2026-04-12T00:37:38","slug":"dunyalilar-bizi-buldu-2","status":"publish","type":"product","link":"https:\/\/roveyayinevi.com.tr\/index.php\/urun\/dunyalilar-bizi-buldu-2\/","title":{"rendered":"D\u00fcnyal\u0131lar Bizi Buldu 2"},"content":{"rendered":"<p>\u0130nsano\u011flu, kendini \u00e7o\u011fu zaman yaln\u0131zca kendi d\u00fcnyas\u0131n\u0131n s\u0131n\u0131rlar\u0131 i\u00e7inde arar. Oysa evren, insan\u0131n tahayy\u00fcl edebilece\u011finden \u00e7ok daha eski ve \u00e7ok daha derin hik\u00e2yeler ta\u015f\u0131r. Gezegenler, y\u0131ld\u0131zlar ve sonsuz bo\u015fluk\u2026 Her biri, zaman\u0131 ve mek\u00e2n\u0131 a\u015fan efsanelere tan\u0131kl\u0131k etmi\u015f sessiz \u015fahitlerdir.Bu kitap, yaln\u0131zca bir bireyin de\u011fil; evrenin kendisinin anlat\u0131s\u0131d\u0131r. \u00c7\u00fcnk\u00fc her gezegenin \u00fczerinde ya\u015fanan, kimimizin hayal bile edemeyece\u011fi kadar destans\u0131 olaylar vard\u0131r. Unutulmu\u015f uygarl\u0131klar, y\u0131ld\u0131zlar\u0131n g\u00f6lgesinde yap\u0131lan antla\u015fmalar, karanl\u0131\u011f\u0131n i\u00e7inden y\u00fckselen kahramanl\u0131klar ve yenilgiler\u2026 Evrenin dokusu, bu hik\u00e2yelerle \u00f6r\u00fclm\u00fc\u015ft\u00fcr.Okur, bu sayfalarda yaln\u0131zca Yama\u00e7\u2019\u0131n de\u011fil; farkl\u0131 zamanlar\u0131n, farkl\u0131 d\u00fcnyalar\u0131n ve farkl\u0131 varl\u0131klar\u0131n hik\u00e2yelerine \u015fahitlik edecektir. Bu, yaln\u0131zca bir ya\u015fam\u0131n de\u011fil; bir\u00e7ok ya\u015fam\u0131n, bir\u00e7ok kaderin i\u00e7 i\u00e7e ge\u00e7ti\u011fi bir anlat\u0131d\u0131r. \u00c7\u00fcnk\u00fc evren, tek bir hik\u00e2yeyle yetinmez. Onun dili \u00e7ok seslidir; kimi zaman f\u0131s\u0131lt\u0131 gibi, kimi zaman g\u00f6k g\u00fcr\u00fclt\u00fcs\u00fc kadar g\u00fc\u00e7l\u00fc.Hayal g\u00fcc\u00fcn\u00fcn s\u0131n\u0131rlar\u0131n\u0131 zorlayan bu yolculuk, bir insana b\u0131rak\u0131lan s\u0131radan bir mirastan \u00e7ok daha fazlas\u0131n\u0131 anlat\u0131r. Bu yolculukta, gezegenlerin suskunlu\u011fu dile gelir, y\u0131ld\u0131zlar\u0131n \u0131\u015f\u0131\u011f\u0131 g\u00f6lgelerin ard\u0131ndaki ger\u00e7e\u011fi a\u00e7\u0131\u011fa \u00e7\u0131kar\u0131r. Okur, yaln\u0131zca bir hik\u00e2ye okumayacak; evrenin efsanelerine kulak verecek.Ben bu kitab\u0131 yazarken \u015funu fark ettim: \u0130nsan\u0131n kaderi, \u00e7o\u011fu zaman evrenin b\u00fcy\u00fck s\u0131rlar\u0131yla ba\u011flant\u0131l\u0131d\u0131r. Yama\u00e7\u2019\u0131n ta\u015f\u0131d\u0131\u011f\u0131 y\u00fck, bir bireyin s\u0131nav\u0131 olmaktan \u00e7\u0131kar, t\u00fcm bir varolu\u015fun aynas\u0131 haline gelir. Belki de bu y\u00fczden bu kitap yaln\u0131zca bir roman de\u011fil, ayn\u0131 zamanda bir yolculuktur \u2014bilinenden bilinmeyene, g\u00f6r\u00fcnenin ard\u0131ndaki hakikate do\u011fru.Sevgili okur, \u015fimdi sen de bu yolculu\u011fa davetlisin. Sayfalar\u0131 \u00e7evirdik\u00e7e yaln\u0131zca karakterlerle de\u011fil, evrenin kendisiyle y\u00fczle\u015feceksin. Her hik\u00e2yede kendi g\u00f6lgelerini, kendi umutlar\u0131n\u0131, kendi sorular\u0131n\u0131 bulacaks\u0131n. \u00c7\u00fcnk\u00fc evrenin efsaneleri, asl\u0131nda insano\u011flunun en derin \u00f6zlemlerini ve korkular\u0131n\u0131 yans\u0131t\u0131r.Hayal g\u00fcc\u00fcn\u00fcn s\u0131n\u0131rlar\u0131n\u0131 a\u015fmaya haz\u0131r ol. \u00c7\u00fcnk\u00fc bu yolculuk, sana yaln\u0131zca ba\u015fka d\u00fcnyalar\u0131 de\u011fil, ayn\u0131 zamanda kendi i\u00e7indeki evreni de g\u00f6sterecek. KAAN KO\u00c7<\/p>\n","protected":false},"excerpt":{"rendered":"<p>\u0130nsano\u011flu, kendini \u00e7o\u011fu zaman yaln\u0131zca kendi d\u00fcnyas\u0131n\u0131n s\u0131n\u0131rlar\u0131 i\u00e7inde arar. Oysa evren, insan\u0131n tahayy\u00fcl edebilece\u011finden \u00e7ok daha eski ve \u00e7ok daha derin hik\u00e2yeler ta\u015f\u0131r. Gezegenler, y\u0131ld\u0131zlar<span class=\"excerpt-hellip\"> [\u2026]<\/span><\/p>\n","protected":false},"featured_media":0,"template":"","meta":{"_monsterinsights_skip_tracking":false,"_monsterinsights_sitenote_active":false,"_monsterinsights_sitenote_note":"","_monsterinsights_sitenote_category":0},"product_brand":[],"product_cat":[12291,12711],"product_tag":[],"class_list":{"0":"post-783208","1":"product","2":"type-product","3":"status-publish","5":"product_cat-edebiyat","6":"product_cat-roman-oyku","7":"pa_cilt-ciltsiz","8":"pa_tur-kitap","9":"pa_yayinevi-zet-yayinlari","10":"pa_yazar-kaan-koc","12":"first","13":"instock","14":"sale","15":"shipping-taxable","16":"purchasable","17":"product-type-simple"},"_links":{"self":[{"href":"https:\/\/roveyayinevi.com.tr\/index.php\/wp-json\/wp\/v2\/product\/783208","targetHints":{"allow":["GET"]}}],"collection":[{"href":"https:\/\/roveyayinevi.com.tr\/index.php\/wp-json\/wp\/v2\/product"}],"about":[{"href":"https:\/\/roveyayinevi.com.tr\/index.php\/wp-json\/wp\/v2\/types\/product"}],"wp:attachment":[{"href":"https:\/\/roveyayinevi.com.tr\/index.php\/wp-json\/wp\/v2\/media?parent=783208"}],"wp:term":[{"taxonomy":"product_brand","embeddable":true,"href":"https:\/\/roveyayinevi.com.tr\/index.php\/wp-json\/wp\/v2\/product_brand?post=783208"},{"taxonomy":"product_cat","embeddable":true,"href":"https:\/\/roveyayinevi.com.tr\/index.php\/wp-json\/wp\/v2\/product_cat?post=783208"},{"taxonomy":"product_tag","embeddable":true,"href":"https:\/\/roveyayinevi.com.tr\/index.php\/wp-json\/wp\/v2\/product_tag?post=783208"}],"curies":[{"name":"wp","href":"https:\/\/api.w.org\/{rel}","templated":true}]}}