{"id":783206,"date":"2026-02-23T13:19:21","date_gmt":"2026-02-23T10:19:21","guid":{"rendered":"https:\/\/roveyayinevi.com.tr\/index.php\/urun\/agit-2\/"},"modified":"2026-04-15T03:47:35","modified_gmt":"2026-04-15T00:47:35","slug":"agit-2","status":"publish","type":"product","link":"https:\/\/roveyayinevi.com.tr\/index.php\/urun\/agit-2\/","title":{"rendered":"A\u011f\u0131t"},"content":{"rendered":"<p>Bug\u00fcn, do\u011fum hem de \u00f6l\u00fcm y\u0131l\u0131m. 26 y\u0131ll\u0131k hayat\u0131mda ilk defa sorumluluk ald\u0131\u011f\u0131m, ilk defa yere d\u00fc\u015f\u00fcp ilk defa b\u00fcy\u00fcd\u00fc\u011f\u00fcm g\u00fcn bug\u00fcn. Bug\u00fcn seni elim bir trafik kazas\u0131nda kaybettik, bana \u00e7ok\u00e7a sar\u0131lma bor\u00e7lusun. Sana gelirken bir denizimsi g\u00f6lc\u00fck g\u00f6rm\u00fc\u015ft\u00fcm akl\u0131mda tuttum onu sana sormak i\u00e7in. K\u0131smet olmad\u0131. Sevin\u00e7lerim kursa\u011f\u0131mda kald\u0131, ellerim bombo\u015f. Dizlerimin ba\u011f\u0131 \u00e7\u00f6z\u00fcld\u00fc savunmas\u0131z kald\u0131m. Gidecek kimsem derdimi bilenim yoktu. Allah \u015fahit \u00fcz\u00fcnt\u00fcm b\u00fcy\u00fckt\u00fc. \u015eimdi elimde bir foto\u011fraf\u0131n bile yok. Tesellim de yok. Sana al y\u0131ld\u0131zl\u0131 bayrak alm\u0131\u015ft\u0131m o g\u00fcn ne hikmetse veremedim. Onu saklamaya cesaretim yoktu. \u015eimdi farkl\u0131 g\u00f6zlerle bak\u0131yorum hayata insanl\u0131\u011fa en \u00e7ok da a\u015fka. Varl\u0131\u011f\u0131n kafam\u0131 me\u015fgul ediyor s\u00fcrekli. Aycan Savrum<\/p>\n","protected":false},"excerpt":{"rendered":"<p>Bug\u00fcn, do\u011fum hem de \u00f6l\u00fcm y\u0131l\u0131m. 26 y\u0131ll\u0131k hayat\u0131mda ilk defa sorumluluk ald\u0131\u011f\u0131m, ilk defa yere d\u00fc\u015f\u00fcp ilk defa b\u00fcy\u00fcd\u00fc\u011f\u00fcm g\u00fcn bug\u00fcn. Bug\u00fcn seni elim bir<span class=\"excerpt-hellip\"> [\u2026]<\/span><\/p>\n","protected":false},"featured_media":0,"template":"","meta":{"_monsterinsights_skip_tracking":false,"_monsterinsights_sitenote_active":false,"_monsterinsights_sitenote_note":"","_monsterinsights_sitenote_category":0},"product_brand":[],"product_cat":[12777,12291],"product_tag":[],"class_list":{"0":"post-783206","1":"product","2":"type-product","3":"status-publish","5":"product_cat-deneme","6":"product_cat-edebiyat","7":"pa_cilt-ciltsiz","8":"pa_tur-kitap","9":"pa_yayinevi-zet-yayinlari","10":"pa_yazar-aycan-savrum","12":"first","13":"instock","14":"sale","15":"shipping-taxable","16":"purchasable","17":"product-type-simple"},"_links":{"self":[{"href":"https:\/\/roveyayinevi.com.tr\/index.php\/wp-json\/wp\/v2\/product\/783206","targetHints":{"allow":["GET"]}}],"collection":[{"href":"https:\/\/roveyayinevi.com.tr\/index.php\/wp-json\/wp\/v2\/product"}],"about":[{"href":"https:\/\/roveyayinevi.com.tr\/index.php\/wp-json\/wp\/v2\/types\/product"}],"wp:attachment":[{"href":"https:\/\/roveyayinevi.com.tr\/index.php\/wp-json\/wp\/v2\/media?parent=783206"}],"wp:term":[{"taxonomy":"product_brand","embeddable":true,"href":"https:\/\/roveyayinevi.com.tr\/index.php\/wp-json\/wp\/v2\/product_brand?post=783206"},{"taxonomy":"product_cat","embeddable":true,"href":"https:\/\/roveyayinevi.com.tr\/index.php\/wp-json\/wp\/v2\/product_cat?post=783206"},{"taxonomy":"product_tag","embeddable":true,"href":"https:\/\/roveyayinevi.com.tr\/index.php\/wp-json\/wp\/v2\/product_tag?post=783206"}],"curies":[{"name":"wp","href":"https:\/\/api.w.org\/{rel}","templated":true}]}}