{"id":783204,"date":"2026-02-23T13:19:16","date_gmt":"2026-02-23T10:19:16","guid":{"rendered":"https:\/\/roveyayinevi.com.tr\/index.php\/urun\/dedektif-reptir-calismayana-ipucu-yok\/"},"modified":"2026-04-15T03:47:35","modified_gmt":"2026-04-15T00:47:35","slug":"dedektif-reptir-calismayana-ipucu-yok","status":"publish","type":"product","link":"https:\/\/roveyayinevi.com.tr\/index.php\/urun\/dedektif-reptir-calismayana-ipucu-yok\/","title":{"rendered":"Dedektif Rept\u0131r &#8211; \u00c7al\u0131\u015fmayana \u0130pucu Yok"},"content":{"rendered":"<p>Mesle\u011fimizi yaparken yetene\u011fimizi  kadar kulland\u0131\u011f\u0131m\u0131z aletler de \u00f6nemlidir. Peki ya en \u00e7ok ihtiyac\u0131m\u0131z oldu\u011funda o aletler kaybolursa? Pani\u011fe gerek yok! Dedektif Rept\u0131r yan\u0131nda. Yard\u0131mc\u0131lar\u0131 Pisis ve Misis\u2019le birlikte her ipucunun pe\u015fine d\u00fc\u015fer, her ta\u015f\u0131n alt\u0131na bakar; kaybolan her neyse mutlaka bulurlar. Haydi, durma! TRT \u00c7ocuk\u2019un sevilen karakteri Dedektif Rept\u0131r\u2019la sen de gizemli maceralar\u0131n kap\u0131s\u0131n\u0131 arala!<\/p>\n","protected":false},"excerpt":{"rendered":"<p>Mesle\u011fimizi yaparken yetene\u011fimizi kadar kulland\u0131\u011f\u0131m\u0131z aletler de \u00f6nemlidir. Peki ya en \u00e7ok ihtiyac\u0131m\u0131z oldu\u011funda o aletler kaybolursa? Pani\u011fe gerek yok! Dedektif Rept\u0131r yan\u0131nda. Yard\u0131mc\u0131lar\u0131 Pisis ve<span class=\"excerpt-hellip\"> [\u2026]<\/span><\/p>\n","protected":false},"featured_media":0,"template":"","meta":{"_monsterinsights_skip_tracking":false,"_monsterinsights_sitenote_active":false,"_monsterinsights_sitenote_note":"","_monsterinsights_sitenote_category":0},"product_brand":[],"product_cat":[141304],"product_tag":[],"class_list":{"0":"post-783204","1":"product","2":"type-product","3":"status-publish","5":"product_cat-yeni-cikanlar","6":"pa_cilt-ciltsiz","7":"pa_tur-kitap","8":"pa_yayinevi-yediveren-cocuk","9":"pa_yazar-ayse-saliha-emon","11":"first","12":"instock","13":"sale","14":"shipping-taxable","15":"purchasable","16":"product-type-simple"},"_links":{"self":[{"href":"https:\/\/roveyayinevi.com.tr\/index.php\/wp-json\/wp\/v2\/product\/783204","targetHints":{"allow":["GET"]}}],"collection":[{"href":"https:\/\/roveyayinevi.com.tr\/index.php\/wp-json\/wp\/v2\/product"}],"about":[{"href":"https:\/\/roveyayinevi.com.tr\/index.php\/wp-json\/wp\/v2\/types\/product"}],"wp:attachment":[{"href":"https:\/\/roveyayinevi.com.tr\/index.php\/wp-json\/wp\/v2\/media?parent=783204"}],"wp:term":[{"taxonomy":"product_brand","embeddable":true,"href":"https:\/\/roveyayinevi.com.tr\/index.php\/wp-json\/wp\/v2\/product_brand?post=783204"},{"taxonomy":"product_cat","embeddable":true,"href":"https:\/\/roveyayinevi.com.tr\/index.php\/wp-json\/wp\/v2\/product_cat?post=783204"},{"taxonomy":"product_tag","embeddable":true,"href":"https:\/\/roveyayinevi.com.tr\/index.php\/wp-json\/wp\/v2\/product_tag?post=783204"}],"curies":[{"name":"wp","href":"https:\/\/api.w.org\/{rel}","templated":true}]}}