{"id":783203,"date":"2026-02-23T13:19:15","date_gmt":"2026-02-23T10:19:15","guid":{"rendered":"https:\/\/roveyayinevi.com.tr\/index.php\/urun\/mansete-giden-yolgenc-medyacilar-icin-yol-haritasi\/"},"modified":"2026-04-15T03:47:35","modified_gmt":"2026-04-15T00:47:35","slug":"mansete-giden-yolgenc-medyacilar-icin-yol-haritasi","status":"publish","type":"product","link":"https:\/\/roveyayinevi.com.tr\/index.php\/urun\/mansete-giden-yolgenc-medyacilar-icin-yol-haritasi\/","title":{"rendered":"Man\u015fete G\u0130den Yol;Gen\u00e7 Medyac\u0131lar \u0130\u00e7in Yol Haritas\u0131"},"content":{"rendered":"<p>Gazetecilik benim i\u00e7in hi\u00e7bir zaman yaln\u0131zca haber yazmak olmad\u0131. Do\u011frunun izini s\u00fcrmek,adaleti savunmak, gerekti\u011finde bedel \u00f6demek ve yaln\u0131z kalmay\u0131 g\u00f6ze alabilmekti. En \u00f6nemlisi deher ko\u015fulda \u00f6nce insan sonra gazeteci kalabilmekti. Bu prensiple att\u0131\u011f\u0131m her ad\u0131m, yazd\u0131\u011f\u0131m hersat\u0131r ve \u00e7\u0131kt\u0131\u011f\u0131m her yolculuk beni hakikate biraz daha yakla\u015ft\u0131rd\u0131. Man\u015fete giden yol \u00e7o\u011fu zamand\u0131\u015far\u0131dan g\u00f6r\u00fcnd\u00fc\u011f\u00fcnden daha zorluydu: bask\u0131lar, ekonomik gerek\u00e7eler, tehditler, lin\u00e7 giri\u015fimleri,iftiralar, yaln\u0131zl\u0131k\u2026 Bu kitab\u0131n sayfalar\u0131 da size t\u00fcm bunlara ra\u011fmen kalemi e\u011fmeden durman\u0131nne demek oldu\u011funu ve ger\u00e7e\u011fin kar\u015f\u0131s\u0131nda e\u011filmemenin nas\u0131l cesaret gerektirdi\u011fini g\u00f6sterecek.Otuz be\u015f y\u0131l\u0131 a\u015fan meslek yolculu\u011fumda ya\u015fad\u0131klar\u0131m gazetecilere, gen\u00e7 gazetecilere, gazeteciadaylar\u0131na, medya okuryazarl\u0131\u011f\u0131n\u0131 \u00f6nemseyen herkese bir rehber niteli\u011finde\u2026 Bu kitap man\u015fetinarkas\u0131ndaki eme\u011fi, sahadaki m\u00fccadeleyi, etik duru\u015fun \u00f6nemini ve gazetecili\u011fin ger\u00e7ek ruhunuanlat\u0131yor. Zira bir man\u015fet sadece b\u00fcy\u00fck harflerle yaz\u0131lmaz. Cesaretle, do\u011frulukla ve insankalabilme iradesiyle yaz\u0131l\u0131r. Her zaman da \u015funu hat\u0131rlat\u0131r: Ger\u00e7ek gazetecilik, \u00f6nce insan olmay\u0131gerektirir.<\/p>\n","protected":false},"excerpt":{"rendered":"<p>Gazetecilik benim i\u00e7in hi\u00e7bir zaman yaln\u0131zca haber yazmak olmad\u0131. Do\u011frunun izini s\u00fcrmek,adaleti savunmak, gerekti\u011finde bedel \u00f6demek ve yaln\u0131z kalmay\u0131 g\u00f6ze alabilmekti. En \u00f6nemlisi deher ko\u015fulda \u00f6nce<span class=\"excerpt-hellip\"> [\u2026]<\/span><\/p>\n","protected":false},"featured_media":0,"template":"","meta":{"_monsterinsights_skip_tracking":false,"_monsterinsights_sitenote_active":false,"_monsterinsights_sitenote_note":"","_monsterinsights_sitenote_category":0},"product_brand":[],"product_cat":[15983,13488],"product_tag":[],"class_list":{"0":"post-783203","1":"product","2":"type-product","3":"status-publish","5":"product_cat-iletisim-ve-medya","6":"product_cat-toplum-ve-insan","7":"pa_cilt-ciltsiz","8":"pa_tur-kitap","9":"pa_yayinevi-eftalya-kitap","10":"pa_yazar-mehmet-mert","12":"first","13":"instock","14":"sale","15":"shipping-taxable","16":"purchasable","17":"product-type-simple"},"_links":{"self":[{"href":"https:\/\/roveyayinevi.com.tr\/index.php\/wp-json\/wp\/v2\/product\/783203","targetHints":{"allow":["GET"]}}],"collection":[{"href":"https:\/\/roveyayinevi.com.tr\/index.php\/wp-json\/wp\/v2\/product"}],"about":[{"href":"https:\/\/roveyayinevi.com.tr\/index.php\/wp-json\/wp\/v2\/types\/product"}],"wp:attachment":[{"href":"https:\/\/roveyayinevi.com.tr\/index.php\/wp-json\/wp\/v2\/media?parent=783203"}],"wp:term":[{"taxonomy":"product_brand","embeddable":true,"href":"https:\/\/roveyayinevi.com.tr\/index.php\/wp-json\/wp\/v2\/product_brand?post=783203"},{"taxonomy":"product_cat","embeddable":true,"href":"https:\/\/roveyayinevi.com.tr\/index.php\/wp-json\/wp\/v2\/product_cat?post=783203"},{"taxonomy":"product_tag","embeddable":true,"href":"https:\/\/roveyayinevi.com.tr\/index.php\/wp-json\/wp\/v2\/product_tag?post=783203"}],"curies":[{"name":"wp","href":"https:\/\/api.w.org\/{rel}","templated":true}]}}