{"id":783201,"date":"2026-02-23T13:19:09","date_gmt":"2026-02-23T10:19:09","guid":{"rendered":"https:\/\/roveyayinevi.com.tr\/index.php\/urun\/kalem-degdi-duyguma\/"},"modified":"2026-04-15T03:47:35","modified_gmt":"2026-04-15T00:47:35","slug":"kalem-degdi-duyguma","status":"publish","type":"product","link":"https:\/\/roveyayinevi.com.tr\/index.php\/urun\/kalem-degdi-duyguma\/","title":{"rendered":"Kalem De\u011fdi Duyguma"},"content":{"rendered":"<p>Birikti mi hi\u00e7 duygular\u0131n? Mahk\u00fbmu oldun mu a\u015fk denilen saltanat\u0131n? G\u00f6nl\u00fcn akl\u0131n\u0131n \u00f6n\u00fcne ge\u00e7ti mi hi\u00e7? Diyebildin mi derdini? Saklad\u0131n m\u0131 duygunu g\u00f6zlerinin ard\u0131na? Bilmez misin dilin s\u00f6yleyemedi\u011fini bazen g\u00f6zler G\u00f6zlerin diyemedi\u011fini  bazen eller s\u00f6yler Anlatmak laz\u0131m duygunu Bilmesi laz\u0131m a\u015fk\u0131n\u0131 B\u0131rak g\u00f6nl\u00fcn\u00fc kendi ellerine De\u011fsin kalem sevgine \u015eahlans\u0131n duygular\u0131n Anlas\u0131n, bilsin a\u015fk\u0131n\u0131 Kalem de\u011fsin duyguna Anlatmak i\u00e7in a\u015fk\u0131n\u0131 ona<\/p>\n","protected":false},"excerpt":{"rendered":"<p>Birikti mi hi\u00e7 duygular\u0131n? Mahk\u00fbmu oldun mu a\u015fk denilen saltanat\u0131n? G\u00f6nl\u00fcn akl\u0131n\u0131n \u00f6n\u00fcne ge\u00e7ti mi hi\u00e7? Diyebildin mi derdini? Saklad\u0131n m\u0131 duygunu g\u00f6zlerinin ard\u0131na? Bilmez misin<span class=\"excerpt-hellip\"> [\u2026]<\/span><\/p>\n","protected":false},"featured_media":0,"template":"","meta":{"_monsterinsights_skip_tracking":false,"_monsterinsights_sitenote_active":false,"_monsterinsights_sitenote_note":"","_monsterinsights_sitenote_category":0},"product_brand":[],"product_cat":[12291,12509],"product_tag":[],"class_list":{"0":"post-783201","1":"product","2":"type-product","3":"status-publish","5":"product_cat-edebiyat","6":"product_cat-siir","7":"pa_cilt-ciltsiz","8":"pa_tur-kitap","9":"pa_yayinevi-mihenk-kitap","10":"pa_yazar-ahmet-atil-esendemir","12":"first","13":"instock","14":"sale","15":"shipping-taxable","16":"purchasable","17":"product-type-simple"},"_links":{"self":[{"href":"https:\/\/roveyayinevi.com.tr\/index.php\/wp-json\/wp\/v2\/product\/783201","targetHints":{"allow":["GET"]}}],"collection":[{"href":"https:\/\/roveyayinevi.com.tr\/index.php\/wp-json\/wp\/v2\/product"}],"about":[{"href":"https:\/\/roveyayinevi.com.tr\/index.php\/wp-json\/wp\/v2\/types\/product"}],"wp:attachment":[{"href":"https:\/\/roveyayinevi.com.tr\/index.php\/wp-json\/wp\/v2\/media?parent=783201"}],"wp:term":[{"taxonomy":"product_brand","embeddable":true,"href":"https:\/\/roveyayinevi.com.tr\/index.php\/wp-json\/wp\/v2\/product_brand?post=783201"},{"taxonomy":"product_cat","embeddable":true,"href":"https:\/\/roveyayinevi.com.tr\/index.php\/wp-json\/wp\/v2\/product_cat?post=783201"},{"taxonomy":"product_tag","embeddable":true,"href":"https:\/\/roveyayinevi.com.tr\/index.php\/wp-json\/wp\/v2\/product_tag?post=783201"}],"curies":[{"name":"wp","href":"https:\/\/api.w.org\/{rel}","templated":true}]}}