{"id":783196,"date":"2026-02-23T13:18:55","date_gmt":"2026-02-23T10:18:55","guid":{"rendered":"https:\/\/roveyayinevi.com.tr\/index.php\/urun\/alevilik-ogretisi-erkanlari-ve-yol-anlayisi\/"},"modified":"2026-04-15T03:47:34","modified_gmt":"2026-04-15T00:47:34","slug":"alevilik-ogretisi-erkanlari-ve-yol-anlayisi","status":"publish","type":"product","link":"https:\/\/roveyayinevi.com.tr\/index.php\/urun\/alevilik-ogretisi-erkanlari-ve-yol-anlayisi\/","title":{"rendered":"Alevilik \u00d6\u011fretisi, Erk\u00e2nlar\u0131 ve Yol Anlay\u0131\u015f\u0131"},"content":{"rendered":"<p>Elinizdeki kitap Alevili\u011fi donmu\u015f bir inan\u00e7 sistemi ya da \u00f6z\u00fcnden uzakla\u015ft\u0131r\u0131lm\u0131\u015f bir rit\u00fceller b\u00fct\u00fcn\u00fc olarak ele almaktan ziyade; onu do\u011fayla, ak\u0131lla ve y\u00fcrekle kurdu\u011fu ili\u015fki bi\u00e7imi \u00fczerinden, bir ya\u015fam prati\u011fi olarak yorumluyor. \u0130nsan\u0131 do\u011fa\u00fcst\u00fc bir kader anlay\u0131\u015f\u0131 i\u00e7erisinde edilgen bir kul olarak g\u00f6rm\u00fcyor. Do\u011fay\u0131 de\u011fi\u015fip-d\u00f6n\u00fc\u015fen, insan\u0131 da (do\u011fan\u0131n bir par\u00e7as\u0131 olarak) \u00fcreten, sorgulayan ve do\u011fan\u0131n de\u011fi\u015fimi-d\u00f6n\u00fc\u015f\u00fcm\u00fc i\u00e7erisinde de\u011fi\u015fip-d\u00f6n\u00fc\u015fen bir \u00f6zne olarak konumland\u0131r\u0131yor. Bu konumland\u0131rma Alevili\u011fin modern d\u00fcnyayla ba\u011f\u0131n\u0131 g\u00fc\u00e7lendirerek, onun ak\u0131lc\u0131 ve ele\u015ftirel y\u00f6n\u00fcn\u00fc de g\u00f6r\u00fcn\u00fcr k\u0131l\u0131yor. Sembollerin, mitlerin ve menk\u0131belerin ard\u0131nda yatan toplumsal deneyimlerini emek ili\u015fkileri, do\u011fa ko\u015fullar\u0131 ve toplumsal m\u00fccadeleler \u0131\u015f\u0131\u011f\u0131nda yeniden okuyarak, Alevili\u011fi ge\u00e7mi\u015fe hapseden folklorik bir miras olmaktan \u00e7\u0131kar\u0131p bug\u00fcne ve gelece\u011fe dair s\u00f6z\u00fc olan bir \u00f6\u011freti haline getiriyor.Alevilik \u00d6\u011fretisi, Erk\u00e2nlar\u0131 ve Yol Anlay\u0131\u015f\u0131, Alevili\u011fi ne savunmac\u0131 ne de reddiyeci bir dille tarif ediyor. Buradaki temel ama\u00e7 ele\u015ftirel, a\u00e7\u0131klay\u0131c\u0131 ve anla\u015f\u0131labilir bir dille, okuru y\u00f6nlendirme \u00e7abas\u0131ndan uzak, Alevili\u011fi kavramsal b\u00fct\u00fcnl\u00fc\u011f\u00fc i\u00e7inde anlamaya d\u00f6n\u00fck bir \u00e7er\u00e7eve sunmakt\u0131r.<\/p>\n","protected":false},"excerpt":{"rendered":"<p>Elinizdeki kitap Alevili\u011fi donmu\u015f bir inan\u00e7 sistemi ya da \u00f6z\u00fcnden uzakla\u015ft\u0131r\u0131lm\u0131\u015f bir rit\u00fceller b\u00fct\u00fcn\u00fc olarak ele almaktan ziyade; onu do\u011fayla, ak\u0131lla ve y\u00fcrekle kurdu\u011fu ili\u015fki bi\u00e7imi<span class=\"excerpt-hellip\"> [\u2026]<\/span><\/p>\n","protected":false},"featured_media":0,"template":"","meta":{"_monsterinsights_skip_tracking":false,"_monsterinsights_sitenote_active":false,"_monsterinsights_sitenote_note":"","_monsterinsights_sitenote_category":0},"product_brand":[],"product_cat":[16038,12388],"product_tag":[],"class_list":{"0":"post-783196","1":"product","2":"type-product","3":"status-publish","5":"product_cat-arastirma-inceleme-referans-felsefe","6":"product_cat-felsefe","7":"pa_cilt-ciltsiz","8":"pa_tur-kitap","9":"pa_yayinevi-toz-yayinlari","10":"pa_yazar-cemal-sahin","12":"first","13":"instock","14":"sale","15":"shipping-taxable","16":"purchasable","17":"product-type-simple"},"_links":{"self":[{"href":"https:\/\/roveyayinevi.com.tr\/index.php\/wp-json\/wp\/v2\/product\/783196","targetHints":{"allow":["GET"]}}],"collection":[{"href":"https:\/\/roveyayinevi.com.tr\/index.php\/wp-json\/wp\/v2\/product"}],"about":[{"href":"https:\/\/roveyayinevi.com.tr\/index.php\/wp-json\/wp\/v2\/types\/product"}],"wp:attachment":[{"href":"https:\/\/roveyayinevi.com.tr\/index.php\/wp-json\/wp\/v2\/media?parent=783196"}],"wp:term":[{"taxonomy":"product_brand","embeddable":true,"href":"https:\/\/roveyayinevi.com.tr\/index.php\/wp-json\/wp\/v2\/product_brand?post=783196"},{"taxonomy":"product_cat","embeddable":true,"href":"https:\/\/roveyayinevi.com.tr\/index.php\/wp-json\/wp\/v2\/product_cat?post=783196"},{"taxonomy":"product_tag","embeddable":true,"href":"https:\/\/roveyayinevi.com.tr\/index.php\/wp-json\/wp\/v2\/product_tag?post=783196"}],"curies":[{"name":"wp","href":"https:\/\/api.w.org\/{rel}","templated":true}]}}