{"id":783193,"date":"2026-02-23T13:18:46","date_gmt":"2026-02-23T10:18:46","guid":{"rendered":"https:\/\/roveyayinevi.com.tr\/index.php\/urun\/derslerini-verelim-dorduncu-cilt-get-schooled\/"},"modified":"2026-04-15T03:47:34","modified_gmt":"2026-04-15T00:47:34","slug":"derslerini-verelim-dorduncu-cilt-get-schooled","status":"publish","type":"product","link":"https:\/\/roveyayinevi.com.tr\/index.php\/urun\/derslerini-verelim-dorduncu-cilt-get-schooled\/","title":{"rendered":"Derslerini Verelim &#8211; D\u00f6rd\u00fcnc\u00fc Cilt Get Schooled"},"content":{"rendered":"<p>\u00d6HKB yaln\u0131zca okullardaki zorbal\u0131kla de\u011fil, toplumsal yozla\u015fmayla da sava\u015f\u0131yor! Minik Min-seo ve ailesi aras\u0131nda ya\u015fananlar kanun \u00f6n\u00fcne ta\u015f\u0131nm\u0131\u015ft\u0131r. Anne ve babas\u0131 art\u0131k ger\u00e7ekten ebeveyn olmay\u0131 \u00f6\u011frenecektir. \u00d6te yandan okullardaki zorbal\u0131klar devam etmektedir. Hwajin iile Han-rim, okul i\u00e7i \u015fiddet komitesinin ald\u0131\u011f\u0131 karar sonucunda intihara kalk\u0131\u015fan bir \u00f6\u011frencinin haberni al\u0131r. Durumuna el atmalar\u0131n\u0131n yan\u0131 s\u0131ra olay bir \u00fcst komiteye ta\u015f\u0131n\u0131r ve komite \u00fcyelerinin hepsi \u00d6HKB ile ayn\u0131 fikirde de\u011fildir. Sonu\u00e7 nas\u0131l olacakt\u0131r?Bu s\u0131rada Han Ye-ri, \u00f6nemli bir konu i\u00e7in Na Hwajin\u2019e ula\u015f\u0131r. Kore\u2019de aile i\u00e7i \u015fiddet ve istismar sebebiyle evden ka\u00e7an binlerce \u00e7ocu\u011fu tehlikeye sokan, \u201cyard\u0131msever\u201d ad\u0131 alt\u0131nda ortal\u0131kta dola\u015fan bir grubu da\u011f\u0131tmak yine \u00d6HKB\u2019ye d\u00fc\u015fer.<\/p>\n","protected":false},"excerpt":{"rendered":"<p>\u00d6HKB yaln\u0131zca okullardaki zorbal\u0131kla de\u011fil, toplumsal yozla\u015fmayla da sava\u015f\u0131yor! Minik Min-seo ve ailesi aras\u0131nda ya\u015fananlar kanun \u00f6n\u00fcne ta\u015f\u0131nm\u0131\u015ft\u0131r. Anne ve babas\u0131 art\u0131k ger\u00e7ekten ebeveyn olmay\u0131 \u00f6\u011frenecektir.<span class=\"excerpt-hellip\"> [\u2026]<\/span><\/p>\n","protected":false},"featured_media":0,"template":"","meta":{"_monsterinsights_skip_tracking":false,"_monsterinsights_sitenote_active":false,"_monsterinsights_sitenote_note":"","_monsterinsights_sitenote_category":0},"product_brand":[],"product_cat":[12416,12291],"product_tag":[],"class_list":{"0":"post-783193","1":"product","2":"type-product","3":"status-publish","5":"product_cat-cizgi-roman","6":"product_cat-edebiyat","7":"pa_cilt-ciltsiz","8":"pa_tur-kitap","9":"pa_yayinevi-artemis-yayinlari","10":"pa_yazar-yongtaek-chae","12":"first","13":"instock","14":"sale","15":"shipping-taxable","16":"purchasable","17":"product-type-simple"},"_links":{"self":[{"href":"https:\/\/roveyayinevi.com.tr\/index.php\/wp-json\/wp\/v2\/product\/783193","targetHints":{"allow":["GET"]}}],"collection":[{"href":"https:\/\/roveyayinevi.com.tr\/index.php\/wp-json\/wp\/v2\/product"}],"about":[{"href":"https:\/\/roveyayinevi.com.tr\/index.php\/wp-json\/wp\/v2\/types\/product"}],"wp:attachment":[{"href":"https:\/\/roveyayinevi.com.tr\/index.php\/wp-json\/wp\/v2\/media?parent=783193"}],"wp:term":[{"taxonomy":"product_brand","embeddable":true,"href":"https:\/\/roveyayinevi.com.tr\/index.php\/wp-json\/wp\/v2\/product_brand?post=783193"},{"taxonomy":"product_cat","embeddable":true,"href":"https:\/\/roveyayinevi.com.tr\/index.php\/wp-json\/wp\/v2\/product_cat?post=783193"},{"taxonomy":"product_tag","embeddable":true,"href":"https:\/\/roveyayinevi.com.tr\/index.php\/wp-json\/wp\/v2\/product_tag?post=783193"}],"curies":[{"name":"wp","href":"https:\/\/api.w.org\/{rel}","templated":true}]}}