{"id":783191,"date":"2026-02-23T13:18:42","date_gmt":"2026-02-23T10:18:42","guid":{"rendered":"https:\/\/roveyayinevi.com.tr\/index.php\/urun\/atlar-cikolata-yer-mi\/"},"modified":"2026-04-15T03:47:34","modified_gmt":"2026-04-15T00:47:34","slug":"atlar-cikolata-yer-mi","status":"publish","type":"product","link":"https:\/\/roveyayinevi.com.tr\/index.php\/urun\/atlar-cikolata-yer-mi\/","title":{"rendered":"Atlar \u00c7ikolata Yer mi ?"},"content":{"rendered":"<p>Bazen \u00e7ok basit bir soru, kocaman d\u00fc\u015f\u00fcncelerin kap\u0131s\u0131n\u0131 aralar\u2026Bu kitapta Peren, Memo, Ya\u011fmur, Alphan ve onlar\u0131n maceralar\u0131yla tan\u0131\u015facaks\u0131n.Sevmenin ne demek oldu\u011funu, sevgiyle birlikte sorumluluk almay\u0131,beklemenin, payla\u015fman\u0131n, farkl\u0131 olman\u0131n ve bilmediklerimizi \u00f6\u011frenmenin neden \u00f6nemli oldu\u011funu d\u00fc\u015f\u00fcnmek istersen, i\u015fte bu kitap, tam da sana g\u00f6re! Her \u00f6yk\u00fc, \u00e7ocuklar\u0131 dinlemeye, d\u00fc\u015f\u00fcnmeye ve sorgulamaya davet ediyor. \u00d6yk\u00fclerin sonunda yer alan sorular ve etkinliklerle, okuduklar\u0131n \u00fczerine d\u00fc\u015f\u00fcnmek ve kendi cevaplar\u0131n\u0131 aramak ise senin elinde. P4C uyaran\u0131 olarak kullan\u0131labilecek d\u00f6rt \u00f6yk\u00fc, sorular ve etkinlikler&#8230; Hepsi, bir arada!<\/p>\n","protected":false},"excerpt":{"rendered":"<p>Bazen \u00e7ok basit bir soru, kocaman d\u00fc\u015f\u00fcncelerin kap\u0131s\u0131n\u0131 aralar\u2026Bu kitapta Peren, Memo, Ya\u011fmur, Alphan ve onlar\u0131n maceralar\u0131yla tan\u0131\u015facaks\u0131n.Sevmenin ne demek oldu\u011funu, sevgiyle birlikte sorumluluk almay\u0131,beklemenin, payla\u015fman\u0131n,<span class=\"excerpt-hellip\"> [\u2026]<\/span><\/p>\n","protected":false},"featured_media":0,"template":"","meta":{"_monsterinsights_skip_tracking":false,"_monsterinsights_sitenote_active":false,"_monsterinsights_sitenote_note":"","_monsterinsights_sitenote_category":0},"product_brand":[],"product_cat":[141304],"product_tag":[],"class_list":{"0":"post-783191","1":"product","2":"type-product","3":"status-publish","5":"product_cat-yeni-cikanlar","6":"pa_cilt-ciltsiz","7":"pa_tur-kitap","8":"pa_yayinevi-luna-cocuk-yayinlari","9":"pa_yazar-meral-saylar","11":"first","12":"instock","13":"sale","14":"shipping-taxable","15":"purchasable","16":"product-type-simple"},"_links":{"self":[{"href":"https:\/\/roveyayinevi.com.tr\/index.php\/wp-json\/wp\/v2\/product\/783191","targetHints":{"allow":["GET"]}}],"collection":[{"href":"https:\/\/roveyayinevi.com.tr\/index.php\/wp-json\/wp\/v2\/product"}],"about":[{"href":"https:\/\/roveyayinevi.com.tr\/index.php\/wp-json\/wp\/v2\/types\/product"}],"wp:attachment":[{"href":"https:\/\/roveyayinevi.com.tr\/index.php\/wp-json\/wp\/v2\/media?parent=783191"}],"wp:term":[{"taxonomy":"product_brand","embeddable":true,"href":"https:\/\/roveyayinevi.com.tr\/index.php\/wp-json\/wp\/v2\/product_brand?post=783191"},{"taxonomy":"product_cat","embeddable":true,"href":"https:\/\/roveyayinevi.com.tr\/index.php\/wp-json\/wp\/v2\/product_cat?post=783191"},{"taxonomy":"product_tag","embeddable":true,"href":"https:\/\/roveyayinevi.com.tr\/index.php\/wp-json\/wp\/v2\/product_tag?post=783191"}],"curies":[{"name":"wp","href":"https:\/\/api.w.org\/{rel}","templated":true}]}}