{"id":783188,"date":"2026-02-23T13:18:33","date_gmt":"2026-02-23T10:18:33","guid":{"rendered":"https:\/\/roveyayinevi.com.tr\/index.php\/urun\/carl-gustav-jung\/"},"modified":"2026-04-15T03:47:34","modified_gmt":"2026-04-15T00:47:34","slug":"carl-gustav-jung","status":"publish","type":"product","link":"https:\/\/roveyayinevi.com.tr\/index.php\/urun\/carl-gustav-jung\/","title":{"rendered":"Carl Gustav Jung"},"content":{"rendered":"<p>Bir biyografi yazar\u0131n\u0131n en b\u00fcy\u00fck s\u0131nav\u0131, \u00f6znesinin g\u00f6lgesinde kaybolmadan onun i\u00e7 d\u00fcnyas\u0131na s\u0131zabilmektir. \u0130talyan ara\u015ft\u0131rmac\u0131 Paola Giovetti, C.G. Jung\u2019un ya\u015fam\u0131n\u0131 kaleme al\u0131rken, onu yaln\u0131zca analitik psikolojinin kurucusu olarak de\u011fil, ya\u015fam\u0131 boyunca &#8220;\u00f6te taraf&#8221; ile temas halinde ya\u015fam\u0131\u015f bir vizyoner olarak portreliyor.Giovetti, Jung\u2019un \u00e7ocuklu\u011fundaki o ham karakterden ba\u015flay\u0131p, K\u0131rm\u0131z\u0131 Kitap y\u0131llar\u0131ndaki hal\u00fcsinatif deneyimlere ve ya\u015fl\u0131l\u0131\u011f\u0131ndaki bilge m\u00fcnzeviye uzanan s\u00fcreci, &#8220;\u015famanik inisiyasyon&#8221; \u015fablonu \u00fczerinden okuyor. Kitap, Jung&#8217;un akademik kimli\u011finin alt\u0131nda yatan as\u0131l itici g\u00fcc\u00fc; atalarla, arketiplerle ve kolektif bilin\u00e7d\u0131\u015f\u0131n\u0131n hayaletleriyle kurdu\u011fu o sars\u0131c\u0131 diyalo\u011fu merkeze al\u0131yor.<\/p>\n","protected":false},"excerpt":{"rendered":"<p>Bir biyografi yazar\u0131n\u0131n en b\u00fcy\u00fck s\u0131nav\u0131, \u00f6znesinin g\u00f6lgesinde kaybolmadan onun i\u00e7 d\u00fcnyas\u0131na s\u0131zabilmektir. \u0130talyan ara\u015ft\u0131rmac\u0131 Paola Giovetti, C.G. Jung\u2019un ya\u015fam\u0131n\u0131 kaleme al\u0131rken, onu yaln\u0131zca analitik psikolojinin<span class=\"excerpt-hellip\"> [\u2026]<\/span><\/p>\n","protected":false},"featured_media":0,"template":"","meta":{"_monsterinsights_skip_tracking":false,"_monsterinsights_sitenote_active":false,"_monsterinsights_sitenote_note":"","_monsterinsights_sitenote_category":0},"product_brand":[],"product_cat":[14009,12291],"product_tag":[],"class_list":{"0":"post-783188","1":"product","2":"type-product","3":"status-publish","5":"product_cat-biyografi-otobiyografi-edebiyat","6":"product_cat-edebiyat","7":"pa_cilt-ciltsiz","8":"pa_tur-kitap","9":"pa_yayinevi-pinhan-yayincilik","10":"pa_yazar-paola-giovetti","12":"first","13":"instock","14":"sale","15":"shipping-taxable","16":"purchasable","17":"product-type-simple"},"_links":{"self":[{"href":"https:\/\/roveyayinevi.com.tr\/index.php\/wp-json\/wp\/v2\/product\/783188","targetHints":{"allow":["GET"]}}],"collection":[{"href":"https:\/\/roveyayinevi.com.tr\/index.php\/wp-json\/wp\/v2\/product"}],"about":[{"href":"https:\/\/roveyayinevi.com.tr\/index.php\/wp-json\/wp\/v2\/types\/product"}],"wp:attachment":[{"href":"https:\/\/roveyayinevi.com.tr\/index.php\/wp-json\/wp\/v2\/media?parent=783188"}],"wp:term":[{"taxonomy":"product_brand","embeddable":true,"href":"https:\/\/roveyayinevi.com.tr\/index.php\/wp-json\/wp\/v2\/product_brand?post=783188"},{"taxonomy":"product_cat","embeddable":true,"href":"https:\/\/roveyayinevi.com.tr\/index.php\/wp-json\/wp\/v2\/product_cat?post=783188"},{"taxonomy":"product_tag","embeddable":true,"href":"https:\/\/roveyayinevi.com.tr\/index.php\/wp-json\/wp\/v2\/product_tag?post=783188"}],"curies":[{"name":"wp","href":"https:\/\/api.w.org\/{rel}","templated":true}]}}