{"id":783184,"date":"2026-02-23T13:18:21","date_gmt":"2026-02-23T10:18:21","guid":{"rendered":"https:\/\/roveyayinevi.com.tr\/index.php\/urun\/elmanin-rengi-kirmizi\/"},"modified":"2026-04-15T03:47:34","modified_gmt":"2026-04-15T00:47:34","slug":"elmanin-rengi-kirmizi","status":"publish","type":"product","link":"https:\/\/roveyayinevi.com.tr\/index.php\/urun\/elmanin-rengi-kirmizi\/","title":{"rendered":"Elman\u0131n Rengi: K\u0131rm\u0131z\u0131"},"content":{"rendered":"<p>Kahraman\u0131m\u0131z, T\u00fcrkiye \u0130\u015f Bankas\u0131 Resim Heykel M\u00fczesi\u2019ni gezdikten sonra eve d\u00f6ner ve m\u00fczede \u00f6\u011frendiklerini kedisi F\u0131r\u00e7a\u2019ya anlat\u0131r. Bu kitapla k\u0131rm\u0131z\u0131 rengin d\u00fcnyas\u0131nda bir yolculuk yapmaya haz\u0131r olun. Bu yolculuk s\u0131ras\u0131nda size T\u00fcrkiye \u0130\u015f Bankas\u0131 Sanat Eserleri Koleksiyonu\u2019ndaki tablolar e\u015flik edecek.<\/p>\n","protected":false},"excerpt":{"rendered":"<p>Kahraman\u0131m\u0131z, T\u00fcrkiye \u0130\u015f Bankas\u0131 Resim Heykel M\u00fczesi\u2019ni gezdikten sonra eve d\u00f6ner ve m\u00fczede \u00f6\u011frendiklerini kedisi F\u0131r\u00e7a\u2019ya anlat\u0131r. Bu kitapla k\u0131rm\u0131z\u0131 rengin d\u00fcnyas\u0131nda bir yolculuk yapmaya haz\u0131r<span class=\"excerpt-hellip\"> [\u2026]<\/span><\/p>\n","protected":false},"featured_media":0,"template":"","meta":{"_monsterinsights_skip_tracking":false,"_monsterinsights_sitenote_active":false,"_monsterinsights_sitenote_note":"","_monsterinsights_sitenote_category":0},"product_brand":[],"product_cat":[12274,12284],"product_tag":[],"class_list":{"0":"post-783184","1":"product","2":"type-product","3":"status-publish","5":"product_cat-cocuk-ve-genclik-kitaplari","6":"product_cat-hikayeler","7":"pa_cilt-ciltsiz","8":"pa_tur-kitap","9":"pa_yayinevi-is-bankasi-kultur-yayinlari","10":"pa_yazar-burcu-ural-kopan","12":"first","13":"instock","14":"sale","15":"shipping-taxable","16":"purchasable","17":"product-type-simple"},"_links":{"self":[{"href":"https:\/\/roveyayinevi.com.tr\/index.php\/wp-json\/wp\/v2\/product\/783184","targetHints":{"allow":["GET"]}}],"collection":[{"href":"https:\/\/roveyayinevi.com.tr\/index.php\/wp-json\/wp\/v2\/product"}],"about":[{"href":"https:\/\/roveyayinevi.com.tr\/index.php\/wp-json\/wp\/v2\/types\/product"}],"wp:attachment":[{"href":"https:\/\/roveyayinevi.com.tr\/index.php\/wp-json\/wp\/v2\/media?parent=783184"}],"wp:term":[{"taxonomy":"product_brand","embeddable":true,"href":"https:\/\/roveyayinevi.com.tr\/index.php\/wp-json\/wp\/v2\/product_brand?post=783184"},{"taxonomy":"product_cat","embeddable":true,"href":"https:\/\/roveyayinevi.com.tr\/index.php\/wp-json\/wp\/v2\/product_cat?post=783184"},{"taxonomy":"product_tag","embeddable":true,"href":"https:\/\/roveyayinevi.com.tr\/index.php\/wp-json\/wp\/v2\/product_tag?post=783184"}],"curies":[{"name":"wp","href":"https:\/\/api.w.org\/{rel}","templated":true}]}}