{"id":783179,"date":"2026-02-23T13:18:07","date_gmt":"2026-02-23T10:18:07","guid":{"rendered":"https:\/\/roveyayinevi.com.tr\/index.php\/urun\/bebegin-kisilerarasi-dunyasi\/"},"modified":"2026-04-15T03:47:33","modified_gmt":"2026-04-15T00:47:33","slug":"bebegin-kisilerarasi-dunyasi","status":"publish","type":"product","link":"https:\/\/roveyayinevi.com.tr\/index.php\/urun\/bebegin-kisilerarasi-dunyasi\/","title":{"rendered":"Bebe\u011fin Ki\u015fileraras\u0131 D\u00fcnyas\u0131"},"content":{"rendered":"<p>\u0130nsan geli\u015fimi, yaln\u0131zca biyolojik bir s\u00fcre\u00e7 de\u011fil, her an\u0131 yo\u011fun ili\u015fkisel \u00f6r\u00fcnt\u00fclerle \u015fekillenen bir varolu\u015f bi\u00e7imidir. Daniel Stern\u2019\u00fcn klasikle\u015fmi\u015f eseri Bebe\u011fin Ki\u015fileraras\u0131 D\u00fcnyas\u0131, modern psikoloji ve psikanalizin bu \u00f6r\u00fcnt\u00fcleri anlamaya d\u00f6n\u00fck en etkili sentezlerinden birini sunar. Stern, geli\u015fimin a\u015famalar halinde ilerledi\u011fi geleneksel modellere kar\u015f\u0131 \u00e7\u0131karak, kendili\u011fin katmanlar halinde biriken deneyimlerle kuruldu\u011funu savunur. Beliren kendilik, \u00e7ekirdek kendilik, \u00f6zneleraras\u0131l\u0131k ve anlat\u0131sal kendilik gibi kavramlarla bebeklik d\u00f6nemindeki zihinsel ya\u015fam\u0131n zenginli\u011fini g\u00f6r\u00fcn\u00fcr k\u0131lar. Mikro-analitik bebek g\u00f6zlemlerini, n\u00f6robiyolojik bulgular\u0131 ve klinik deneyimi yan yana getirerek, erken ili\u015fkilerin nas\u0131l i\u00e7sel temsillere d\u00f6n\u00fc\u015ft\u00fc\u011f\u00fcn\u00fc \u015fa\u015f\u0131rt\u0131c\u0131 bir berrakl\u0131kla g\u00f6sterir. Yeni bask\u0131ya eklenen kapsaml\u0131 Giri\u015f b\u00f6l\u00fcm\u00fc, ayna n\u00f6ronlardan \u00f6zneleraras\u0131l\u0131\u011f\u0131n erken bi\u00e7imlerine kadar g\u00fcncel ara\u015ft\u0131rmalar\u0131 de\u011ferlendirir. Bebe\u011fin Ki\u015fileraras\u0131 D\u00fcnyas\u0131 terapistler, ara\u015ft\u0131rmac\u0131lar, ebeveynler ve insan do\u011fas\u0131na merak duyan herkes i\u00e7in \u00f6nemli bir kaynak olmay\u0131 s\u00fcrd\u00fcr\u00fcyor.<\/p>\n","protected":false},"excerpt":{"rendered":"<p>\u0130nsan geli\u015fimi, yaln\u0131zca biyolojik bir s\u00fcre\u00e7 de\u011fil, her an\u0131 yo\u011fun ili\u015fkisel \u00f6r\u00fcnt\u00fclerle \u015fekillenen bir varolu\u015f bi\u00e7imidir. Daniel Stern\u2019\u00fcn klasikle\u015fmi\u015f eseri Bebe\u011fin Ki\u015fileraras\u0131 D\u00fcnyas\u0131, modern psikoloji ve<span class=\"excerpt-hellip\"> [\u2026]<\/span><\/p>\n","protected":false},"featured_media":0,"template":"","meta":{"_monsterinsights_skip_tracking":false,"_monsterinsights_sitenote_active":false,"_monsterinsights_sitenote_note":"","_monsterinsights_sitenote_category":0},"product_brand":[],"product_cat":[12679,12357],"product_tag":[],"class_list":{"0":"post-783179","1":"product","2":"type-product","3":"status-publish","5":"product_cat-cocuk-psikolojisi","6":"product_cat-psikoloji","7":"pa_cilt-ciltsiz","8":"pa_tur-kitap","9":"pa_yayinevi-is-bankasi-kultur-yayinlari","10":"pa_yazar-daniel-n-stern","12":"first","13":"instock","14":"sale","15":"shipping-taxable","16":"purchasable","17":"product-type-simple"},"_links":{"self":[{"href":"https:\/\/roveyayinevi.com.tr\/index.php\/wp-json\/wp\/v2\/product\/783179","targetHints":{"allow":["GET"]}}],"collection":[{"href":"https:\/\/roveyayinevi.com.tr\/index.php\/wp-json\/wp\/v2\/product"}],"about":[{"href":"https:\/\/roveyayinevi.com.tr\/index.php\/wp-json\/wp\/v2\/types\/product"}],"wp:attachment":[{"href":"https:\/\/roveyayinevi.com.tr\/index.php\/wp-json\/wp\/v2\/media?parent=783179"}],"wp:term":[{"taxonomy":"product_brand","embeddable":true,"href":"https:\/\/roveyayinevi.com.tr\/index.php\/wp-json\/wp\/v2\/product_brand?post=783179"},{"taxonomy":"product_cat","embeddable":true,"href":"https:\/\/roveyayinevi.com.tr\/index.php\/wp-json\/wp\/v2\/product_cat?post=783179"},{"taxonomy":"product_tag","embeddable":true,"href":"https:\/\/roveyayinevi.com.tr\/index.php\/wp-json\/wp\/v2\/product_tag?post=783179"}],"curies":[{"name":"wp","href":"https:\/\/api.w.org\/{rel}","templated":true}]}}