{"id":783178,"date":"2026-02-23T13:18:01","date_gmt":"2026-02-23T10:18:01","guid":{"rendered":"https:\/\/roveyayinevi.com.tr\/index.php\/urun\/araba-sevdasi-15\/"},"modified":"2026-04-15T03:47:33","modified_gmt":"2026-04-15T00:47:33","slug":"araba-sevdasi-15","status":"publish","type":"product","link":"https:\/\/roveyayinevi.com.tr\/index.php\/urun\/araba-sevdasi-15\/","title":{"rendered":"Araba Sevdas\u0131"},"content":{"rendered":"<p>Bihruz Bey yar\u0131m yamalak e\u011fitim g\u00f6rm\u00fc\u015f, \u015f\u0131mar\u0131k, hayalperest ve mirasyedi bir vezir \u00e7ocu\u011fudur. \u00c7al\u0131\u015ft\u0131\u011f\u0131 daireye arada bir u\u011frayan bu Tanzimat gencinin \u015f\u0131k giyinmek, l\u00fcks arabas\u0131yla mesirelerde boy g\u00f6stermek, Beyo\u011flu\u2019ndaki ma\u011fazalardan pahal\u0131 sipari\u015fler vermek ve konu\u015furken Frans\u0131zca s\u00f6zc\u00fckler kullanmak gibi \u00f6zenti zevkleri vard\u0131r. Bir g\u00fcn piyasa etmek i\u00e7in \u00c7aml\u0131ca Bah\u00e7esi\u2019ne giden Bihruz Bey l\u00fcks bir landoda \u00e7ok g\u00fczel bir kad\u0131n g\u00f6r\u00fcr ve hemen \u00e2\u015f\u0131k olur. Ad\u0131n\u0131n Perive\u015f oldu\u011funu \u00f6\u011frendi\u011fi ve y\u00fcksek s\u0131n\u0131ftan sand\u0131\u011f\u0131 bu kad\u0131nla ileti\u015fim kurmaya \u00e7al\u0131\u015f\u0131r ancak sonu\u00e7 alamaz. Zamanla yemeden i\u00e7meden kesilir ve kafas\u0131nda hayali sevgilisiyle ya\u015fad\u0131\u011f\u0131 bir d\u00fcnya kurar. Yalanc\u0131l\u0131\u011f\u0131yla me\u015fhur arkada\u015f\u0131 Ke\u015ffi Bey\u2019den sevgilisinin \u00f6ld\u00fc\u011f\u00fcn\u00fc \u00f6\u011frenince bu \u00f6l\u00fcme kendi a\u015fk\u0131n\u0131n ve sevgilisine g\u00f6nderdi\u011fi mektupta yanl\u0131\u015f se\u00e7ilen bir \u015fiirin sebep oldu\u011funa inan\u0131r. Kendini affettirmek i\u00e7in bu sefer de Perive\u015f\u2019in mezar\u0131n\u0131 aramaya ba\u015flar. Recaizade Mahmut Ekrem, Araba Sevdas\u0131\u2019nda yaratt\u0131\u011f\u0131 Bihruz tipiyle bir yandan \u00f6zenti alafrangal\u0131k ele\u015ftirisi yaparken \u00f6te yandan d\u00f6nemin edebiyat d\u00fcnyas\u0131nda yayg\u0131n olan romantik ak\u0131mla da alay etmekten geri durmaz. \u201cB\u00fct\u00fcn roman bir \u015fakaya benzer. Hatta \u00f6l\u00fcm bile bir \u015fakad\u0131r ve yaland\u0131r. A\u015fk bir \u015fakad\u0131r yahut yanl\u0131\u015fl\u0131klar komedisidir. Fakat gizli zembereklere gelince i\u015f de\u011fi\u015fir. Terbiye ve de\u011ferler yoklu\u011funda Recaizade en sarih dille konu\u015fur.\u201d Ahmet Hamdi Tanp\u0131nar<\/p>\n","protected":false},"excerpt":{"rendered":"<p>Bihruz Bey yar\u0131m yamalak e\u011fitim g\u00f6rm\u00fc\u015f, \u015f\u0131mar\u0131k, hayalperest ve mirasyedi bir vezir \u00e7ocu\u011fudur. \u00c7al\u0131\u015ft\u0131\u011f\u0131 daireye arada bir u\u011frayan bu Tanzimat gencinin \u015f\u0131k giyinmek, l\u00fcks arabas\u0131yla mesirelerde<span class=\"excerpt-hellip\"> [\u2026]<\/span><\/p>\n","protected":false},"featured_media":0,"template":"","meta":{"_monsterinsights_skip_tracking":false,"_monsterinsights_sitenote_active":false,"_monsterinsights_sitenote_note":"","_monsterinsights_sitenote_category":0},"product_brand":[],"product_cat":[12291,12292],"product_tag":[],"class_list":{"0":"post-783178","1":"product","2":"type-product","3":"status-publish","5":"product_cat-edebiyat","6":"product_cat-turk-edebiyati","7":"pa_cilt-ciltsiz","8":"pa_tur-kitap","9":"pa_yayinevi-is-bankasi-kultur-yayinlari","10":"pa_yazar-recaizade-mahmut-ekrem","12":"first","13":"instock","14":"sale","15":"shipping-taxable","16":"purchasable","17":"product-type-simple"},"_links":{"self":[{"href":"https:\/\/roveyayinevi.com.tr\/index.php\/wp-json\/wp\/v2\/product\/783178","targetHints":{"allow":["GET"]}}],"collection":[{"href":"https:\/\/roveyayinevi.com.tr\/index.php\/wp-json\/wp\/v2\/product"}],"about":[{"href":"https:\/\/roveyayinevi.com.tr\/index.php\/wp-json\/wp\/v2\/types\/product"}],"wp:attachment":[{"href":"https:\/\/roveyayinevi.com.tr\/index.php\/wp-json\/wp\/v2\/media?parent=783178"}],"wp:term":[{"taxonomy":"product_brand","embeddable":true,"href":"https:\/\/roveyayinevi.com.tr\/index.php\/wp-json\/wp\/v2\/product_brand?post=783178"},{"taxonomy":"product_cat","embeddable":true,"href":"https:\/\/roveyayinevi.com.tr\/index.php\/wp-json\/wp\/v2\/product_cat?post=783178"},{"taxonomy":"product_tag","embeddable":true,"href":"https:\/\/roveyayinevi.com.tr\/index.php\/wp-json\/wp\/v2\/product_tag?post=783178"}],"curies":[{"name":"wp","href":"https:\/\/api.w.org\/{rel}","templated":true}]}}