{"id":783172,"date":"2026-02-23T13:17:40","date_gmt":"2026-02-23T10:17:40","guid":{"rendered":"https:\/\/roveyayinevi.com.tr\/index.php\/urun\/her-gun-bir-adim-daha-buyuyorum-ogreniyorum-mantiksal-dusunme-etkinlikleri\/"},"modified":"2026-04-15T03:47:33","modified_gmt":"2026-04-15T00:47:33","slug":"her-gun-bir-adim-daha-buyuyorum-ogreniyorum-mantiksal-dusunme-etkinlikleri","status":"publish","type":"product","link":"https:\/\/roveyayinevi.com.tr\/index.php\/urun\/her-gun-bir-adim-daha-buyuyorum-ogreniyorum-mantiksal-dusunme-etkinlikleri\/","title":{"rendered":"Her G\u00fcn Bir Ad\u0131m Daha: B\u00fcy\u00fcyorum \u00d6\u011freniyorum! &#8211; Mant\u0131ksal D\u00fc\u015f\u00fcnme Etkinlikleri"},"content":{"rendered":"<p>Her soru bir bulmaca, her bulmaca yeni bir ke\u015fif!Bu e\u011flenceli kitapla \u00e7ocuklar neden-sonu\u00e7 ili\u015fkisi kuruyor, ak\u0131l y\u00fcr\u00fct\u00fcyor, tahminde bulunuyor ve kendi \u00e7\u00f6z\u00fcmlerini yarat\u0131yor. Renkli sayfalarla dolu etkinliklerle zaman ge\u00e7irirken dikkatini topluyor, mant\u0131\u011f\u0131n\u0131 kullan\u0131yor ve e\u011flenerek \u00f6\u011freniyor!Her G\u00fcn Bir Ad\u0131m Daha: B\u00fcy\u00fcyorum \u00d6\u011freniyorum! \u00e7ocuklar\u0131n mant\u0131ksal d\u00fc\u015f\u00fcnme ve problem \u00e7\u00f6zme becerilerini geli\u015ftiren, e\u011flenceli ve ke\u015fif dolu bir yol arkada\u015f\u0131&#8230;Destekledi\u011fi geli\u015fim alanlar\u0131:G\u00f6rsel DikkatSes Fark\u0131ndal\u0131\u011f\u0131El G\u00f6z KoordinasyonuE\u015fle\u015ftirmeAy\u0131rt EtmeB\u00fct\u00fcn\u00fc G\u00f6rmeS\u0131n\u0131flamaKar\u015f\u0131la\u015ft\u0131rma\u0130nce Motor BecerileriD\u00fc\u015f\u00fcnme BecerisiBa\u011flant \u0131 KurmaSay\u0131sal D\u00fc\u015f\u00fcnmeDil BecerisiY\u00f6n \/ Mek\u00e2nda Konum<\/p>\n","protected":false},"excerpt":{"rendered":"<p>Her soru bir bulmaca, her bulmaca yeni bir ke\u015fif!Bu e\u011flenceli kitapla \u00e7ocuklar neden-sonu\u00e7 ili\u015fkisi kuruyor, ak\u0131l y\u00fcr\u00fct\u00fcyor, tahminde bulunuyor ve kendi \u00e7\u00f6z\u00fcmlerini yarat\u0131yor. Renkli sayfalarla dolu<span class=\"excerpt-hellip\"> [\u2026]<\/span><\/p>\n","protected":false},"featured_media":0,"template":"","meta":{"_monsterinsights_skip_tracking":false,"_monsterinsights_sitenote_active":false,"_monsterinsights_sitenote_note":"","_monsterinsights_sitenote_category":0},"product_brand":[],"product_cat":[12274,12518],"product_tag":[],"class_list":{"0":"post-783172","1":"product","2":"type-product","3":"status-publish","5":"product_cat-cocuk-ve-genclik-kitaplari","6":"product_cat-okul-oncesi-kitaplar","7":"pa_cilt-ciltsiz","8":"pa_tur-kitap","9":"pa_yayinevi-sel-yayincilik","10":"pa_yazar-kolektif","12":"first","13":"instock","14":"sale","15":"shipping-taxable","16":"purchasable","17":"product-type-simple"},"_links":{"self":[{"href":"https:\/\/roveyayinevi.com.tr\/index.php\/wp-json\/wp\/v2\/product\/783172","targetHints":{"allow":["GET"]}}],"collection":[{"href":"https:\/\/roveyayinevi.com.tr\/index.php\/wp-json\/wp\/v2\/product"}],"about":[{"href":"https:\/\/roveyayinevi.com.tr\/index.php\/wp-json\/wp\/v2\/types\/product"}],"wp:attachment":[{"href":"https:\/\/roveyayinevi.com.tr\/index.php\/wp-json\/wp\/v2\/media?parent=783172"}],"wp:term":[{"taxonomy":"product_brand","embeddable":true,"href":"https:\/\/roveyayinevi.com.tr\/index.php\/wp-json\/wp\/v2\/product_brand?post=783172"},{"taxonomy":"product_cat","embeddable":true,"href":"https:\/\/roveyayinevi.com.tr\/index.php\/wp-json\/wp\/v2\/product_cat?post=783172"},{"taxonomy":"product_tag","embeddable":true,"href":"https:\/\/roveyayinevi.com.tr\/index.php\/wp-json\/wp\/v2\/product_tag?post=783172"}],"curies":[{"name":"wp","href":"https:\/\/api.w.org\/{rel}","templated":true}]}}