{"id":783166,"date":"2026-02-23T13:17:22","date_gmt":"2026-02-23T10:17:22","guid":{"rendered":"https:\/\/roveyayinevi.com.tr\/index.php\/urun\/tarsus-tarihi-anitlari-ve-hikayeleri\/"},"modified":"2026-04-14T03:44:35","modified_gmt":"2026-04-14T00:44:35","slug":"tarsus-tarihi-anitlari-ve-hikayeleri","status":"publish","type":"product","link":"https:\/\/roveyayinevi.com.tr\/index.php\/urun\/tarsus-tarihi-anitlari-ve-hikayeleri\/","title":{"rendered":"Tarsus Tarihi, An\u0131tlar\u0131 ve Hikayeleri"},"content":{"rendered":"<p>Tarsus, tarih boyunca sadece bir ticaret merkezi de\u011fil, ayn\u0131 zamanda bereketin, medeniyetlerin ve k\u00fclt\u00fcrel kesi\u015fimin kalbi olmu\u015ftur. C\u00f6mert topraklar\u0131, hayat veren su kaynaklar\u0131 ve co\u011frafi konumu, bu kadim \u015fehri, inan\u00e7lar\u0131n, dillerin ve sanatlar\u0131n i\u00e7 i\u00e7e ge\u00e7ti\u011fi zengin bir mozaik, e\u015fsiz bir ya\u015fam merkezi k\u0131lm\u0131\u015ft\u0131r. Bu \u00e7ok katmanl\u0131 tarihi doku, Tarsus\u2019umuzu as\u0131rlar boyunca efsanelerin, derin bilginin ve benzersiz bir k\u00fclt\u00fcrel birikimin merkezihaline getirmi\u015ftir.<\/p>\n","protected":false},"excerpt":{"rendered":"<p>Tarsus, tarih boyunca sadece bir ticaret merkezi de\u011fil, ayn\u0131 zamanda bereketin, medeniyetlerin ve k\u00fclt\u00fcrel kesi\u015fimin kalbi olmu\u015ftur. C\u00f6mert topraklar\u0131, hayat veren su kaynaklar\u0131 ve co\u011frafi konumu,<span class=\"excerpt-hellip\"> [\u2026]<\/span><\/p>\n","protected":false},"featured_media":0,"template":"","meta":{"_monsterinsights_skip_tracking":false,"_monsterinsights_sitenote_active":false,"_monsterinsights_sitenote_note":"","_monsterinsights_sitenote_category":0},"product_brand":[],"product_cat":[52477,52478],"product_tag":[],"class_list":{"0":"post-783166","1":"product","2":"type-product","3":"status-publish","5":"product_cat-arastirma","6":"product_cat-arkeoloji","7":"pa_cilt-ciltsiz","8":"pa_tur-kitap","9":"pa_yayinevi-bilgin-kultur-sanat","10":"pa_yazar-deniz-kaplan","12":"first","13":"instock","14":"sale","15":"shipping-taxable","16":"purchasable","17":"product-type-simple"},"_links":{"self":[{"href":"https:\/\/roveyayinevi.com.tr\/index.php\/wp-json\/wp\/v2\/product\/783166","targetHints":{"allow":["GET"]}}],"collection":[{"href":"https:\/\/roveyayinevi.com.tr\/index.php\/wp-json\/wp\/v2\/product"}],"about":[{"href":"https:\/\/roveyayinevi.com.tr\/index.php\/wp-json\/wp\/v2\/types\/product"}],"wp:attachment":[{"href":"https:\/\/roveyayinevi.com.tr\/index.php\/wp-json\/wp\/v2\/media?parent=783166"}],"wp:term":[{"taxonomy":"product_brand","embeddable":true,"href":"https:\/\/roveyayinevi.com.tr\/index.php\/wp-json\/wp\/v2\/product_brand?post=783166"},{"taxonomy":"product_cat","embeddable":true,"href":"https:\/\/roveyayinevi.com.tr\/index.php\/wp-json\/wp\/v2\/product_cat?post=783166"},{"taxonomy":"product_tag","embeddable":true,"href":"https:\/\/roveyayinevi.com.tr\/index.php\/wp-json\/wp\/v2\/product_tag?post=783166"}],"curies":[{"name":"wp","href":"https:\/\/api.w.org\/{rel}","templated":true}]}}