{"id":783161,"date":"2026-02-23T13:17:09","date_gmt":"2026-02-23T10:17:09","guid":{"rendered":"https:\/\/roveyayinevi.com.tr\/index.php\/urun\/dersimin-dersi\/"},"modified":"2026-04-15T03:47:33","modified_gmt":"2026-04-15T00:47:33","slug":"dersimin-dersi","status":"publish","type":"product","link":"https:\/\/roveyayinevi.com.tr\/index.php\/urun\/dersimin-dersi\/","title":{"rendered":"Dersim&#8217;in Dersi"},"content":{"rendered":"<p>Yang\u0131nlara Dumanlar y\u00fckselirkenDesim\u2019in k\u00f6ylerindenAnlatabilir mi ac\u0131lar\u0131m\u0131Akan g\u00f6zya\u015f\u0131 olsaMunzur\u2019un g\u00f6zeleri. Oturmu\u015f konu\u015fmu\u015flarEllerinin isleriyleYakanlar kimdir diye.Ne yerim varm\u0131\u015f k\u00f6\u015fedeNe de s\u00f6z\u00fcm s\u00f6ylemde. Kimsesiz bakarken k\u00f6yYang\u0131n d\u00fc\u015ft\u00fc kavgaya.K\u00f6z k\u00f6z olmu\u015fken toprakHer yang\u0131n ayd\u0131nl\u0131kt\u0131rDersim\u2019in g\u00f6klerinde.<\/p>\n","protected":false},"excerpt":{"rendered":"<p>Yang\u0131nlara Dumanlar y\u00fckselirkenDesim\u2019in k\u00f6ylerindenAnlatabilir mi ac\u0131lar\u0131m\u0131Akan g\u00f6zya\u015f\u0131 olsaMunzur\u2019un g\u00f6zeleri. Oturmu\u015f konu\u015fmu\u015flarEllerinin isleriyleYakanlar kimdir diye.Ne yerim varm\u0131\u015f k\u00f6\u015fedeNe de s\u00f6z\u00fcm s\u00f6ylemde. Kimsesiz bakarken k\u00f6yYang\u0131n d\u00fc\u015ft\u00fc kavgaya.K\u00f6z k\u00f6z<span class=\"excerpt-hellip\"> [\u2026]<\/span><\/p>\n","protected":false},"featured_media":0,"template":"","meta":{"_monsterinsights_skip_tracking":false,"_monsterinsights_sitenote_active":false,"_monsterinsights_sitenote_note":"","_monsterinsights_sitenote_category":0},"product_brand":[],"product_cat":[20039,13488],"product_tag":[],"class_list":{"0":"post-783161","1":"product","2":"type-product","3":"status-publish","5":"product_cat-kultur-tarihi","6":"product_cat-toplum-ve-insan","7":"pa_cilt-ciltsiz","8":"pa_tur-kitap","9":"pa_yayinevi-somut-yayinlari","10":"pa_yazar-devrim-ser-cimdemir","12":"first","13":"instock","14":"sale","15":"shipping-taxable","16":"purchasable","17":"product-type-simple"},"_links":{"self":[{"href":"https:\/\/roveyayinevi.com.tr\/index.php\/wp-json\/wp\/v2\/product\/783161","targetHints":{"allow":["GET"]}}],"collection":[{"href":"https:\/\/roveyayinevi.com.tr\/index.php\/wp-json\/wp\/v2\/product"}],"about":[{"href":"https:\/\/roveyayinevi.com.tr\/index.php\/wp-json\/wp\/v2\/types\/product"}],"wp:attachment":[{"href":"https:\/\/roveyayinevi.com.tr\/index.php\/wp-json\/wp\/v2\/media?parent=783161"}],"wp:term":[{"taxonomy":"product_brand","embeddable":true,"href":"https:\/\/roveyayinevi.com.tr\/index.php\/wp-json\/wp\/v2\/product_brand?post=783161"},{"taxonomy":"product_cat","embeddable":true,"href":"https:\/\/roveyayinevi.com.tr\/index.php\/wp-json\/wp\/v2\/product_cat?post=783161"},{"taxonomy":"product_tag","embeddable":true,"href":"https:\/\/roveyayinevi.com.tr\/index.php\/wp-json\/wp\/v2\/product_tag?post=783161"}],"curies":[{"name":"wp","href":"https:\/\/api.w.org\/{rel}","templated":true}]}}