{"id":783157,"date":"2026-02-23T13:16:56","date_gmt":"2026-02-23T10:16:56","guid":{"rendered":"https:\/\/roveyayinevi.com.tr\/index.php\/urun\/kadin-degil-karanlik-yasemin\/"},"modified":"2026-04-15T03:47:33","modified_gmt":"2026-04-15T00:47:33","slug":"kadin-degil-karanlik-yasemin","status":"publish","type":"product","link":"https:\/\/roveyayinevi.com.tr\/index.php\/urun\/kadin-degil-karanlik-yasemin\/","title":{"rendered":"Kad\u0131n De\u011fil, Karanl\u0131k : Yasemin"},"content":{"rendered":"<p>Yenido\u011fan Mahallesinde K\u00f6t\u00fcl\u00fck, kap\u0131 aral\u0131klar\u0131nda s\u0131zan bir r\u00fczgar gibi \u00f6nce f\u0131s\u0131lt\u0131yla ba\u015flad\u0131. Sonra g\u00f6lge, cinayetlere, korkuya ve nihayet ad\u0131n\u0131 bile anmaya cesaret edilemeyen bir kad\u0131na d\u00f6n\u00fc\u015ft\u00fc:Yasemin.O s\u0131radan bir kad\u0131n de\u011fildi.Sevgi bilmeden b\u00fcy\u00fcm\u00fc\u015f bir ruhun \u00e7\u00fcr\u00fcm\u00fc\u015f karanl\u0131\u011f\u0131 de\u011fildi sadece\u2026O di\u011fer g\u00f6lgelerin bile geri \u00e7ekildi\u011fi, bir \u00fcst g\u00f6lgenin beden bulmu\u015f haliydi.Kom\u015fular\u0131n\u0131n kabusu oldu.Arkada\u015f\u0131n\u0131n akl\u0131n\u0131 ald\u0131.Mahalleyi sessizli\u011fe g\u00f6md\u00fc.Ve i\u00e7indeki varl\u0131\u011f\u0131n kimse tahmin edemeyece\u011fi kadar eski  ve tehlikeli oldu\u011fu ger\u00e7e\u011fi\u2026Ancak \u00f6ld\u00fc\u011f\u00fcnde ortaya \u00e7\u0131kt\u0131.Mahkeme onu ak\u0131l hastanesine mahkum etti ama o gece hastanenin koridorlar\u0131nda sadece \u00e7\u0131\u011fl\u0131klar de\u011fil, a\u00e7\u0131klanamayan bir \u015fey dola\u015ft\u0131.\u00c7\u00fcnk\u00fc Yasemin\u2019in \u00f6l\u00fcm\u00fc bir son de\u011fildi. \u0130\u00e7indeki \u00fcst d\u00fczey \u015feytan , yeni bir beden aramak i\u00e7in \u00f6zg\u00fcrl\u00fc\u011f\u00fcne kavu\u015fmu\u015ftu.Bu roman; insan\u0131n karanl\u0131k y\u00fcz\u00fcn\u00fc, akl\u0131n s\u0131n\u0131rlar\u0131n\u0131, metafizik bir k\u00f6t\u00fcl\u00fc\u011f\u00fcn Sessiz y\u00fcr\u00fcy\u00fc\u015f\u00fcn\u00fc anlat\u0131yor. Korkunun sadece d\u0131\u015far\u0131dan de\u011fil, bazen i\u00e7imizden geldi\u011fini hat\u0131rlatan \u00e7arp\u0131c\u0131 bir ger\u00e7eklik<\/p>\n","protected":false},"excerpt":{"rendered":"<p>Yenido\u011fan Mahallesinde K\u00f6t\u00fcl\u00fck, kap\u0131 aral\u0131klar\u0131nda s\u0131zan bir r\u00fczgar gibi \u00f6nce f\u0131s\u0131lt\u0131yla ba\u015flad\u0131. Sonra g\u00f6lge, cinayetlere, korkuya ve nihayet ad\u0131n\u0131 bile anmaya cesaret edilemeyen bir kad\u0131na d\u00f6n\u00fc\u015ft\u00fc:Yasemin.O<span class=\"excerpt-hellip\"> [\u2026]<\/span><\/p>\n","protected":false},"featured_media":0,"template":"","meta":{"_monsterinsights_skip_tracking":false,"_monsterinsights_sitenote_active":false,"_monsterinsights_sitenote_note":"","_monsterinsights_sitenote_category":0},"product_brand":[],"product_cat":[12291,17033],"product_tag":[],"class_list":{"0":"post-783157","1":"product","2":"type-product","3":"status-publish","5":"product_cat-edebiyat","6":"product_cat-korku-gerilim","7":"pa_cilt-ciltsiz","8":"pa_tur-kitap","9":"pa_yayinevi-gimsetap-yayinlari","10":"pa_yazar-omer-murat-sen","12":"first","13":"instock","14":"sale","15":"shipping-taxable","16":"purchasable","17":"product-type-simple"},"_links":{"self":[{"href":"https:\/\/roveyayinevi.com.tr\/index.php\/wp-json\/wp\/v2\/product\/783157","targetHints":{"allow":["GET"]}}],"collection":[{"href":"https:\/\/roveyayinevi.com.tr\/index.php\/wp-json\/wp\/v2\/product"}],"about":[{"href":"https:\/\/roveyayinevi.com.tr\/index.php\/wp-json\/wp\/v2\/types\/product"}],"wp:attachment":[{"href":"https:\/\/roveyayinevi.com.tr\/index.php\/wp-json\/wp\/v2\/media?parent=783157"}],"wp:term":[{"taxonomy":"product_brand","embeddable":true,"href":"https:\/\/roveyayinevi.com.tr\/index.php\/wp-json\/wp\/v2\/product_brand?post=783157"},{"taxonomy":"product_cat","embeddable":true,"href":"https:\/\/roveyayinevi.com.tr\/index.php\/wp-json\/wp\/v2\/product_cat?post=783157"},{"taxonomy":"product_tag","embeddable":true,"href":"https:\/\/roveyayinevi.com.tr\/index.php\/wp-json\/wp\/v2\/product_tag?post=783157"}],"curies":[{"name":"wp","href":"https:\/\/api.w.org\/{rel}","templated":true}]}}