{"id":783155,"date":"2026-02-23T13:16:46","date_gmt":"2026-02-23T10:16:46","guid":{"rendered":"https:\/\/roveyayinevi.com.tr\/index.php\/urun\/genclerin-sevdasi-cicekler-gibi-ask-siirleri\/"},"modified":"2026-04-15T03:47:33","modified_gmt":"2026-04-15T00:47:33","slug":"genclerin-sevdasi-cicekler-gibi-ask-siirleri","status":"publish","type":"product","link":"https:\/\/roveyayinevi.com.tr\/index.php\/urun\/genclerin-sevdasi-cicekler-gibi-ask-siirleri\/","title":{"rendered":"Gen\u00e7lerin Sevdas\u0131 \u00c7i\u00e7ekler Gibi A\u015fk \u015eiirleri"},"content":{"rendered":"<p>&#8220;Gen\u00e7lerin Sevdas\u0131 : \u00c7i\u00e7ekler Gibi A\u015fkGen\u00e7lik, bahar gibi co\u015fkulu,Sevdas\u0131, \u00e7i\u00e7ekler gibi rengarenk.Duygular sayfalara d\u00f6k\u00fcl\u00fcr,Her \u015fiir bir umut, bir ger\u00e7ek.Bu kitap, gen\u00e7lerin hayallerini, duygular\u0131n\u0131 ve ya\u015fam\u0131n i\u00e7indeki yerlerini ke\u015ffetmeleri i\u00e7in kaleme al\u0131nm\u0131\u015ft\u0131r. Lise ve \u00dcniversite \u00f6\u011frencilerine hitap eden bu eser, gen\u00e7li\u011fin enerjisini, a\u015fk\u0131n\u0131 ve umutlar\u0131n\u0131 yans\u0131tan \u015fiirlerle doludur. Pozitif, ne\u015feli ve hayat dolu dizelerle gen\u00e7lerin kendilerini ifade etmelerine, birbirlerini daha iyi anlamalar\u0131na ve hayallerine ula\u015fmalar\u0131na \u0131\u015f\u0131k tutmay\u0131 ama\u00e7l\u0131yorum.Umar\u0131m bu eser, gen\u00e7lerin kalbine dokunur ve onlar\u0131n duygular\u0131na terc\u00fcman olur. Gen\u00e7lik bir \u015fiir gibi ya\u015fanmal\u0131; sevgiyle, umutla ve tutkuyla okuyuculara sunulmu\u015ftur&#8230;<\/p>\n","protected":false},"excerpt":{"rendered":"<p>&#8220;Gen\u00e7lerin Sevdas\u0131 : \u00c7i\u00e7ekler Gibi A\u015fkGen\u00e7lik, bahar gibi co\u015fkulu,Sevdas\u0131, \u00e7i\u00e7ekler gibi rengarenk.Duygular sayfalara d\u00f6k\u00fcl\u00fcr,Her \u015fiir bir umut, bir ger\u00e7ek.Bu kitap, gen\u00e7lerin hayallerini, duygular\u0131n\u0131 ve ya\u015fam\u0131n i\u00e7indeki<span class=\"excerpt-hellip\"> [\u2026]<\/span><\/p>\n","protected":false},"featured_media":0,"template":"","meta":{"_monsterinsights_skip_tracking":false,"_monsterinsights_sitenote_active":false,"_monsterinsights_sitenote_note":"","_monsterinsights_sitenote_category":0},"product_brand":[],"product_cat":[12291,12509],"product_tag":[],"class_list":{"0":"post-783155","1":"product","2":"type-product","3":"status-publish","5":"product_cat-edebiyat","6":"product_cat-siir","7":"pa_cilt-ciltsiz","8":"pa_tur-kitap","9":"pa_yayinevi-gimsetap-yayinlari","10":"pa_yazar-mehmet-serif-ozdemir","12":"first","13":"instock","14":"sale","15":"shipping-taxable","16":"purchasable","17":"product-type-simple"},"_links":{"self":[{"href":"https:\/\/roveyayinevi.com.tr\/index.php\/wp-json\/wp\/v2\/product\/783155","targetHints":{"allow":["GET"]}}],"collection":[{"href":"https:\/\/roveyayinevi.com.tr\/index.php\/wp-json\/wp\/v2\/product"}],"about":[{"href":"https:\/\/roveyayinevi.com.tr\/index.php\/wp-json\/wp\/v2\/types\/product"}],"wp:attachment":[{"href":"https:\/\/roveyayinevi.com.tr\/index.php\/wp-json\/wp\/v2\/media?parent=783155"}],"wp:term":[{"taxonomy":"product_brand","embeddable":true,"href":"https:\/\/roveyayinevi.com.tr\/index.php\/wp-json\/wp\/v2\/product_brand?post=783155"},{"taxonomy":"product_cat","embeddable":true,"href":"https:\/\/roveyayinevi.com.tr\/index.php\/wp-json\/wp\/v2\/product_cat?post=783155"},{"taxonomy":"product_tag","embeddable":true,"href":"https:\/\/roveyayinevi.com.tr\/index.php\/wp-json\/wp\/v2\/product_tag?post=783155"}],"curies":[{"name":"wp","href":"https:\/\/api.w.org\/{rel}","templated":true}]}}