{"id":783153,"date":"2026-02-23T13:16:38","date_gmt":"2026-02-23T10:16:38","guid":{"rendered":"https:\/\/roveyayinevi.com.tr\/index.php\/urun\/elmer-ile-ejderha\/"},"modified":"2026-04-15T03:47:32","modified_gmt":"2026-04-15T00:47:32","slug":"elmer-ile-ejderha","status":"publish","type":"product","link":"https:\/\/roveyayinevi.com.tr\/index.php\/urun\/elmer-ile-ejderha\/","title":{"rendered":"Elmer ile Ejderha"},"content":{"rendered":"<p>Babam\u0131n Ejderhas\u0131 serisinin bu ikinci kitab\u0131nda Elmer Elevator, Vah\u015fi Ada maceras\u0131ndan sonra eve d\u00f6nmeye haz\u0131r. Yeni arkada\u015f\u0131 bebek ejderha onu s\u0131rt\u0131nda eve g\u00f6t\u00fcrmeyi teklif edince ikisi birlikte yola koyuluyorlar. Ama yolda f\u0131rt\u0131naya yakalan\u0131p acil ini\u015f yapmak zorunda kalan Elmer ile ejderha, kendilerini kafeslerinden ka\u00e7an kanaryalarla dolu bir adada buluyor. \u00c7ok ge\u00e7meden adadaki b\u00fct\u00fcn kanaryalar\u0131n meraktan hasta d\u00fc\u015ft\u00fcklerini \u00f6\u011frenen ve onlar\u0131n neyi bu kadar merak ettiklerini merak eden Elmer bu gizemi \u00e7\u00f6zmek i\u00e7in kollar\u0131 s\u0131v\u0131yor.<\/p>\n","protected":false},"excerpt":{"rendered":"<p>Babam\u0131n Ejderhas\u0131 serisinin bu ikinci kitab\u0131nda Elmer Elevator, Vah\u015fi Ada maceras\u0131ndan sonra eve d\u00f6nmeye haz\u0131r. Yeni arkada\u015f\u0131 bebek ejderha onu s\u0131rt\u0131nda eve g\u00f6t\u00fcrmeyi teklif edince ikisi<span class=\"excerpt-hellip\"> [\u2026]<\/span><\/p>\n","protected":false},"featured_media":0,"template":"","meta":{"_monsterinsights_skip_tracking":false,"_monsterinsights_sitenote_active":false,"_monsterinsights_sitenote_note":"","_monsterinsights_sitenote_category":0},"product_brand":[],"product_cat":[12274,12284],"product_tag":[],"class_list":{"0":"post-783153","1":"product","2":"type-product","3":"status-publish","5":"product_cat-cocuk-ve-genclik-kitaplari","6":"product_cat-hikayeler","7":"pa_cilt-ciltsiz","8":"pa_tur-kitap","9":"pa_yayinevi-beyaz-balina-yayinlari","10":"pa_yazar-ruth-stiles-gannett","12":"first","13":"instock","14":"sale","15":"shipping-taxable","16":"purchasable","17":"product-type-simple"},"_links":{"self":[{"href":"https:\/\/roveyayinevi.com.tr\/index.php\/wp-json\/wp\/v2\/product\/783153","targetHints":{"allow":["GET"]}}],"collection":[{"href":"https:\/\/roveyayinevi.com.tr\/index.php\/wp-json\/wp\/v2\/product"}],"about":[{"href":"https:\/\/roveyayinevi.com.tr\/index.php\/wp-json\/wp\/v2\/types\/product"}],"wp:attachment":[{"href":"https:\/\/roveyayinevi.com.tr\/index.php\/wp-json\/wp\/v2\/media?parent=783153"}],"wp:term":[{"taxonomy":"product_brand","embeddable":true,"href":"https:\/\/roveyayinevi.com.tr\/index.php\/wp-json\/wp\/v2\/product_brand?post=783153"},{"taxonomy":"product_cat","embeddable":true,"href":"https:\/\/roveyayinevi.com.tr\/index.php\/wp-json\/wp\/v2\/product_cat?post=783153"},{"taxonomy":"product_tag","embeddable":true,"href":"https:\/\/roveyayinevi.com.tr\/index.php\/wp-json\/wp\/v2\/product_tag?post=783153"}],"curies":[{"name":"wp","href":"https:\/\/api.w.org\/{rel}","templated":true}]}}