{"id":783152,"date":"2026-02-23T13:16:34","date_gmt":"2026-02-23T10:16:34","guid":{"rendered":"https:\/\/roveyayinevi.com.tr\/index.php\/urun\/kurt-ve-golgeler\/"},"modified":"2026-04-15T03:47:32","modified_gmt":"2026-04-15T00:47:32","slug":"kurt-ve-golgeler","status":"publish","type":"product","link":"https:\/\/roveyayinevi.com.tr\/index.php\/urun\/kurt-ve-golgeler\/","title":{"rendered":"Kurt ve G\u00f6lgeler"},"content":{"rendered":"<p>Kurt ve G\u00f6lgelerBaz\u0131 geceler vard\u0131r\u2026Karanl\u0131k sadece d\u0131\u015far\u0131da de\u011fil, insan\u0131n i\u00e7inde de b\u00fcy\u00fcr.O, ge\u00e7mi\u015fin g\u00f6lgeleriyle sava\u015f\u0131rken en b\u00fcy\u00fck d\u00fc\u015fman\u0131n\u0131n kendi kalbi oldu\u011funu fark etti.Bir y\u00fcz\u00fck, bir lanet, bir hat\u0131ra\u2026Hepsi ayn\u0131 soruyu f\u0131s\u0131ld\u0131yordu:\u201cKurt mu seni izliyor, yoksa sen mi g\u00f6lgelere d\u00f6n\u00fc\u015f\u00fcyorsun?\u201dHer ad\u0131mda biraz daha karanl\u0131\u011fa g\u00f6m\u00fcl\u00fcrken, geriye sadece bir ses kald\u0131:Uluyan bir yaln\u0131zl\u0131k.<\/p>\n","protected":false},"excerpt":{"rendered":"<p>Kurt ve G\u00f6lgelerBaz\u0131 geceler vard\u0131r\u2026Karanl\u0131k sadece d\u0131\u015far\u0131da de\u011fil, insan\u0131n i\u00e7inde de b\u00fcy\u00fcr.O, ge\u00e7mi\u015fin g\u00f6lgeleriyle sava\u015f\u0131rken en b\u00fcy\u00fck d\u00fc\u015fman\u0131n\u0131n kendi kalbi oldu\u011funu fark etti.Bir y\u00fcz\u00fck, bir lanet,<span class=\"excerpt-hellip\"> [\u2026]<\/span><\/p>\n","protected":false},"featured_media":0,"template":"","meta":{"_monsterinsights_skip_tracking":false,"_monsterinsights_sitenote_active":false,"_monsterinsights_sitenote_note":"","_monsterinsights_sitenote_category":0},"product_brand":[],"product_cat":[12291,12711],"product_tag":[],"class_list":{"0":"post-783152","1":"product","2":"type-product","3":"status-publish","5":"product_cat-edebiyat","6":"product_cat-roman-oyku","7":"pa_cilt-ciltsiz","8":"pa_tur-kitap","9":"pa_yayinevi-zet-yayinlari","10":"pa_yazar-umit-sirin","12":"first","13":"instock","14":"sale","15":"shipping-taxable","16":"purchasable","17":"product-type-simple"},"_links":{"self":[{"href":"https:\/\/roveyayinevi.com.tr\/index.php\/wp-json\/wp\/v2\/product\/783152","targetHints":{"allow":["GET"]}}],"collection":[{"href":"https:\/\/roveyayinevi.com.tr\/index.php\/wp-json\/wp\/v2\/product"}],"about":[{"href":"https:\/\/roveyayinevi.com.tr\/index.php\/wp-json\/wp\/v2\/types\/product"}],"wp:attachment":[{"href":"https:\/\/roveyayinevi.com.tr\/index.php\/wp-json\/wp\/v2\/media?parent=783152"}],"wp:term":[{"taxonomy":"product_brand","embeddable":true,"href":"https:\/\/roveyayinevi.com.tr\/index.php\/wp-json\/wp\/v2\/product_brand?post=783152"},{"taxonomy":"product_cat","embeddable":true,"href":"https:\/\/roveyayinevi.com.tr\/index.php\/wp-json\/wp\/v2\/product_cat?post=783152"},{"taxonomy":"product_tag","embeddable":true,"href":"https:\/\/roveyayinevi.com.tr\/index.php\/wp-json\/wp\/v2\/product_tag?post=783152"}],"curies":[{"name":"wp","href":"https:\/\/api.w.org\/{rel}","templated":true}]}}