{"id":783149,"date":"2026-02-23T13:16:27","date_gmt":"2026-02-23T10:16:27","guid":{"rendered":"https:\/\/roveyayinevi.com.tr\/index.php\/urun\/deha-denen-mitisyancilarin-canavarlarin-ve-kural-tanimazlarin-tehlikeli-cazibesi\/"},"modified":"2026-04-15T03:47:32","modified_gmt":"2026-04-15T00:47:32","slug":"deha-denen-mitisyancilarin-canavarlarin-ve-kural-tanimazlarin-tehlikeli-cazibesi","status":"publish","type":"product","link":"https:\/\/roveyayinevi.com.tr\/index.php\/urun\/deha-denen-mitisyancilarin-canavarlarin-ve-kural-tanimazlarin-tehlikeli-cazibesi\/","title":{"rendered":"Deha Denen Mit;\u0130syanc\u0131lar\u0131n, Canavarlar\u0131n ve Kural Tan\u0131mazlar\u0131n Tehlikeli Cazibesi"},"content":{"rendered":"<p>Dehay\u0131 tan\u0131mlayan \u015fey nedir? Ola\u011fan\u00fcst\u00fc bir yetenek mi? \u00dcst d\u00fczey bir zek\u00e2 m\u0131? Bitmez t\u00fckenmez bir azim mi? Bir par\u00e7a s\u0131ra d\u0131\u015f\u0131l\u0131k yahut delilik mi? \u201cBa\u015far\u0131lar\u0131n\u0131n yan\u0131 s\u0131ra, deha bir hik\u00e2yeye de ihtiya\u00e7 duyar\u201d diyor Helen Lewis benzersiz \u00e7al\u0131\u015fmas\u0131 Deha Denen Mit\u2019te. Shakespeare\u2019den Van Gogh\u2019a, Edison\u2019dan Elon Musk\u2019a, Vasari\u2019den Picasso\u2019ya, Francis Galton\u2019dan Tolstoy ve Beatles\u2019a uzanan pek \u00e7ok isim ve netameli konu etraf\u0131nda \u00f6r\u00fclen d\u00e2hilik mitolojisini yap\u0131s\u00f6k\u00fcm\u00fcne u\u011frat\u0131yor Lewis. Deha Denen Mit Helen Lewis\u2019in ola\u011fan\u00fcst\u00fc kaleminden dehan\u0131n par\u0131lt\u0131s\u0131n\u0131n kimi zaman bir\u00e7ok k\u00f6t\u00fcl\u00fc\u011f\u00fc \u00f6rtbas ederek bir s\u00f6m\u00fcr\u00fcye nas\u0131l d\u00f6n\u00fc\u015febildi\u011finin \u00e7arp\u0131c\u0131 hik\u00e2yesi. Zeki, e\u011flenceli ve k\u0131\u015fk\u0131rt\u0131c\u0131\u2026Laf\u0131n\u0131 esirgemeyen bir gazeteciden, beyin g\u00fcc\u00fcn\u00fc ba\u015f tac\u0131 etti\u011fimizde yaratt\u0131\u011f\u0131m\u0131z sorunlara dair etkileyici bir deneme.Adam Grant<\/p>\n","protected":false},"excerpt":{"rendered":"<p>Dehay\u0131 tan\u0131mlayan \u015fey nedir? Ola\u011fan\u00fcst\u00fc bir yetenek mi? \u00dcst d\u00fczey bir zek\u00e2 m\u0131? Bitmez t\u00fckenmez bir azim mi? Bir par\u00e7a s\u0131ra d\u0131\u015f\u0131l\u0131k yahut delilik mi? \u201cBa\u015far\u0131lar\u0131n\u0131n<span class=\"excerpt-hellip\"> [\u2026]<\/span><\/p>\n","protected":false},"featured_media":0,"template":"","meta":{"_monsterinsights_skip_tracking":false,"_monsterinsights_sitenote_active":false,"_monsterinsights_sitenote_note":"","_monsterinsights_sitenote_category":0},"product_brand":[],"product_cat":[12358,12357],"product_tag":[],"class_list":{"0":"post-783149","1":"product","2":"type-product","3":"status-publish","5":"product_cat-genel-psikoloji","6":"product_cat-psikoloji","7":"pa_cilt-ciltsiz","8":"pa_tur-kitap","9":"pa_yayinevi-yapi-kredi-yayinlari","10":"pa_yazar-helen-lewis","12":"first","13":"instock","14":"sale","15":"shipping-taxable","16":"purchasable","17":"product-type-simple"},"_links":{"self":[{"href":"https:\/\/roveyayinevi.com.tr\/index.php\/wp-json\/wp\/v2\/product\/783149","targetHints":{"allow":["GET"]}}],"collection":[{"href":"https:\/\/roveyayinevi.com.tr\/index.php\/wp-json\/wp\/v2\/product"}],"about":[{"href":"https:\/\/roveyayinevi.com.tr\/index.php\/wp-json\/wp\/v2\/types\/product"}],"wp:attachment":[{"href":"https:\/\/roveyayinevi.com.tr\/index.php\/wp-json\/wp\/v2\/media?parent=783149"}],"wp:term":[{"taxonomy":"product_brand","embeddable":true,"href":"https:\/\/roveyayinevi.com.tr\/index.php\/wp-json\/wp\/v2\/product_brand?post=783149"},{"taxonomy":"product_cat","embeddable":true,"href":"https:\/\/roveyayinevi.com.tr\/index.php\/wp-json\/wp\/v2\/product_cat?post=783149"},{"taxonomy":"product_tag","embeddable":true,"href":"https:\/\/roveyayinevi.com.tr\/index.php\/wp-json\/wp\/v2\/product_tag?post=783149"}],"curies":[{"name":"wp","href":"https:\/\/api.w.org\/{rel}","templated":true}]}}