{"id":783147,"date":"2026-02-23T13:16:21","date_gmt":"2026-02-23T10:16:21","guid":{"rendered":"https:\/\/roveyayinevi.com.tr\/index.php\/urun\/kiremitte-alabalik\/"},"modified":"2026-04-15T03:47:32","modified_gmt":"2026-04-15T00:47:32","slug":"kiremitte-alabalik","status":"publish","type":"product","link":"https:\/\/roveyayinevi.com.tr\/index.php\/urun\/kiremitte-alabalik\/","title":{"rendered":"Kiremitte Alabal\u0131k"},"content":{"rendered":"<p>R\u00f6nesans\u2019la birlikte \u0130talya\u2019da her alanda \u00e7ok y\u00f6nl\u00fc sanat\u00e7\u0131lar yeti\u015fmi\u015fti.Onlardan biri de 1467\u2019de do\u011fan Felicio O.\u2019ydu.B\u00fcy\u00fckbabas\u0131 ona \u2018Ku\u015flar, b\u00f6cekler ve \u00e7i\u00e7ekler do\u011fan\u0131n \u015fiirinin birer par\u00e7as\u0131d\u0131r\u2019 demi\u015fti.G\u00f6zlemledi\u011fi do\u011faya olan tutkusunu ve duyarl\u0131l\u0131\u011f\u0131n\u0131 kendi d\u00fc\u015f g\u00fcc\u00fcn\u00fcn ger\u00e7ekleriyle harmanlayarak eserlerine yans\u0131tmaya \u00e7al\u0131\u015ft\u0131.Kiremitte Alabal\u0131k \u2013 Bir R\u00fcyan\u0131n Pe\u015finde,Feridun Oral\u2019\u0131n kalem ve f\u0131r\u00e7as\u0131ndan kurgusal bir anlat\u0131, R\u00f6nesans \u0130talyas\u0131\u2019nda k\u0131sa bir gezinti\u2026<\/p>\n","protected":false},"excerpt":{"rendered":"<p>R\u00f6nesans\u2019la birlikte \u0130talya\u2019da her alanda \u00e7ok y\u00f6nl\u00fc sanat\u00e7\u0131lar yeti\u015fmi\u015fti.Onlardan biri de 1467\u2019de do\u011fan Felicio O.\u2019ydu.B\u00fcy\u00fckbabas\u0131 ona \u2018Ku\u015flar, b\u00f6cekler ve \u00e7i\u00e7ekler do\u011fan\u0131n \u015fiirinin birer par\u00e7as\u0131d\u0131r\u2019 demi\u015fti.G\u00f6zlemledi\u011fi do\u011faya<span class=\"excerpt-hellip\"> [\u2026]<\/span><\/p>\n","protected":false},"featured_media":0,"template":"","meta":{"_monsterinsights_skip_tracking":false,"_monsterinsights_sitenote_active":false,"_monsterinsights_sitenote_note":"","_monsterinsights_sitenote_category":0},"product_brand":[],"product_cat":[40414,12408],"product_tag":[],"class_list":{"0":"post-783147","1":"product","2":"type-product","3":"status-publish","5":"product_cat-referans-kitaplar-sanat","6":"product_cat-sanat","7":"pa_cilt-ciltsiz","8":"pa_tur-kitap","9":"pa_yayinevi-yapi-kredi-yayinlari","10":"pa_yazar-feridun-oral","12":"first","13":"instock","14":"sale","15":"shipping-taxable","16":"purchasable","17":"product-type-simple"},"_links":{"self":[{"href":"https:\/\/roveyayinevi.com.tr\/index.php\/wp-json\/wp\/v2\/product\/783147","targetHints":{"allow":["GET"]}}],"collection":[{"href":"https:\/\/roveyayinevi.com.tr\/index.php\/wp-json\/wp\/v2\/product"}],"about":[{"href":"https:\/\/roveyayinevi.com.tr\/index.php\/wp-json\/wp\/v2\/types\/product"}],"wp:attachment":[{"href":"https:\/\/roveyayinevi.com.tr\/index.php\/wp-json\/wp\/v2\/media?parent=783147"}],"wp:term":[{"taxonomy":"product_brand","embeddable":true,"href":"https:\/\/roveyayinevi.com.tr\/index.php\/wp-json\/wp\/v2\/product_brand?post=783147"},{"taxonomy":"product_cat","embeddable":true,"href":"https:\/\/roveyayinevi.com.tr\/index.php\/wp-json\/wp\/v2\/product_cat?post=783147"},{"taxonomy":"product_tag","embeddable":true,"href":"https:\/\/roveyayinevi.com.tr\/index.php\/wp-json\/wp\/v2\/product_tag?post=783147"}],"curies":[{"name":"wp","href":"https:\/\/api.w.org\/{rel}","templated":true}]}}