{"id":783145,"date":"2026-02-23T13:16:16","date_gmt":"2026-02-23T10:16:16","guid":{"rendered":"https:\/\/roveyayinevi.com.tr\/index.php\/urun\/sokak-lambasi-3\/"},"modified":"2026-04-15T03:47:32","modified_gmt":"2026-04-15T00:47:32","slug":"sokak-lambasi-3","status":"publish","type":"product","link":"https:\/\/roveyayinevi.com.tr\/index.php\/urun\/sokak-lambasi-3\/","title":{"rendered":"Sokak Lambas\u0131"},"content":{"rendered":"<p>enker Atila 1973 y\u0131l\u0131nda K\u0131r\u015fehir\u2019de do\u011fru. \u0130lk ve orta \u00f6\u011frenimini K\u0131r\u015fehir\u2019de tamamlayan C. Atila, 1999 y\u0131l\u0131nda Ege \u00dcniversitesi, Edebiyat Fak\u00fcltesi Klasik Arkeoloji B\u00f6l\u00fcm\u00fcnden mezun oldu. Ayn\u0131 b\u00f6l\u00fcmde 2023 y\u0131l\u0131nda y\u00fcksek lisans \u00f6\u011frenimini tamamlad\u0131. Dokuz Eyl\u00fcl \u00dcniversitesi Arkeoloji B\u00f6l\u00fcm\u00fcnde doktora yapt\u0131. 2023 y\u0131l\u0131nda Sivas Cumhuriyet \u00dcniversitesi Arkeoloji B\u00f6l\u00fcm\u00fcnde Ara\u015ft\u0131rma G\u00f6revlisi olana C. Atila, s\u0131ras\u0131yla; Dokuz Eyl\u00fcl \u00dcniversitesi, K\u0131r\u015fehir Ahi Evran \u00dcniversitesi ve Sivas Cumhuriyet \u00dcniversitesinde \u00f6\u011fretim \u00fcyesi olarak g\u00f6rev yapt\u0131. Halen Sivas\u2019ta Prof. Dr. olarak g\u00f6revine devam etmektedir. Arkeolojinin yan\u0131nda edebiyat ile de yo\u011fun bi\u00e7imde ilgilenen C. Atila\u2019n\u0131n \u00e7ok say\u0131da \u00f6yk\u00fcs\u00fc, Kesi\u015fme (Myrina Ya-y\u0131nlar\u0131-2021) adl\u0131 bir roman\u0131 bulunmaktad\u0131r.<\/p>\n","protected":false},"excerpt":{"rendered":"<p>enker Atila 1973 y\u0131l\u0131nda K\u0131r\u015fehir\u2019de do\u011fru. \u0130lk ve orta \u00f6\u011frenimini K\u0131r\u015fehir\u2019de tamamlayan C. Atila, 1999 y\u0131l\u0131nda Ege \u00dcniversitesi, Edebiyat Fak\u00fcltesi Klasik Arkeoloji B\u00f6l\u00fcm\u00fcnden mezun oldu. Ayn\u0131<span class=\"excerpt-hellip\"> [\u2026]<\/span><\/p>\n","protected":false},"featured_media":0,"template":"","meta":{"_monsterinsights_skip_tracking":false,"_monsterinsights_sitenote_active":false,"_monsterinsights_sitenote_note":"","_monsterinsights_sitenote_category":0},"product_brand":[],"product_cat":[12291,12509],"product_tag":[],"class_list":{"0":"post-783145","1":"product","2":"type-product","3":"status-publish","5":"product_cat-edebiyat","6":"product_cat-siir","7":"pa_cilt-ciltsiz","8":"pa_tur-kitap","9":"pa_yayinevi-denizkizi-yayinlari","10":"pa_yazar-cenker-atila","12":"first","13":"instock","14":"sale","15":"shipping-taxable","16":"purchasable","17":"product-type-simple"},"_links":{"self":[{"href":"https:\/\/roveyayinevi.com.tr\/index.php\/wp-json\/wp\/v2\/product\/783145","targetHints":{"allow":["GET"]}}],"collection":[{"href":"https:\/\/roveyayinevi.com.tr\/index.php\/wp-json\/wp\/v2\/product"}],"about":[{"href":"https:\/\/roveyayinevi.com.tr\/index.php\/wp-json\/wp\/v2\/types\/product"}],"wp:attachment":[{"href":"https:\/\/roveyayinevi.com.tr\/index.php\/wp-json\/wp\/v2\/media?parent=783145"}],"wp:term":[{"taxonomy":"product_brand","embeddable":true,"href":"https:\/\/roveyayinevi.com.tr\/index.php\/wp-json\/wp\/v2\/product_brand?post=783145"},{"taxonomy":"product_cat","embeddable":true,"href":"https:\/\/roveyayinevi.com.tr\/index.php\/wp-json\/wp\/v2\/product_cat?post=783145"},{"taxonomy":"product_tag","embeddable":true,"href":"https:\/\/roveyayinevi.com.tr\/index.php\/wp-json\/wp\/v2\/product_tag?post=783145"}],"curies":[{"name":"wp","href":"https:\/\/api.w.org\/{rel}","templated":true}]}}