{"id":783144,"date":"2026-02-23T13:16:13","date_gmt":"2026-02-23T10:16:13","guid":{"rendered":"https:\/\/roveyayinevi.com.tr\/index.php\/urun\/od-ve-yel-2\/"},"modified":"2026-04-15T03:47:32","modified_gmt":"2026-04-15T00:47:32","slug":"od-ve-yel-2","status":"publish","type":"product","link":"https:\/\/roveyayinevi.com.tr\/index.php\/urun\/od-ve-yel-2\/","title":{"rendered":"Od ve Yel"},"content":{"rendered":"<p>Ege Kor, 1999 y\u0131l\u0131nda Ankara\u2019da d\u00fcnyaya geldi. 2017 y\u0131l\u0131nda \u0130hsan Do\u011framac\u0131 Bilkent \u00dcniversitesi Elektrik ve Elektronik M\u00fchendisli\u011fi B\u00f6l\u00fcm\u00fcn\u00fc burslu olarak kazand\u0131. 2022 y\u0131l\u0131nda lisans e\u011fitimini \u2018\u00fcst\u00fcn \u015feref\u2019 belgesi alarak tamamlad\u0131 ve ayn\u0131 \u00fcniversitede y\u00fcksek lisans e\u011fitimini 2025 y\u0131l\u0131nda bitirdi. \u015eu an, Massachusetts Institute of Technology (MIT)-Electrical Engineering and Computer Science (EECS) b\u00f6l\u00fcm\u00fcnde doktora yapmaktad\u0131r. \u00c7al\u0131\u015fma alan\u0131 i\u00e7erisinde \u00e7e\u015fitli ara\u015ft\u0131rma projelerinde g\u00f6rev alm\u0131\u015f ve bunlara ili\u015fkin yay\u0131nlar\u0131 bulunmaktad\u0131r. Pozitif bilimlere olan ilgisinin yan\u0131 s\u0131ra edebiyat Ege Kor\u2019un hayat\u0131nda \u00f6nemli bir yere sahiptir. \u015eairin Denizk\u0131z\u0131 Yay\u0131nlar\u0131 taraf\u0131ndan yay\u0131mlanm\u0131\u015f \u201cBir Garip Par\u0131lt\u0131\u201d (2026), \u201cOd ve Yel\u201d (2026) \u201cSessiz \u00c7\u0131\u011fl\u0131klar\u201d (2026) adl\u0131 \u00fc\u00e7 \u015fiir kitab\u0131 bulunmaktad\u0131r.<\/p>\n","protected":false},"excerpt":{"rendered":"<p>Ege Kor, 1999 y\u0131l\u0131nda Ankara\u2019da d\u00fcnyaya geldi. 2017 y\u0131l\u0131nda \u0130hsan Do\u011framac\u0131 Bilkent \u00dcniversitesi Elektrik ve Elektronik M\u00fchendisli\u011fi B\u00f6l\u00fcm\u00fcn\u00fc burslu olarak kazand\u0131. 2022 y\u0131l\u0131nda lisans e\u011fitimini \u2018\u00fcst\u00fcn<span class=\"excerpt-hellip\"> [\u2026]<\/span><\/p>\n","protected":false},"featured_media":0,"template":"","meta":{"_monsterinsights_skip_tracking":false,"_monsterinsights_sitenote_active":false,"_monsterinsights_sitenote_note":"","_monsterinsights_sitenote_category":0},"product_brand":[],"product_cat":[12291,12509],"product_tag":[],"class_list":{"0":"post-783144","1":"product","2":"type-product","3":"status-publish","5":"product_cat-edebiyat","6":"product_cat-siir","7":"pa_cilt-ciltsiz","8":"pa_tur-kitap","9":"pa_yayinevi-denizkizi-yayinlari","10":"pa_yazar-ege-kor","12":"first","13":"instock","14":"sale","15":"shipping-taxable","16":"purchasable","17":"product-type-simple"},"_links":{"self":[{"href":"https:\/\/roveyayinevi.com.tr\/index.php\/wp-json\/wp\/v2\/product\/783144","targetHints":{"allow":["GET"]}}],"collection":[{"href":"https:\/\/roveyayinevi.com.tr\/index.php\/wp-json\/wp\/v2\/product"}],"about":[{"href":"https:\/\/roveyayinevi.com.tr\/index.php\/wp-json\/wp\/v2\/types\/product"}],"wp:attachment":[{"href":"https:\/\/roveyayinevi.com.tr\/index.php\/wp-json\/wp\/v2\/media?parent=783144"}],"wp:term":[{"taxonomy":"product_brand","embeddable":true,"href":"https:\/\/roveyayinevi.com.tr\/index.php\/wp-json\/wp\/v2\/product_brand?post=783144"},{"taxonomy":"product_cat","embeddable":true,"href":"https:\/\/roveyayinevi.com.tr\/index.php\/wp-json\/wp\/v2\/product_cat?post=783144"},{"taxonomy":"product_tag","embeddable":true,"href":"https:\/\/roveyayinevi.com.tr\/index.php\/wp-json\/wp\/v2\/product_tag?post=783144"}],"curies":[{"name":"wp","href":"https:\/\/api.w.org\/{rel}","templated":true}]}}