{"id":783136,"date":"2026-02-23T13:15:58","date_gmt":"2026-02-23T10:15:58","guid":{"rendered":"https:\/\/roveyayinevi.com.tr\/index.php\/urun\/adli-tafonomi\/"},"modified":"2026-04-15T03:47:32","modified_gmt":"2026-04-15T00:47:32","slug":"adli-tafonomi","status":"publish","type":"product","link":"https:\/\/roveyayinevi.com.tr\/index.php\/urun\/adli-tafonomi\/","title":{"rendered":"Adli Tafonomi"},"content":{"rendered":"<p>1. B\u00d6L\u00dcM: ADL\u0130 TAFONOM\u0130   2. B\u00d6L\u00dcM: \u00d6L\u00dcM SONRASI S\u00dcRE\u00c7LER\u0130N TEMELLER\u0130   3. B\u00d6L\u00dcM: ADL\u0130 TAFONOM\u0130DE ANAL\u0130Z Y\u00d6NTEMLER\u0130   4. B\u00d6L\u00dcM: \u00d6L\u00dcM SONRASI S\u00dcREN\u0130N TAHM\u0130N\u0130( POSTMORTEM INTERVAL-PMI)   5. B\u00d6L\u00dcM: \u00c7EVRESEL VE EKOLOJ\u0130K FAKT\u00d6RLER\u0130N TAFONOM\u0130K ETK\u0130S\u0130   6. B\u00d6L\u00dcM: ADL\u0130 SAHA \u00c7ALI\u015eMALARI VE OLAY YER\u0130 TAFONOM\u0130S\u0130   7. B\u00d6L\u00dcM: TAFONOM\u0130K VAKA ANAL\u0130ZLER   8. B\u00d6L\u00dcM: YEN\u0130 TEKNOLOJ\u0130LER VE GELECEK Y\u00d6NEL\u0130MLER   9. B\u00d6L\u00dcM: ET\u0130K, HUKUK\u0130 VE \u0130NSAN HAKLARI BOYUT   10. B\u00d6L\u00dcM: T\u00dcRK\u0130YE\u2019DE ADL\u0130 TAFONOM\u0130<\/p>\n","protected":false},"excerpt":{"rendered":"<p>1. B\u00d6L\u00dcM: ADL\u0130 TAFONOM\u0130 2. B\u00d6L\u00dcM: \u00d6L\u00dcM SONRASI S\u00dcRE\u00c7LER\u0130N TEMELLER\u0130 3. B\u00d6L\u00dcM: ADL\u0130 TAFONOM\u0130DE ANAL\u0130Z Y\u00d6NTEMLER\u0130 4. B\u00d6L\u00dcM: \u00d6L\u00dcM SONRASI S\u00dcREN\u0130N TAHM\u0130N\u0130( POSTMORTEM INTERVAL-PMI) 5. B\u00d6L\u00dcM:<span class=\"excerpt-hellip\"> [\u2026]<\/span><\/p>\n","protected":false},"featured_media":0,"template":"","meta":{"_monsterinsights_skip_tracking":false,"_monsterinsights_sitenote_active":false,"_monsterinsights_sitenote_note":"","_monsterinsights_sitenote_category":0},"product_brand":[],"product_cat":[141304],"product_tag":[],"class_list":{"0":"post-783136","1":"product","2":"type-product","3":"status-publish","5":"product_cat-yeni-cikanlar","6":"pa_cilt-ciltsiz","7":"pa_tur-kitap","8":"pa_yayinevi-gazi-kitabevi","9":"pa_yazar-nevin-goksal","11":"first","12":"instock","13":"sale","14":"shipping-taxable","15":"purchasable","16":"product-type-simple"},"_links":{"self":[{"href":"https:\/\/roveyayinevi.com.tr\/index.php\/wp-json\/wp\/v2\/product\/783136","targetHints":{"allow":["GET"]}}],"collection":[{"href":"https:\/\/roveyayinevi.com.tr\/index.php\/wp-json\/wp\/v2\/product"}],"about":[{"href":"https:\/\/roveyayinevi.com.tr\/index.php\/wp-json\/wp\/v2\/types\/product"}],"wp:attachment":[{"href":"https:\/\/roveyayinevi.com.tr\/index.php\/wp-json\/wp\/v2\/media?parent=783136"}],"wp:term":[{"taxonomy":"product_brand","embeddable":true,"href":"https:\/\/roveyayinevi.com.tr\/index.php\/wp-json\/wp\/v2\/product_brand?post=783136"},{"taxonomy":"product_cat","embeddable":true,"href":"https:\/\/roveyayinevi.com.tr\/index.php\/wp-json\/wp\/v2\/product_cat?post=783136"},{"taxonomy":"product_tag","embeddable":true,"href":"https:\/\/roveyayinevi.com.tr\/index.php\/wp-json\/wp\/v2\/product_tag?post=783136"}],"curies":[{"name":"wp","href":"https:\/\/api.w.org\/{rel}","templated":true}]}}