{"id":783135,"date":"2026-02-23T13:15:56","date_gmt":"2026-02-23T10:15:56","guid":{"rendered":"https:\/\/roveyayinevi.com.tr\/index.php\/urun\/futbol-nasil-futbol-oldu\/"},"modified":"2026-04-15T03:47:32","modified_gmt":"2026-04-15T00:47:32","slug":"futbol-nasil-futbol-oldu","status":"publish","type":"product","link":"https:\/\/roveyayinevi.com.tr\/index.php\/urun\/futbol-nasil-futbol-oldu\/","title":{"rendered":"Futbol Nas\u0131l Futbol Oldu?"},"content":{"rendered":"<p>B\u00d6L\u00dcM I: B\u0130LG\u0130 GELECE\u011eE ARMA\u011eANIMIZDIR B\u00d6L\u00dcM II: \u0130NSAN BEYN\u0130 B\u00d6L\u00dcM III: \u0130NSANIN ORTAYA \u00c7IKI\u015eI VE EVR\u0130M S\u00dcREC\u0130  B\u00d6L\u00dcM IV: BEY\u0130N, \u0130NAN\u00c7 VE Z\u0130H\u0130N \u00dc\u00c7GEN\u0130 B\u00d6L\u00dcM V: OYUN B\u00d6L\u00dcM VI: OYUNLARDAN FUTBOLA B\u00d6L\u00dcM VII: MODERN FUTBOLUN DO\u011eU\u015eU B\u00d6L\u00dcM VIII: FUTBOL SINIRLARINI A\u015eIYOR B\u00d6L\u00dcM IX: MODERN FUTBOLA DO\u011eRU B\u00d6L\u00dcM X: FUTBOLDA D\u0130Z\u0130L\u0130\u015eLER\u0130N EVR\u0130M\u0130 B\u00d6L\u00dcM XI: STRATEJ\u0130, S\u0130STEM VE TAKT\u0130K B\u00d6L\u00dcM XII: FUTBOL VE \u0130STAT\u0130ST\u0130KLER B\u00d6L\u00dcM XIII: GELECEKTE NELER OLAB\u0130L\u0130R? B\u00d6L\u00dcM XIV: FUTBOL TAR\u0130H\u0130NDEN SE\u00c7MELER<\/p>\n","protected":false},"excerpt":{"rendered":"<p>B\u00d6L\u00dcM I: B\u0130LG\u0130 GELECE\u011eE ARMA\u011eANIMIZDIR B\u00d6L\u00dcM II: \u0130NSAN BEYN\u0130 B\u00d6L\u00dcM III: \u0130NSANIN ORTAYA \u00c7IKI\u015eI VE EVR\u0130M S\u00dcREC\u0130 B\u00d6L\u00dcM IV: BEY\u0130N, \u0130NAN\u00c7 VE Z\u0130H\u0130N \u00dc\u00c7GEN\u0130 B\u00d6L\u00dcM V:<span class=\"excerpt-hellip\"> [\u2026]<\/span><\/p>\n","protected":false},"featured_media":0,"template":"","meta":{"_monsterinsights_skip_tracking":false,"_monsterinsights_sitenote_active":false,"_monsterinsights_sitenote_note":"","_monsterinsights_sitenote_category":0},"product_brand":[],"product_cat":[15563,15564],"product_tag":[],"class_list":{"0":"post-783135","1":"product","2":"type-product","3":"status-publish","5":"product_cat-hobi","6":"product_cat-spor","7":"pa_cilt-ciltsiz","8":"pa_tur-kitap","9":"pa_yayinevi-gazi-kitabevi","10":"pa_yazar-metin-tukenmez","12":"first","13":"instock","14":"sale","15":"shipping-taxable","16":"purchasable","17":"product-type-simple"},"_links":{"self":[{"href":"https:\/\/roveyayinevi.com.tr\/index.php\/wp-json\/wp\/v2\/product\/783135","targetHints":{"allow":["GET"]}}],"collection":[{"href":"https:\/\/roveyayinevi.com.tr\/index.php\/wp-json\/wp\/v2\/product"}],"about":[{"href":"https:\/\/roveyayinevi.com.tr\/index.php\/wp-json\/wp\/v2\/types\/product"}],"wp:attachment":[{"href":"https:\/\/roveyayinevi.com.tr\/index.php\/wp-json\/wp\/v2\/media?parent=783135"}],"wp:term":[{"taxonomy":"product_brand","embeddable":true,"href":"https:\/\/roveyayinevi.com.tr\/index.php\/wp-json\/wp\/v2\/product_brand?post=783135"},{"taxonomy":"product_cat","embeddable":true,"href":"https:\/\/roveyayinevi.com.tr\/index.php\/wp-json\/wp\/v2\/product_cat?post=783135"},{"taxonomy":"product_tag","embeddable":true,"href":"https:\/\/roveyayinevi.com.tr\/index.php\/wp-json\/wp\/v2\/product_tag?post=783135"}],"curies":[{"name":"wp","href":"https:\/\/api.w.org\/{rel}","templated":true}]}}