{"id":783134,"date":"2026-02-23T13:15:55","date_gmt":"2026-02-23T10:15:55","guid":{"rendered":"https:\/\/roveyayinevi.com.tr\/index.php\/urun\/antik-yunan\/"},"modified":"2026-04-15T03:47:32","modified_gmt":"2026-04-15T00:47:32","slug":"antik-yunan","status":"publish","type":"product","link":"https:\/\/roveyayinevi.com.tr\/index.php\/urun\/antik-yunan\/","title":{"rendered":"Antik Yunan"},"content":{"rendered":"<p>\u201cB\u0130R\u0130M\u0130ZDEN B\u0130R\u0130 B\u0130R G\u00dcN HATIRLANACAK D\u0130YORUM.\u201dSAPPHO, FRAGMAN 147  Antik Yunan; fikirleri ve ba\u015far\u0131lar\u0131 g\u00fcn\u00fcm\u00fczde d\u00fcnyay\u0131 g\u00f6rme \u015feklimizi \u015fekillendiren bir uygarl\u0131k\u2026 Bu kitap sizi bu d\u00fcnyan\u0131n \u00e7alkant\u0131l\u0131tarihini ke\u015ffetmeye davet ediyor.3000 y\u0131l\u0131 a\u015fk\u0131n bir s\u00fcreye yay\u0131lan \u00f6nemli olaylar\u0131, askeri seferleri ve \u00f6nemli k\u00fclt\u00fcrel olaylar\u0131yla Antik Yunan, bu g\u00f6rkemli d\u00fcnyan\u0131n edebiyat, mitoloji, felsefe, siyaset, t\u0131p ve sava\u015f gibi her y\u00f6n\u00fcn\u00fc kaps\u0131yor. Sanat eserleri, yap\u0131tlar, mimari ve \u00f6zel olarak haz\u0131rlanm\u0131\u015f yeniden canland\u0131rmalarla dolu g\u00f6rsel bir \u015f\u00f6len sunuyor ve antik Yunan toplumunun, tanr\u0131lar\u0131n\u0131n ve mitolojik yarat\u0131klar\u0131n\u0131n hik\u00e2yelerini yeniden g\u00f6zler \u00f6n\u00fcne seriyor.<\/p>\n","protected":false},"excerpt":{"rendered":"<p>\u201cB\u0130R\u0130M\u0130ZDEN B\u0130R\u0130 B\u0130R G\u00dcN HATIRLANACAK D\u0130YORUM.\u201dSAPPHO, FRAGMAN 147 Antik Yunan; fikirleri ve ba\u015far\u0131lar\u0131 g\u00fcn\u00fcm\u00fczde d\u00fcnyay\u0131 g\u00f6rme \u015feklimizi \u015fekillendiren bir uygarl\u0131k\u2026 Bu kitap sizi bu d\u00fcnyan\u0131n \u00e7alkant\u0131l\u0131tarihini<span class=\"excerpt-hellip\"> [\u2026]<\/span><\/p>\n","protected":false},"featured_media":0,"template":"","meta":{"_monsterinsights_skip_tracking":false,"_monsterinsights_sitenote_active":false,"_monsterinsights_sitenote_note":"","_monsterinsights_sitenote_category":0},"product_brand":[],"product_cat":[141304],"product_tag":[],"class_list":{"0":"post-783134","1":"product","2":"type-product","3":"status-publish","5":"product_cat-yeni-cikanlar","6":"pa_cilt-ciltli","7":"pa_tur-kitap","8":"pa_yayinevi-alfa-yayinlari","9":"pa_yazar-kolektif","11":"first","12":"instock","13":"sale","14":"shipping-taxable","15":"purchasable","16":"product-type-simple"},"_links":{"self":[{"href":"https:\/\/roveyayinevi.com.tr\/index.php\/wp-json\/wp\/v2\/product\/783134","targetHints":{"allow":["GET"]}}],"collection":[{"href":"https:\/\/roveyayinevi.com.tr\/index.php\/wp-json\/wp\/v2\/product"}],"about":[{"href":"https:\/\/roveyayinevi.com.tr\/index.php\/wp-json\/wp\/v2\/types\/product"}],"wp:attachment":[{"href":"https:\/\/roveyayinevi.com.tr\/index.php\/wp-json\/wp\/v2\/media?parent=783134"}],"wp:term":[{"taxonomy":"product_brand","embeddable":true,"href":"https:\/\/roveyayinevi.com.tr\/index.php\/wp-json\/wp\/v2\/product_brand?post=783134"},{"taxonomy":"product_cat","embeddable":true,"href":"https:\/\/roveyayinevi.com.tr\/index.php\/wp-json\/wp\/v2\/product_cat?post=783134"},{"taxonomy":"product_tag","embeddable":true,"href":"https:\/\/roveyayinevi.com.tr\/index.php\/wp-json\/wp\/v2\/product_tag?post=783134"}],"curies":[{"name":"wp","href":"https:\/\/api.w.org\/{rel}","templated":true}]}}