{"id":783132,"date":"2026-02-23T13:15:51","date_gmt":"2026-02-23T10:15:51","guid":{"rendered":"https:\/\/roveyayinevi.com.tr\/index.php\/urun\/shakespeareoyunlari-hakkinda-her-sey\/"},"modified":"2026-04-15T03:47:32","modified_gmt":"2026-04-15T00:47:32","slug":"shakespeareoyunlari-hakkinda-her-sey","status":"publish","type":"product","link":"https:\/\/roveyayinevi.com.tr\/index.php\/urun\/shakespeareoyunlari-hakkinda-her-sey\/","title":{"rendered":"Shakespeare;Oyunlar\u0131 Hakk\u0131nda Her \u015eey"},"content":{"rendered":"<p>Harvard \u00dcniversitesi Be\u015feri B\u00f6l\u00fcmler Merkezi direkt\u00f6r\u00fc ve \u0130ngilizce profes\u00f6r\u00fc Marjorie Garber, bu kitab\u0131yla okura, Yale ve Harvard\u2019da son otuz y\u0131ld\u0131r verdi\u011fi son derece pop\u00fcler derslere dayanan yetkin bir \u00e7al\u0131\u015fma sunuyor. Veronal\u0131 \u0130ki Centilmen\u2019den \u0130ki Soylu Akraba\u2019ya, Shakespeare\u2019in 38 oyununu kronolojik bir y\u00f6ntemle ele alan yazar, tutkulu ve a\u00e7\u0131klay\u0131c\u0131 okumalar\u0131yla b\u00fcy\u00fck edebiyat\u00e7\u0131n\u0131n d\u00fcnyas\u0131na yepyeni kap\u0131lar aral\u0131yor. T\u00fcm zamanlar\u0131n en \u00fcnl\u00fc yazar\u0131n\u0131n ya\u015fam\u0131na ve d\u00f6nemine hasredilmi\u015f kapsaml\u0131 bir giri\u015f yaz\u0131s\u0131n\u0131n da e\u015flik etti\u011fi bu \u00e7al\u0131\u015fma, Shakespeare\u2019in izleyiciyi ba\u011flant\u0131 kurmaya davet eden o b\u00fcy\u00fcl\u00fc jestine cevap veren ve \u201cher \u00e7a\u011f\u0131n kendi Shakespeare\u2019ini yaratt\u0131\u011f\u0131n\u0131\u201d belirten sayg\u0131n bir hocan\u0131n bu \u00e7a\u011fa en b\u00fcy\u00fck arma\u011fan\u0131.\u201cVazge\u00e7emeyece\u011finiz bir yazara dair vazge\u00e7emeyece\u011finiz bir k\u0131lavuz.\u201d\u2013Newsweek\u201cShakespeare\u2019in oyunlar\u0131na hasredilmi\u015f tek ciltlik ele\u015ftirel rehberlerin en iyisi.\u201d\u2013San Jose Mercury News\u201cShakespeare\u2019e duyulan b\u00fcy\u00fck hayranl\u0131\u011f\u0131n b\u00fcy\u00fcleyici bir t\u00f6renle ortaya konu\u015fu.\u201d\u2013Newsday\u201cGarber\u2019\u0131n \u00e7al\u0131\u015fmas\u0131, Shakespeare ve eserlerinin y\u00fczy\u0131llar boyunca nas\u0131l okunup de\u011ferlendirildi\u011finin \u00f6rnek bir anlat\u0131m\u0131.\u201d\u2013The New Yorker<\/p>\n","protected":false},"excerpt":{"rendered":"<p>Harvard \u00dcniversitesi Be\u015feri B\u00f6l\u00fcmler Merkezi direkt\u00f6r\u00fc ve \u0130ngilizce profes\u00f6r\u00fc Marjorie Garber, bu kitab\u0131yla okura, Yale ve Harvard\u2019da son otuz y\u0131ld\u0131r verdi\u011fi son derece pop\u00fcler derslere dayanan<span class=\"excerpt-hellip\"> [\u2026]<\/span><\/p>\n","protected":false},"featured_media":0,"template":"","meta":{"_monsterinsights_skip_tracking":false,"_monsterinsights_sitenote_active":false,"_monsterinsights_sitenote_note":"","_monsterinsights_sitenote_category":0},"product_brand":[],"product_cat":[12291,14272],"product_tag":[],"class_list":{"0":"post-783132","1":"product","2":"type-product","3":"status-publish","5":"product_cat-edebiyat","6":"product_cat-tiyatro","7":"pa_cilt-ciltsiz","8":"pa_tur-kitap","9":"pa_yayinevi-alfa-yayinlari","10":"pa_yazar-marjorie-garber","12":"first","13":"instock","14":"sale","15":"shipping-taxable","16":"purchasable","17":"product-type-simple"},"_links":{"self":[{"href":"https:\/\/roveyayinevi.com.tr\/index.php\/wp-json\/wp\/v2\/product\/783132","targetHints":{"allow":["GET"]}}],"collection":[{"href":"https:\/\/roveyayinevi.com.tr\/index.php\/wp-json\/wp\/v2\/product"}],"about":[{"href":"https:\/\/roveyayinevi.com.tr\/index.php\/wp-json\/wp\/v2\/types\/product"}],"wp:attachment":[{"href":"https:\/\/roveyayinevi.com.tr\/index.php\/wp-json\/wp\/v2\/media?parent=783132"}],"wp:term":[{"taxonomy":"product_brand","embeddable":true,"href":"https:\/\/roveyayinevi.com.tr\/index.php\/wp-json\/wp\/v2\/product_brand?post=783132"},{"taxonomy":"product_cat","embeddable":true,"href":"https:\/\/roveyayinevi.com.tr\/index.php\/wp-json\/wp\/v2\/product_cat?post=783132"},{"taxonomy":"product_tag","embeddable":true,"href":"https:\/\/roveyayinevi.com.tr\/index.php\/wp-json\/wp\/v2\/product_tag?post=783132"}],"curies":[{"name":"wp","href":"https:\/\/api.w.org\/{rel}","templated":true}]}}