{"id":783128,"date":"2026-02-23T13:15:44","date_gmt":"2026-02-23T10:15:44","guid":{"rendered":"https:\/\/roveyayinevi.com.tr\/index.php\/urun\/beyoglu-olmasaydi\/"},"modified":"2026-04-15T03:47:31","modified_gmt":"2026-04-15T00:47:31","slug":"beyoglu-olmasaydi","status":"publish","type":"product","link":"https:\/\/roveyayinevi.com.tr\/index.php\/urun\/beyoglu-olmasaydi\/","title":{"rendered":"Beyo\u011flu Olmasayd\u0131"},"content":{"rendered":"<p>Beyo\u011flu, yaln\u0131zca bir semt de\u011fildir. Bir dil, bir sahne, bir zaman katman\u0131d\u0131r. \u015eehrin kalbinde y\u00fczy\u0131llard\u0131r atmaya devam eden bir ritim; farkl\u0131 inan\u00e7lar\u0131n, dillerin, melodilerin birbirine kar\u0131\u015ft\u0131\u011f\u0131 bir yank\u0131d\u0131r. Beyo\u011flu hem Do\u011fu\u2019nun hem Bat\u0131\u2019n\u0131n bak\u0131\u015f\u0131n\u0131 i\u00e7inde bar\u0131nd\u0131ran ve \u0130stanbul\u2019un belle\u011fini ta\u015f\u0131yan bir aynad\u0131r. Peki, Beyo\u011flu olmasayd\u0131? Beyo\u011flu Olmasayd\u0131, kentin k\u00fclt\u00fcrel, sanatsal ve toplumsal d\u00f6n\u00fc\u015f\u00fcm\u00fcn\u00fc farkl\u0131 d\u00f6nemler, mek\u00e2nlar ve insanlar \u00fczerinden okuyarak bir medeniyetin nabz\u0131n\u0131 tutuyor. Tiyatrodan sinemaya, okullardan kiliselere, pasajlardan mahfillere uzanan yirmi durakta, kent belle\u011fini yeniden yaz\u0131yor. Maksim Gazinosu\u2019ndan Pera Palas\u2019a, \u00c7i\u00e7ek Pasaj\u0131\u2019ndan Galata\u2019n\u0131n arka sokaklar\u0131na uzanarak ge\u00e7mi\u015fle bug\u00fcn\u00fcn birbirine kar\u0131\u015ft\u0131\u011f\u0131 hik\u00e2yelerin izini s\u00fcr\u00fcyor. Bu kitap, Beyo\u011flu\u2019nun yaln\u0131zca bir co\u011frafya de\u011fil, bir hat\u0131rlama bi\u00e7imi oldu\u011funu g\u00f6steriyor. \u00c7\u00fcnk\u00fc bu semtin sokaklar\u0131nda yaln\u0131zca ad\u0131mlar de\u011fil, bir k\u00fclt\u00fcr\u00fcn kalp at\u0131\u015flar\u0131 da yank\u0131lan\u0131r.<\/p>\n","protected":false},"excerpt":{"rendered":"<p>Beyo\u011flu, yaln\u0131zca bir semt de\u011fildir. Bir dil, bir sahne, bir zaman katman\u0131d\u0131r. \u015eehrin kalbinde y\u00fczy\u0131llard\u0131r atmaya devam eden bir ritim; farkl\u0131 inan\u00e7lar\u0131n, dillerin, melodilerin birbirine kar\u0131\u015ft\u0131\u011f\u0131<span class=\"excerpt-hellip\"> [\u2026]<\/span><\/p>\n","protected":false},"featured_media":0,"template":"","meta":{"_monsterinsights_skip_tracking":false,"_monsterinsights_sitenote_active":false,"_monsterinsights_sitenote_note":"","_monsterinsights_sitenote_category":0},"product_brand":[],"product_cat":[13054,20153],"product_tag":[],"class_list":{"0":"post-783128","1":"product","2":"type-product","3":"status-publish","5":"product_cat-gezi-ve-rehber-kitaplari","6":"product_cat-istanbul-rehberi","7":"pa_cilt-ciltsiz","8":"pa_tur-kitap","9":"pa_yayinevi-masa-kitap","10":"pa_yazar-firat-senol","12":"first","13":"instock","14":"sale","15":"shipping-taxable","16":"purchasable","17":"product-type-simple"},"_links":{"self":[{"href":"https:\/\/roveyayinevi.com.tr\/index.php\/wp-json\/wp\/v2\/product\/783128","targetHints":{"allow":["GET"]}}],"collection":[{"href":"https:\/\/roveyayinevi.com.tr\/index.php\/wp-json\/wp\/v2\/product"}],"about":[{"href":"https:\/\/roveyayinevi.com.tr\/index.php\/wp-json\/wp\/v2\/types\/product"}],"wp:attachment":[{"href":"https:\/\/roveyayinevi.com.tr\/index.php\/wp-json\/wp\/v2\/media?parent=783128"}],"wp:term":[{"taxonomy":"product_brand","embeddable":true,"href":"https:\/\/roveyayinevi.com.tr\/index.php\/wp-json\/wp\/v2\/product_brand?post=783128"},{"taxonomy":"product_cat","embeddable":true,"href":"https:\/\/roveyayinevi.com.tr\/index.php\/wp-json\/wp\/v2\/product_cat?post=783128"},{"taxonomy":"product_tag","embeddable":true,"href":"https:\/\/roveyayinevi.com.tr\/index.php\/wp-json\/wp\/v2\/product_tag?post=783128"}],"curies":[{"name":"wp","href":"https:\/\/api.w.org\/{rel}","templated":true}]}}