{"id":783126,"date":"2026-02-23T13:15:39","date_gmt":"2026-02-23T10:15:39","guid":{"rendered":"https:\/\/roveyayinevi.com.tr\/index.php\/urun\/dostluk-olmasaydi\/"},"modified":"2026-04-15T03:47:31","modified_gmt":"2026-04-15T00:47:31","slug":"dostluk-olmasaydi","status":"publish","type":"product","link":"https:\/\/roveyayinevi.com.tr\/index.php\/urun\/dostluk-olmasaydi\/","title":{"rendered":"Dostluk Olmasayd\u0131"},"content":{"rendered":"<p>Dostluk; kimi zaman ayn\u0131 hayali b\u00fcy\u00fcten ortakl\u0131k, kimi zaman da ya\u015fam\u0131 yeniden kurmaya \u00e7a\u011f\u0131ran bir d\u00f6n\u00fcm noktas\u0131d\u0131r. Kahkahan\u0131n sessizli\u011fi delip ge\u00e7ti\u011fi, kavgan\u0131n direni\u015fe d\u00f6n\u00fc\u015ft\u00fc\u011f\u00fc o sars\u0131lmaz yerdir. K\u00f6klerini \u00f6m\u00fcrl\u00fck yolda\u015fl\u0131klardan, yazg\u0131y\u0131 de\u011fi\u015ftiren anl\u0131k kar\u015f\u0131la\u015fmalardan alan insanl\u0131\u011f\u0131n en ulu a\u011fac\u0131d\u0131r. Peki, dostluk olmasayd\u0131? Dostluk Olmasayd\u0131, John Lennon ile Paul McCartney\u2019nin birlikte b\u00fcy\u00fctt\u00fckleri notalardan Mustafa Kemal ile Salih Bozok\u2019un tarihi kader ortakl\u0131\u011f\u0131na, Tezer \u00d6zl\u00fc ile Leyl\u00e2 Erbil\u2019in dayan\u0131\u015fmayla derinle\u015fen dostlu\u011fundan Sylvia Plath ile Anne Sexton\u2019\u0131n karanl\u0131\u011f\u0131 ayd\u0131nlatan sohbetlerine uzan\u0131rken tarihten edebiyata, m\u00fczikten siyasete yirmi dostluk hik\u00e2yesini bir araya getiriyor. Bu kitap, dostlu\u011fun hayata katt\u0131\u011f\u0131 yank\u0131lar\u0131 ve d\u00fcnyay\u0131 d\u00f6n\u00fc\u015ft\u00fcren yol arkada\u015fl\u0131klar\u0131n\u0131n miras\u0131n\u0131 okurla bulu\u015fturuyor.<\/p>\n","protected":false},"excerpt":{"rendered":"<p>Dostluk; kimi zaman ayn\u0131 hayali b\u00fcy\u00fcten ortakl\u0131k, kimi zaman da ya\u015fam\u0131 yeniden kurmaya \u00e7a\u011f\u0131ran bir d\u00f6n\u00fcm noktas\u0131d\u0131r. Kahkahan\u0131n sessizli\u011fi delip ge\u00e7ti\u011fi, kavgan\u0131n direni\u015fe d\u00f6n\u00fc\u015ft\u00fc\u011f\u00fc o sars\u0131lmaz<span class=\"excerpt-hellip\"> [\u2026]<\/span><\/p>\n","protected":false},"featured_media":0,"template":"","meta":{"_monsterinsights_skip_tracking":false,"_monsterinsights_sitenote_active":false,"_monsterinsights_sitenote_note":"","_monsterinsights_sitenote_category":0},"product_brand":[],"product_cat":[27157,12291],"product_tag":[],"class_list":{"0":"post-783126","1":"product","2":"type-product","3":"status-publish","5":"product_cat-derleme","6":"product_cat-edebiyat","7":"pa_cilt-ciltsiz","8":"pa_tur-kitap","9":"pa_yayinevi-masa-kitap","10":"pa_yazar-okan-yilmaz","12":"first","13":"instock","14":"sale","15":"shipping-taxable","16":"purchasable","17":"product-type-simple"},"_links":{"self":[{"href":"https:\/\/roveyayinevi.com.tr\/index.php\/wp-json\/wp\/v2\/product\/783126","targetHints":{"allow":["GET"]}}],"collection":[{"href":"https:\/\/roveyayinevi.com.tr\/index.php\/wp-json\/wp\/v2\/product"}],"about":[{"href":"https:\/\/roveyayinevi.com.tr\/index.php\/wp-json\/wp\/v2\/types\/product"}],"wp:attachment":[{"href":"https:\/\/roveyayinevi.com.tr\/index.php\/wp-json\/wp\/v2\/media?parent=783126"}],"wp:term":[{"taxonomy":"product_brand","embeddable":true,"href":"https:\/\/roveyayinevi.com.tr\/index.php\/wp-json\/wp\/v2\/product_brand?post=783126"},{"taxonomy":"product_cat","embeddable":true,"href":"https:\/\/roveyayinevi.com.tr\/index.php\/wp-json\/wp\/v2\/product_cat?post=783126"},{"taxonomy":"product_tag","embeddable":true,"href":"https:\/\/roveyayinevi.com.tr\/index.php\/wp-json\/wp\/v2\/product_tag?post=783126"}],"curies":[{"name":"wp","href":"https:\/\/api.w.org\/{rel}","templated":true}]}}