{"id":783125,"date":"2026-02-23T13:15:37","date_gmt":"2026-02-23T10:15:37","guid":{"rendered":"https:\/\/roveyayinevi.com.tr\/index.php\/urun\/suikast-olmasaydi\/"},"modified":"2026-04-15T03:47:31","modified_gmt":"2026-04-15T00:47:31","slug":"suikast-olmasaydi","status":"publish","type":"product","link":"https:\/\/roveyayinevi.com.tr\/index.php\/urun\/suikast-olmasaydi\/","title":{"rendered":"Suikast Olmasayd\u0131"},"content":{"rendered":"<p>Suikast, yaln\u0131zca bir bedeni susturmaz; temsil etti\u011fi d\u00fc\u015f\u00fcnceyi, ideali ve umudu da hedef al\u0131r. Tarih boyunca bir tetik sesi, yaln\u0131zca bir ya\u015fam\u0131 de\u011fil; toplumlar\u0131n kaderini de de\u011fi\u015ftirdi. Kimi yerde bir imparatorlu\u011fu \u00e7\u00f6kertti, kimi yerde bir halk\u0131n m\u00fccadelesini ate\u015fledi. Bir suikast, \u00e7o\u011fu kez gelece\u011fin kaderini belirledi. Peki, suikast olmasayd\u0131? Suikast Olmasayd\u0131, Julius Caesar\u2019dan Malcolm X\u2019e, John F. Kennedy\u2019den Indira Gandhi\u2019ye, U\u011fur Mumcu\u2019dan Marielle Franco\u2019ya uzanan yirmi hik\u00e2yeyi bir araya getiriyor. Bu hik\u00e2yeler, bireysel hayatlar\u0131n \u00f6tesinde, suikastlar\u0131n toplumsal bellekte a\u00e7t\u0131\u011f\u0131 yaralar\u0131 ve tarihin ak\u0131\u015f\u0131n\u0131 nas\u0131l d\u00f6n\u00fc\u015ft\u00fcrd\u00fc\u011f\u00fcn\u00fc g\u00f6zler \u00f6n\u00fcne seriyor. Bir \u015feyi unutmadan: Her sat\u0131r\u0131nda, d\u00fc\u015f\u00fcncenin \u00f6ld\u00fcr\u00fclmek istendi\u011fi yerde bile ya\u015famaya devam eden g\u00fcc\u00fcn\u00fc hat\u0131rlat\u0131yor.<\/p>\n","protected":false},"excerpt":{"rendered":"<p>Suikast, yaln\u0131zca bir bedeni susturmaz; temsil etti\u011fi d\u00fc\u015f\u00fcnceyi, ideali ve umudu da hedef al\u0131r. Tarih boyunca bir tetik sesi, yaln\u0131zca bir ya\u015fam\u0131 de\u011fil; toplumlar\u0131n kaderini de<span class=\"excerpt-hellip\"> [\u2026]<\/span><\/p>\n","protected":false},"featured_media":0,"template":"","meta":{"_monsterinsights_skip_tracking":false,"_monsterinsights_sitenote_active":false,"_monsterinsights_sitenote_note":"","_monsterinsights_sitenote_category":0},"product_brand":[],"product_cat":[13590,12337],"product_tag":[],"class_list":{"0":"post-783125","1":"product","2":"type-product","3":"status-publish","5":"product_cat-arastirma-inceleme-politika-siyaset","6":"product_cat-politika-siyaset","7":"pa_cilt-ciltsiz","8":"pa_tur-kitap","9":"pa_yayinevi-masa-kitap","10":"pa_yazar-cigdem-aldatmaz","12":"first","13":"instock","14":"sale","15":"shipping-taxable","16":"purchasable","17":"product-type-simple"},"_links":{"self":[{"href":"https:\/\/roveyayinevi.com.tr\/index.php\/wp-json\/wp\/v2\/product\/783125","targetHints":{"allow":["GET"]}}],"collection":[{"href":"https:\/\/roveyayinevi.com.tr\/index.php\/wp-json\/wp\/v2\/product"}],"about":[{"href":"https:\/\/roveyayinevi.com.tr\/index.php\/wp-json\/wp\/v2\/types\/product"}],"wp:attachment":[{"href":"https:\/\/roveyayinevi.com.tr\/index.php\/wp-json\/wp\/v2\/media?parent=783125"}],"wp:term":[{"taxonomy":"product_brand","embeddable":true,"href":"https:\/\/roveyayinevi.com.tr\/index.php\/wp-json\/wp\/v2\/product_brand?post=783125"},{"taxonomy":"product_cat","embeddable":true,"href":"https:\/\/roveyayinevi.com.tr\/index.php\/wp-json\/wp\/v2\/product_cat?post=783125"},{"taxonomy":"product_tag","embeddable":true,"href":"https:\/\/roveyayinevi.com.tr\/index.php\/wp-json\/wp\/v2\/product_tag?post=783125"}],"curies":[{"name":"wp","href":"https:\/\/api.w.org\/{rel}","templated":true}]}}