{"id":783122,"date":"2026-02-23T13:15:29","date_gmt":"2026-02-23T10:15:29","guid":{"rendered":"https:\/\/roveyayinevi.com.tr\/index.php\/urun\/tesaduf-olmasaydi\/"},"modified":"2026-04-15T03:47:31","modified_gmt":"2026-04-15T00:47:31","slug":"tesaduf-olmasaydi","status":"publish","type":"product","link":"https:\/\/roveyayinevi.com.tr\/index.php\/urun\/tesaduf-olmasaydi\/","title":{"rendered":"Tesad\u00fcf Olmasayd\u0131"},"content":{"rendered":"<p>Tesad\u00fcf, kimi zaman petri kab\u0131nda b\u00fcy\u00fcyen bir k\u00fcf, kimi zaman yanl\u0131\u015f bir d\u00f6n\u00fc\u015f, kimi zaman da cebimizde eriyen bir \u00e7ikolata bar\u0131d\u0131r. Hayat\u0131n ak\u0131\u015f\u0131n\u0131 de\u011fi\u015ftiren b\u00fcy\u00fck k\u0131r\u0131lmalar \u00e7o\u011fu kez planl\u0131 de\u011fil, rastlant\u0131yla ger\u00e7ekle\u015fir. D\u00fcnyay\u0131 ayd\u0131nlatan \u0131\u015f\u0131\u011f\u0131n, tarihi sarsan ke\u015fiflerin, uygarl\u0131klar\u0131 y\u00f6nlendiren kararlar\u0131n ard\u0131nda \u00e7o\u011fu kez tesad\u00fcf\u00fcn g\u00f6r\u00fcnmez eli bulunur.Peki, tesad\u00fcf olmasayd\u0131? Tesad\u00fcf Olmasayd\u0131, Alexander Fleming\u2019in laboratuvar\u0131nda fark etti\u011fi k\u00fcften do\u011fan penisilinden \u00f6l\u00fcms\u00fczl\u00fck arayan \u00c7inli simyac\u0131lar\u0131n barutu ke\u015ffetmelerine, Gandhi\u2019yi s\u0131radan bir avukattan d\u00fcnya tarihini de\u011fi\u015ftiren bir lidere d\u00f6n\u00fc\u015ft\u00fcren tren yolculu\u011fundan Percy Spencer\u2019\u0131n cebinde eriyen \u00e7ikolatan\u0131n mutfaklara arma\u011fan etti\u011fi mikrodalgaya, Ali Emir\u00ee\u2019nin sahaf raflar\u0131nda tesad\u00fcfen buldu\u011fu D\u00eev\u00e2nu Lug\u00e2ti\u2019t-T\u00fcrk\u2019ten G\u00f6beklitepe\u2019nin tarihin s\u0131f\u0131r noktas\u0131na a\u00e7\u0131lan kap\u0131s\u0131na uzanan yirmi hik\u00e2yeyi bir araya getiriyor. Bu kitap, insanl\u0131k tarihini y\u00f6nlendiren rastlant\u0131lar\u0131n izini s\u00fcr\u00fcyor ve okuru, k\u00fc\u00e7\u00fck anlar\u0131n b\u00fcy\u00fck d\u00f6n\u00fc\u015f\u00fcmlere nas\u0131l kap\u0131 aralad\u0131\u011f\u0131n\u0131 ke\u015ffetmeye davet ediyor.<\/p>\n","protected":false},"excerpt":{"rendered":"<p>Tesad\u00fcf, kimi zaman petri kab\u0131nda b\u00fcy\u00fcyen bir k\u00fcf, kimi zaman yanl\u0131\u015f bir d\u00f6n\u00fc\u015f, kimi zaman da cebimizde eriyen bir \u00e7ikolata bar\u0131d\u0131r. Hayat\u0131n ak\u0131\u015f\u0131n\u0131 de\u011fi\u015ftiren b\u00fcy\u00fck k\u0131r\u0131lmalar<span class=\"excerpt-hellip\"> [\u2026]<\/span><\/p>\n","protected":false},"featured_media":0,"template":"","meta":{"_monsterinsights_skip_tracking":false,"_monsterinsights_sitenote_active":false,"_monsterinsights_sitenote_note":"","_monsterinsights_sitenote_category":0},"product_brand":[],"product_cat":[12312,12304],"product_tag":[],"class_list":{"0":"post-783122","1":"product","2":"type-product","3":"status-publish","5":"product_cat-diger","6":"product_cat-tarih","7":"pa_cilt-ciltsiz","8":"pa_tur-kitap","9":"pa_yayinevi-masa-kitap","10":"pa_yazar-gorkem-arslan","12":"first","13":"instock","14":"sale","15":"shipping-taxable","16":"purchasable","17":"product-type-simple"},"_links":{"self":[{"href":"https:\/\/roveyayinevi.com.tr\/index.php\/wp-json\/wp\/v2\/product\/783122","targetHints":{"allow":["GET"]}}],"collection":[{"href":"https:\/\/roveyayinevi.com.tr\/index.php\/wp-json\/wp\/v2\/product"}],"about":[{"href":"https:\/\/roveyayinevi.com.tr\/index.php\/wp-json\/wp\/v2\/types\/product"}],"wp:attachment":[{"href":"https:\/\/roveyayinevi.com.tr\/index.php\/wp-json\/wp\/v2\/media?parent=783122"}],"wp:term":[{"taxonomy":"product_brand","embeddable":true,"href":"https:\/\/roveyayinevi.com.tr\/index.php\/wp-json\/wp\/v2\/product_brand?post=783122"},{"taxonomy":"product_cat","embeddable":true,"href":"https:\/\/roveyayinevi.com.tr\/index.php\/wp-json\/wp\/v2\/product_cat?post=783122"},{"taxonomy":"product_tag","embeddable":true,"href":"https:\/\/roveyayinevi.com.tr\/index.php\/wp-json\/wp\/v2\/product_tag?post=783122"}],"curies":[{"name":"wp","href":"https:\/\/api.w.org\/{rel}","templated":true}]}}