{"id":783118,"date":"2026-02-23T13:15:06","date_gmt":"2026-02-23T10:15:06","guid":{"rendered":"https:\/\/roveyayinevi.com.tr\/index.php\/urun\/iyilik-olmasaydi\/"},"modified":"2026-04-15T03:47:31","modified_gmt":"2026-04-15T00:47:31","slug":"iyilik-olmasaydi","status":"publish","type":"product","link":"https:\/\/roveyayinevi.com.tr\/index.php\/urun\/iyilik-olmasaydi\/","title":{"rendered":"\u0130yilik Olmasayd\u0131"},"content":{"rendered":"<p>\u0130yilik, kimi zaman tela\u015fl\u0131 bir istasyonda tutulan k\u00fc\u00e7\u00fck bir el, kimi zaman karanl\u0131k hastane koridorlar\u0131nda y\u00fcr\u00fcyen bir lamban\u0131n \u0131\u015f\u0131\u011f\u0131d\u0131r; bazen bir pasaport damgas\u0131, bazen de okyanusu temizleme hayalidir. \u0130yilik, insanl\u0131\u011f\u0131n en eski, en g\u00fcvenilir ortak dili&#8230;Peki, iyilik olmasayd\u0131? \u0130yilik Olmasayd\u0131, Nicholas Winton\u2019\u0131n trenlerle kurtard\u0131\u011f\u0131 \u00e7ocuklardan Florence Nightingale\u2019in \u201cLambal\u0131 Kad\u0131n\u201d olarak sa\u011fl\u0131k anlay\u0131\u015f\u0131n\u0131 d\u00f6n\u00fc\u015ft\u00fcren \u00e7abas\u0131na, Fridtjof Nansen\u2019in pasaportuyla m\u00fcltecilere a\u00e7t\u0131\u011f\u0131 yoldan Thurgood Marshall\u2019\u0131n e\u015fitlik m\u00fccadelesine, Jonas Salk ve Norman Borlaug\u2019un bilimi vicdanla bulu\u015fturan ke\u015fiflerinden T\u00fcrkan Saylan, Jane Addams, Oskar Schindler, Eleanor Roosevelt, Muhammad Yunus ve daha nicelerine uzanan yirmi hik\u00e2yeyi bir araya getiriyor. Bu kitap, iyili\u011fin hayat\u0131 nas\u0131l somut bi\u00e7imde de\u011fi\u015ftirdi\u011fini g\u00f6r\u00fcn\u00fcr k\u0131l\u0131yor. K\u00fc\u00e7\u00fck bir ad\u0131m\u0131n bile b\u00fcy\u00fck d\u00f6n\u00fc\u015f\u00fcmlere aralad\u0131\u011f\u0131 kap\u0131y\u0131 ke\u015ffetmeye davetlisiniz.<\/p>\n","protected":false},"excerpt":{"rendered":"<p>\u0130yilik, kimi zaman tela\u015fl\u0131 bir istasyonda tutulan k\u00fc\u00e7\u00fck bir el, kimi zaman karanl\u0131k hastane koridorlar\u0131nda y\u00fcr\u00fcyen bir lamban\u0131n \u0131\u015f\u0131\u011f\u0131d\u0131r; bazen bir pasaport damgas\u0131, bazen de okyanusu<span class=\"excerpt-hellip\"> [\u2026]<\/span><\/p>\n","protected":false},"featured_media":0,"template":"","meta":{"_monsterinsights_skip_tracking":false,"_monsterinsights_sitenote_active":false,"_monsterinsights_sitenote_note":"","_monsterinsights_sitenote_category":0},"product_brand":[],"product_cat":[12312,12304],"product_tag":[],"class_list":{"0":"post-783118","1":"product","2":"type-product","3":"status-publish","5":"product_cat-diger","6":"product_cat-tarih","7":"pa_cilt-ciltsiz","8":"pa_tur-kitap","9":"pa_yayinevi-masa-kitap","10":"pa_yazar-caner-almaz","12":"first","13":"instock","14":"sale","15":"shipping-taxable","16":"purchasable","17":"product-type-simple"},"_links":{"self":[{"href":"https:\/\/roveyayinevi.com.tr\/index.php\/wp-json\/wp\/v2\/product\/783118","targetHints":{"allow":["GET"]}}],"collection":[{"href":"https:\/\/roveyayinevi.com.tr\/index.php\/wp-json\/wp\/v2\/product"}],"about":[{"href":"https:\/\/roveyayinevi.com.tr\/index.php\/wp-json\/wp\/v2\/types\/product"}],"wp:attachment":[{"href":"https:\/\/roveyayinevi.com.tr\/index.php\/wp-json\/wp\/v2\/media?parent=783118"}],"wp:term":[{"taxonomy":"product_brand","embeddable":true,"href":"https:\/\/roveyayinevi.com.tr\/index.php\/wp-json\/wp\/v2\/product_brand?post=783118"},{"taxonomy":"product_cat","embeddable":true,"href":"https:\/\/roveyayinevi.com.tr\/index.php\/wp-json\/wp\/v2\/product_cat?post=783118"},{"taxonomy":"product_tag","embeddable":true,"href":"https:\/\/roveyayinevi.com.tr\/index.php\/wp-json\/wp\/v2\/product_tag?post=783118"}],"curies":[{"name":"wp","href":"https:\/\/api.w.org\/{rel}","templated":true}]}}