{"id":783115,"date":"2026-02-23T13:14:59","date_gmt":"2026-02-23T10:14:59","guid":{"rendered":"https:\/\/roveyayinevi.com.tr\/index.php\/urun\/ataturki-lozan-cumhuriyet-isyan\/"},"modified":"2026-04-15T03:47:31","modified_gmt":"2026-04-15T00:47:31","slug":"ataturki-lozan-cumhuriyet-isyan","status":"publish","type":"product","link":"https:\/\/roveyayinevi.com.tr\/index.php\/urun\/ataturki-lozan-cumhuriyet-isyan\/","title":{"rendered":"Atat\u00fcrk;I &#8211; Lozan, Cumhuriyet, \u0130syan"},"content":{"rendered":"<p>\u201cLozan\u2019da onursuz bir bar\u0131\u015f imzalad\u0131k. Bu, \u0130ngiltere\u2019nin \u015fimdiye dek imzalam\u0131\u015f oldu\u011fu antla\u015fmalar\u0131n en u\u011fursuzu, en mutsuzu ve en k\u00f6t\u00fcs\u00fcd\u00fcr.\u201dAndrew Ryan \u201cMustafa Kemal, tam ba\u011f\u0131ms\u0131z bir T\u00fcrkiye yaratmay\u0131 iyice kafas\u0131na koymu\u015ftur.\u201d\u0130ngiliz Gizli \u0130stihbarat Servisi Raporu \u201cHerkes Kemalistlere sald\u0131r\u0131yor. Kafir diyor. Herkes halifeyi savunuyor. T\u00fcrkler ge\u00e7mi\u015f y\u00fczy\u0131llarda hilafeti savunurken neredeydiniz, M\u00fcsl\u00fcmanlar? Yunanl\u0131lar ve \u0130ngilizler T\u00fcrkleri yok etmek \u00fczereyken neredeydiniz, M\u00fcsl\u00fcmanlar? Hilafet lafla savunulmaz. Bug\u00fcn T\u00fcrklerin yapt\u0131\u011f\u0131 ele\u015ftirilemez. Be\u015f y\u00fcz y\u0131l savundular. \u015eimdi s\u0131ra ba\u015fkalar\u0131nda.\u201d\u0130skenderiyeli Muhammed Said \u201cArt\u0131k kimse \u00f6yle hoca k\u0131yafetli sahte alimlerin yalan dolan\u0131na ehemmiyet verecek de\u011fildir. E\u011fer onlara kar\u015f\u0131 benim \u015fahs\u0131mdan bir \u015fey anlamak isterseniz derim ki ben \u015fahsen onlar\u0131n d\u00fc\u015fman\u0131y\u0131m. Onlar\u0131n olumsuz istikamette atacaklar\u0131 bir ad\u0131m milletimin kalbine havale edilmi\u015f zehirli bir han\u00e7erdir. Benim ve benimle hemfikir arkada\u015flar\u0131m\u0131n yapaca\u011f\u0131 \u015fey mutlaka ve mutlaka o ad\u0131m\u0131 atan\u0131 tepelemektir. Sizlere bunun da \u00fczerinde bir s\u00f6z s\u00f6yleyeyim. Farz\u0131muhal e\u011fer bunu temin edecek kanunlar olmasa, bunu temin edecek meclis olmasa, \u00f6yle olumsuz ad\u0131m atanlar kar\u015f\u0131s\u0131nda herkes \u00e7ekilse ve ben kendi ba\u015f\u0131ma yaln\u0131z kalsam yine tepeler ve yine \u00f6ld\u00fcr\u00fcr\u00fcm.\u201dGazi<\/p>\n","protected":false},"excerpt":{"rendered":"<p>\u201cLozan\u2019da onursuz bir bar\u0131\u015f imzalad\u0131k. Bu, \u0130ngiltere\u2019nin \u015fimdiye dek imzalam\u0131\u015f oldu\u011fu antla\u015fmalar\u0131n en u\u011fursuzu, en mutsuzu ve en k\u00f6t\u00fcs\u00fcd\u00fcr.\u201dAndrew Ryan \u201cMustafa Kemal, tam ba\u011f\u0131ms\u0131z bir T\u00fcrkiye<span class=\"excerpt-hellip\"> [\u2026]<\/span><\/p>\n","protected":false},"featured_media":0,"template":"","meta":{"_monsterinsights_skip_tracking":false,"_monsterinsights_sitenote_active":false,"_monsterinsights_sitenote_note":"","_monsterinsights_sitenote_category":0},"product_brand":[],"product_cat":[12530,12304],"product_tag":[],"class_list":{"0":"post-783115","1":"product","2":"type-product","3":"status-publish","5":"product_cat-mustafa-kemal-ataturk","6":"product_cat-tarih","7":"pa_cilt-ciltsiz","8":"pa_tur-kitap","9":"pa_yayinevi-masa-kitap","10":"pa_yazar-con-sinov","12":"first","13":"instock","14":"sale","15":"shipping-taxable","16":"purchasable","17":"product-type-simple"},"_links":{"self":[{"href":"https:\/\/roveyayinevi.com.tr\/index.php\/wp-json\/wp\/v2\/product\/783115","targetHints":{"allow":["GET"]}}],"collection":[{"href":"https:\/\/roveyayinevi.com.tr\/index.php\/wp-json\/wp\/v2\/product"}],"about":[{"href":"https:\/\/roveyayinevi.com.tr\/index.php\/wp-json\/wp\/v2\/types\/product"}],"wp:attachment":[{"href":"https:\/\/roveyayinevi.com.tr\/index.php\/wp-json\/wp\/v2\/media?parent=783115"}],"wp:term":[{"taxonomy":"product_brand","embeddable":true,"href":"https:\/\/roveyayinevi.com.tr\/index.php\/wp-json\/wp\/v2\/product_brand?post=783115"},{"taxonomy":"product_cat","embeddable":true,"href":"https:\/\/roveyayinevi.com.tr\/index.php\/wp-json\/wp\/v2\/product_cat?post=783115"},{"taxonomy":"product_tag","embeddable":true,"href":"https:\/\/roveyayinevi.com.tr\/index.php\/wp-json\/wp\/v2\/product_tag?post=783115"}],"curies":[{"name":"wp","href":"https:\/\/api.w.org\/{rel}","templated":true}]}}