{"id":783112,"date":"2026-02-23T13:14:52","date_gmt":"2026-02-23T10:14:52","guid":{"rendered":"https:\/\/roveyayinevi.com.tr\/index.php\/urun\/ask-olmasaydi\/"},"modified":"2026-04-15T03:47:31","modified_gmt":"2026-04-15T00:47:31","slug":"ask-olmasaydi","status":"publish","type":"product","link":"https:\/\/roveyayinevi.com.tr\/index.php\/urun\/ask-olmasaydi\/","title":{"rendered":"A\u015fk Olmasayd\u0131"},"content":{"rendered":"<p>A\u015fk, kimi zaman bir melodinin kalbimizde yank\u0131lanan ilk sesi, kimi zaman da i\u00e7imizi kavuran bir f\u0131rt\u0131nad\u0131r. Kimi yerde \u00f6zg\u00fcrl\u00fc\u011f\u00fcn s\u0131n\u0131rlar\u0131n\u0131 zorlayan, kimi yerde tutkuyu prangaya d\u00f6n\u00fc\u015ft\u00fcren bir mabettir. Sanat\u0131n en b\u00fcy\u00fck ilham\u0131 da olur, hayat\u0131 sessizce t\u00fcketen gizli bir yang\u0131n da&#8230; Bazen iki bedeni birbirine kenetler, bazen de u\u00e7urumun k\u0131y\u0131s\u0131na s\u00fcr\u00fckler.Peki, a\u015fk olmasayd\u0131?A\u015fk Olmasayd\u0131, \u00c7i\u011fdem Talu ve Melih Kibar\u2019\u0131n birlikte yazd\u0131\u011f\u0131 \u00f6l\u00fcms\u00fcz \u015fark\u0131lardan Sezen Aksu ve Onno Tun\u00e7\u2019un bir nesle y\u00f6n veren m\u00fczi\u011fine, Frida Kahlo ve Diego Rivera\u2019n\u0131n f\u0131r\u00e7alar\u0131yla iz b\u0131rakt\u0131klar\u0131 f\u0131rt\u0131nalardan Sylvia Plath ve Ted Hughes\u2019un karanl\u0131kta \u00e7arp\u0131\u015fan dizelerine nice efsane a\u015fk\u0131n hik\u00e2yelerine dair unutulmaz bir derleme sunuyor. A\u015fk\u0131n sahneye, tuvale, k\u00e2\u011f\u0131da ve hayata b\u0131rakt\u0131\u011f\u0131 yank\u0131lar\u0131 okura ta\u015f\u0131yan kitap, a\u015fk\u0131 ya\u015faman\u0131n say\u0131s\u0131z bi\u00e7imine dair ihtimalleri bir araya getiriyor.<\/p>\n","protected":false},"excerpt":{"rendered":"<p>A\u015fk, kimi zaman bir melodinin kalbimizde yank\u0131lanan ilk sesi, kimi zaman da i\u00e7imizi kavuran bir f\u0131rt\u0131nad\u0131r. Kimi yerde \u00f6zg\u00fcrl\u00fc\u011f\u00fcn s\u0131n\u0131rlar\u0131n\u0131 zorlayan, kimi yerde tutkuyu prangaya d\u00f6n\u00fc\u015ft\u00fcren<span class=\"excerpt-hellip\"> [\u2026]<\/span><\/p>\n","protected":false},"featured_media":0,"template":"","meta":{"_monsterinsights_skip_tracking":false,"_monsterinsights_sitenote_active":false,"_monsterinsights_sitenote_note":"","_monsterinsights_sitenote_category":0},"product_brand":[],"product_cat":[12312,12304],"product_tag":[],"class_list":{"0":"post-783112","1":"product","2":"type-product","3":"status-publish","5":"product_cat-diger","6":"product_cat-tarih","7":"pa_cilt-ciltsiz","8":"pa_tur-kitap","9":"pa_yayinevi-masa-kitap","10":"pa_yazar-damla-karakus","12":"first","13":"instock","14":"sale","15":"shipping-taxable","16":"purchasable","17":"product-type-simple"},"_links":{"self":[{"href":"https:\/\/roveyayinevi.com.tr\/index.php\/wp-json\/wp\/v2\/product\/783112","targetHints":{"allow":["GET"]}}],"collection":[{"href":"https:\/\/roveyayinevi.com.tr\/index.php\/wp-json\/wp\/v2\/product"}],"about":[{"href":"https:\/\/roveyayinevi.com.tr\/index.php\/wp-json\/wp\/v2\/types\/product"}],"wp:attachment":[{"href":"https:\/\/roveyayinevi.com.tr\/index.php\/wp-json\/wp\/v2\/media?parent=783112"}],"wp:term":[{"taxonomy":"product_brand","embeddable":true,"href":"https:\/\/roveyayinevi.com.tr\/index.php\/wp-json\/wp\/v2\/product_brand?post=783112"},{"taxonomy":"product_cat","embeddable":true,"href":"https:\/\/roveyayinevi.com.tr\/index.php\/wp-json\/wp\/v2\/product_cat?post=783112"},{"taxonomy":"product_tag","embeddable":true,"href":"https:\/\/roveyayinevi.com.tr\/index.php\/wp-json\/wp\/v2\/product_tag?post=783112"}],"curies":[{"name":"wp","href":"https:\/\/api.w.org\/{rel}","templated":true}]}}