{"id":783107,"date":"2026-02-23T13:14:41","date_gmt":"2026-02-23T10:14:41","guid":{"rendered":"https:\/\/roveyayinevi.com.tr\/index.php\/urun\/tecelligah\/"},"modified":"2026-04-15T03:47:31","modified_gmt":"2026-04-15T00:47:31","slug":"tecelligah","status":"publish","type":"product","link":"https:\/\/roveyayinevi.com.tr\/index.php\/urun\/tecelligah\/","title":{"rendered":"Tecellig\u00e2h"},"content":{"rendered":"<p>Bugu\u0308n. Kurtulu\u015fumuz. Ke\u015ffle mu\u0308mku\u0308n. Bilinenin d\u0131\u015f\u0131na \u00e7\u0131kmak gerekiyor.. Du\u0308nya \u00e7ok s\u0131k\u0131c\u0131 bir h\u00e2l ald\u0131. Ak\u0131l yetmiyor. Bu\u0308tu\u0308n bilgi. Y\u00f6netim. Ku\u0308resel \u015firketlerin elinde. Ku\u015fat\u0131lm\u0131\u015f bir zaman. Nefes almak zor. Bu rutinin d\u0131\u015f\u0131na \u00e7\u0131kmam\u0131z laz\u0131m. Ke\u015ff\u2019i bunun i\u00e7in yazd\u0131m. Akl\u0131n yetmedi\u011fi bir \u00e7a\u011fday\u0131z. Akleden kalbin rehberli\u011findeke\u015ff. Hem de hayat\u0131n k\u0131y\u0131s\u0131ndan ke\u015ff. Kalbimizin Tecellig\u00e2h\u0131nda. Aram\u0131zda du\u0308nya olmadan. Rabbimizle. Kelimelerin yeni anlamlar\u0131yla. Bildi\u011finiz ne varsa unutun.Vicdanl\u0131 sorumlu ne kadar insan kalm\u0131\u015fsak.. Bilelim ki du\u0308nya \u00e7ok zorda. Bize ihtiyac\u0131 var tu\u0308m yeryu\u0308zu\u0308nu\u0308n ve \u00e7ocuklar\u0131n. \u0130nsan\u0131n gelece\u011fi hepimize emanet. Bir araya gelmeliyiz art\u0131k.. Direnmeliyiz. Ba\u015fka kurtulu\u015fumuz kalmad\u0131. Allah\u2019\u0131n yard\u0131m\u0131n\u0131 hak etmeliyiz.\u015eu zaman. Kalbimizi. Temiz tutal\u0131m. Bir mu\u0308jde alabiliriz.. G\u00f6klerden gelen. Bir nefes.<\/p>\n","protected":false},"excerpt":{"rendered":"<p>Bugu\u0308n. Kurtulu\u015fumuz. Ke\u015ffle mu\u0308mku\u0308n. Bilinenin d\u0131\u015f\u0131na \u00e7\u0131kmak gerekiyor.. Du\u0308nya \u00e7ok s\u0131k\u0131c\u0131 bir h\u00e2l ald\u0131. Ak\u0131l yetmiyor. Bu\u0308tu\u0308n bilgi. Y\u00f6netim. Ku\u0308resel \u015firketlerin elinde. Ku\u015fat\u0131lm\u0131\u015f bir zaman. Nefes<span class=\"excerpt-hellip\"> [\u2026]<\/span><\/p>\n","protected":false},"featured_media":0,"template":"","meta":{"_monsterinsights_skip_tracking":false,"_monsterinsights_sitenote_active":false,"_monsterinsights_sitenote_note":"","_monsterinsights_sitenote_category":0},"product_brand":[],"product_cat":[12718,12719,12720],"product_tag":[],"class_list":{"0":"post-783107","1":"product","2":"type-product","3":"status-publish","5":"product_cat-din","6":"product_cat-islam","7":"product_cat-tasavvuf-mezhepler-tarikatlar","8":"pa_cilt-ciltsiz","9":"pa_tur-kitap","10":"pa_yayinevi-hayykitap","11":"pa_yazar-hayati-sir","13":"first","14":"instock","15":"sale","16":"shipping-taxable","17":"purchasable","18":"product-type-simple"},"_links":{"self":[{"href":"https:\/\/roveyayinevi.com.tr\/index.php\/wp-json\/wp\/v2\/product\/783107","targetHints":{"allow":["GET"]}}],"collection":[{"href":"https:\/\/roveyayinevi.com.tr\/index.php\/wp-json\/wp\/v2\/product"}],"about":[{"href":"https:\/\/roveyayinevi.com.tr\/index.php\/wp-json\/wp\/v2\/types\/product"}],"wp:attachment":[{"href":"https:\/\/roveyayinevi.com.tr\/index.php\/wp-json\/wp\/v2\/media?parent=783107"}],"wp:term":[{"taxonomy":"product_brand","embeddable":true,"href":"https:\/\/roveyayinevi.com.tr\/index.php\/wp-json\/wp\/v2\/product_brand?post=783107"},{"taxonomy":"product_cat","embeddable":true,"href":"https:\/\/roveyayinevi.com.tr\/index.php\/wp-json\/wp\/v2\/product_cat?post=783107"},{"taxonomy":"product_tag","embeddable":true,"href":"https:\/\/roveyayinevi.com.tr\/index.php\/wp-json\/wp\/v2\/product_tag?post=783107"}],"curies":[{"name":"wp","href":"https:\/\/api.w.org\/{rel}","templated":true}]}}