{"id":783101,"date":"2026-02-23T13:14:28","date_gmt":"2026-02-23T10:14:28","guid":{"rendered":"https:\/\/roveyayinevi.com.tr\/index.php\/urun\/antropontolojinin-isiginda-egitim-felsefesifelsefenin-gor-dedigi-3\/"},"modified":"2026-04-15T03:47:31","modified_gmt":"2026-04-15T00:47:31","slug":"antropontolojinin-isiginda-egitim-felsefesifelsefenin-gor-dedigi-3","status":"publish","type":"product","link":"https:\/\/roveyayinevi.com.tr\/index.php\/urun\/antropontolojinin-isiginda-egitim-felsefesifelsefenin-gor-dedigi-3\/","title":{"rendered":"Antropontolojinin I\u015f\u0131\u011f\u0131nda E\u011fitim Felsefesi;Felsefenin G\u00f6r Dedi\u011fi 3"},"content":{"rendered":"<p>Bet\u00fcl \u00c7otuks\u00f6ken\u2019in Felsefenin G\u00f6r Dedi\u011fi \u00fc\u00e7lemesinin son kitab\u0131 olan Antropontolojinin I\u015f\u0131\u011f\u0131nda E\u011fitim Felsefesi felsefi bir perspektiften e\u011fitim fenomenini ele al\u0131yor. Konuyu \u201cmetafelsefe,\u201d \u201csistematik felsefe,\u201d \u201cfelsefe tarihi,\u201d \u201cuygulamal\u0131 felsefe\u201d arka plan\u0131nda tart\u0131\u015fan \u00c7otuks\u00f6ken, okura e\u011fitimin t\u00fcm boyutlar\u0131n\u0131 tart\u0131\u015fabilme imk\u00e2n\u0131 sunuyor. Nitekim kitapta, metafelsefe \u00fczerinden e\u011fitim felsefesinin ne oldu\u011fu; sistematik felsefe ba\u011flam\u0131nda felsefenin bir alt dal\u0131 olarak e\u011fitim felsefesinin kavram, soru ve sorun a\u011flar\u0131; felsefe tarihi ve uygulamal\u0131 felsefe \u00e7er\u00e7evesinde ise tarihsel arka plan ve konunun pratikteki izd\u00fc\u015f\u00fcmleri tart\u0131\u015f\u0131l\u0131yor.Sorunlar\u0131 ve imk\u00e2nlar\u0131 ayn\u0131 anda de\u011ferlendiren Antropontolojinin I\u015f\u0131\u011f\u0131nda E\u011fitim Felsefesi, ge\u00e7mi\u015fe y\u00f6nelik de\u011ferlendirmeleri ve gelece\u011fe ili\u015fkin projeksiyonuyla ay\u0131rt edici ve \u00f6zg\u00fcn bir yakla\u015f\u0131m\u0131  temsil ediyor.<\/p>\n","protected":false},"excerpt":{"rendered":"<p>Bet\u00fcl \u00c7otuks\u00f6ken\u2019in Felsefenin G\u00f6r Dedi\u011fi \u00fc\u00e7lemesinin son kitab\u0131 olan Antropontolojinin I\u015f\u0131\u011f\u0131nda E\u011fitim Felsefesi felsefi bir perspektiften e\u011fitim fenomenini ele al\u0131yor. Konuyu \u201cmetafelsefe,\u201d \u201csistematik felsefe,\u201d \u201cfelsefe tarihi,\u201d<span class=\"excerpt-hellip\"> [\u2026]<\/span><\/p>\n","protected":false},"featured_media":0,"template":"","meta":{"_monsterinsights_skip_tracking":false,"_monsterinsights_sitenote_active":false,"_monsterinsights_sitenote_note":"","_monsterinsights_sitenote_category":0},"product_brand":[],"product_cat":[141304],"product_tag":[],"class_list":{"0":"post-783101","1":"product","2":"type-product","3":"status-publish","5":"product_cat-yeni-cikanlar","6":"pa_cilt-ciltsiz","7":"pa_tur-kitap","8":"pa_yayinevi-alfa-yayinlari","9":"pa_yazar-betul-cotuksoken","11":"first","12":"instock","13":"sale","14":"shipping-taxable","15":"purchasable","16":"product-type-simple"},"_links":{"self":[{"href":"https:\/\/roveyayinevi.com.tr\/index.php\/wp-json\/wp\/v2\/product\/783101","targetHints":{"allow":["GET"]}}],"collection":[{"href":"https:\/\/roveyayinevi.com.tr\/index.php\/wp-json\/wp\/v2\/product"}],"about":[{"href":"https:\/\/roveyayinevi.com.tr\/index.php\/wp-json\/wp\/v2\/types\/product"}],"wp:attachment":[{"href":"https:\/\/roveyayinevi.com.tr\/index.php\/wp-json\/wp\/v2\/media?parent=783101"}],"wp:term":[{"taxonomy":"product_brand","embeddable":true,"href":"https:\/\/roveyayinevi.com.tr\/index.php\/wp-json\/wp\/v2\/product_brand?post=783101"},{"taxonomy":"product_cat","embeddable":true,"href":"https:\/\/roveyayinevi.com.tr\/index.php\/wp-json\/wp\/v2\/product_cat?post=783101"},{"taxonomy":"product_tag","embeddable":true,"href":"https:\/\/roveyayinevi.com.tr\/index.php\/wp-json\/wp\/v2\/product_tag?post=783101"}],"curies":[{"name":"wp","href":"https:\/\/api.w.org\/{rel}","templated":true}]}}