{"id":783098,"date":"2026-02-23T13:14:19","date_gmt":"2026-02-23T10:14:19","guid":{"rendered":"https:\/\/roveyayinevi.com.tr\/index.php\/urun\/sevgili-kuranimdan-oykuler-2\/"},"modified":"2026-04-15T03:47:31","modified_gmt":"2026-04-15T00:47:31","slug":"sevgili-kuranimdan-oykuler-2","status":"publish","type":"product","link":"https:\/\/roveyayinevi.com.tr\/index.php\/urun\/sevgili-kuranimdan-oykuler-2\/","title":{"rendered":"Sevgili Kur\u2019an\u2019\u0131mdan \u00d6yk\u00fcler"},"content":{"rendered":"<p>Ya\u015fanm\u0131\u015f \u00f6yk\u00fcler, hayat\u0131m\u0131za \u0131\u015f\u0131k tutar. Hele ki bu \u00f6yk\u00fcler, mukaddes kitab\u0131m\u0131z Kur\u2019an-\u0131 Kerim\u2019de y\u00fcce Rabbimiz taraf\u0131ndan bildirildiyse\u2026 Bu kitapta, \u00b7 Hz. \u00c2dem\u2019in yarat\u0131l\u0131\u015f\u0131ndan, Nuh Peygamber\u2019in gemisine\u2026 \u00b7 R\u00fczg\u00e2ra emredip ku\u015flarla konu\u015fan S\u00fcleyman Peygamber\u2019den, Bir bal\u0131\u011f\u0131n karn\u0131nda ta\u015f\u0131d\u0131\u011f\u0131 Yunus Peygamber\u2019e\u2026 \u00b7 Bilge ki\u015fi H\u0131z\u0131r Aleyhisselam\u2019dan, Yakla\u015f\u0131k \u00fc\u00e7 y\u00fcz y\u0131l uyuyan ma\u011fara arkada\u015flar\u0131na kadar 150\u2019yi a\u015fk\u0131n Kur\u2019an \u00f6yk\u00fcs\u00fc var. Sevgili Kur\u2019an\u2019\u0131mdan \u00d6yk\u00fcler, b\u00fcy\u00fck bir zevkle okunacak, Kur\u2019an-\u0131 Kerim\u2019le tan\u0131\u015fmaya ilk ad\u0131m olacak, ya\u015fanm\u0131\u015f \u00f6yk\u00fclerden yola \u00e7\u0131karak \u201c\u00f6rnek ki\u015filik\u201d kazand\u0131racak harika bir eser\u2026 Prof. Dr. Mehmet Emin Ay<\/p>\n","protected":false},"excerpt":{"rendered":"<p>Ya\u015fanm\u0131\u015f \u00f6yk\u00fcler, hayat\u0131m\u0131za \u0131\u015f\u0131k tutar. Hele ki bu \u00f6yk\u00fcler, mukaddes kitab\u0131m\u0131z Kur\u2019an-\u0131 Kerim\u2019de y\u00fcce Rabbimiz taraf\u0131ndan bildirildiyse\u2026 Bu kitapta, \u00b7 Hz. \u00c2dem\u2019in yarat\u0131l\u0131\u015f\u0131ndan, Nuh Peygamber\u2019in gemisine\u2026<span class=\"excerpt-hellip\"> [\u2026]<\/span><\/p>\n","protected":false},"featured_media":0,"template":"","meta":{"_monsterinsights_skip_tracking":false,"_monsterinsights_sitenote_active":false,"_monsterinsights_sitenote_note":"","_monsterinsights_sitenote_category":0},"product_brand":[],"product_cat":[12274,18802],"product_tag":[],"class_list":{"0":"post-783098","1":"product","2":"type-product","3":"status-publish","5":"product_cat-cocuk-ve-genclik-kitaplari","6":"product_cat-din-egitimi","7":"pa_cilt-ciltsiz","8":"pa_tur-kitap","9":"pa_yayinevi-timas-cocuk","10":"pa_yazar-suheyl-seckinoglu","12":"first","13":"instock","14":"sale","15":"shipping-taxable","16":"purchasable","17":"product-type-simple"},"_links":{"self":[{"href":"https:\/\/roveyayinevi.com.tr\/index.php\/wp-json\/wp\/v2\/product\/783098","targetHints":{"allow":["GET"]}}],"collection":[{"href":"https:\/\/roveyayinevi.com.tr\/index.php\/wp-json\/wp\/v2\/product"}],"about":[{"href":"https:\/\/roveyayinevi.com.tr\/index.php\/wp-json\/wp\/v2\/types\/product"}],"wp:attachment":[{"href":"https:\/\/roveyayinevi.com.tr\/index.php\/wp-json\/wp\/v2\/media?parent=783098"}],"wp:term":[{"taxonomy":"product_brand","embeddable":true,"href":"https:\/\/roveyayinevi.com.tr\/index.php\/wp-json\/wp\/v2\/product_brand?post=783098"},{"taxonomy":"product_cat","embeddable":true,"href":"https:\/\/roveyayinevi.com.tr\/index.php\/wp-json\/wp\/v2\/product_cat?post=783098"},{"taxonomy":"product_tag","embeddable":true,"href":"https:\/\/roveyayinevi.com.tr\/index.php\/wp-json\/wp\/v2\/product_tag?post=783098"}],"curies":[{"name":"wp","href":"https:\/\/api.w.org\/{rel}","templated":true}]}}