{"id":783095,"date":"2026-02-23T13:14:12","date_gmt":"2026-02-23T10:14:12","guid":{"rendered":"https:\/\/roveyayinevi.com.tr\/index.php\/urun\/kadim-baskentten-yeni-hikayeler-yeni-pekin-edebiyati-2-sayi\/"},"modified":"2026-04-15T03:47:31","modified_gmt":"2026-04-15T00:47:31","slug":"kadim-baskentten-yeni-hikayeler-yeni-pekin-edebiyati-2-sayi","status":"publish","type":"product","link":"https:\/\/roveyayinevi.com.tr\/index.php\/urun\/kadim-baskentten-yeni-hikayeler-yeni-pekin-edebiyati-2-sayi\/","title":{"rendered":"Kadim Ba\u015fkentten Yeni Hikayeler &#8211; Yeni Pekin Edebiyat\u0131 2. Say\u0131"},"content":{"rendered":"<p>\u00c7in\u2019in ba\u015fkenti Pekin binlerce y\u0131ll\u0131k tarihe sahip. Bu uzun ve zengin ge\u00e7mi\u015ften s\u00fcz\u00fcl\u00fcp gelen k\u00fclt\u00fcr g\u00fcn\u00fcm\u00fcz edebiyat\u0131na damgas\u0131n\u0131 vuruyor. K\u0131rm\u0131z\u0131 Kedi Yay\u0131nevi ve Beijing Edebiyat ve Sanat \u00c7evresi\u2019nin (Beijing Wenlian) i\u015fbirli\u011fiyle haz\u0131rlanan bu dergide \u00e7a\u011fda\u015f \u00c7inli yazarlar T\u00fcrk okuyucusuyla bulu\u015fuyor. Du Li, Ye Guangqin, Zhang Tianyi, Xu Zechen, Liu Qingbang \u00f6yk\u00fcleriyle kadim ba\u015fkentte ya\u015fanan de\u011fi\u015fimi ve ge\u00e7mi\u015fin izlerini anlat\u0131yor.<\/p>\n","protected":false},"excerpt":{"rendered":"<p>\u00c7in\u2019in ba\u015fkenti Pekin binlerce y\u0131ll\u0131k tarihe sahip. Bu uzun ve zengin ge\u00e7mi\u015ften s\u00fcz\u00fcl\u00fcp gelen k\u00fclt\u00fcr g\u00fcn\u00fcm\u00fcz edebiyat\u0131na damgas\u0131n\u0131 vuruyor. K\u0131rm\u0131z\u0131 Kedi Yay\u0131nevi ve Beijing Edebiyat ve<span class=\"excerpt-hellip\"> [\u2026]<\/span><\/p>\n","protected":false},"featured_media":0,"template":"","meta":{"_monsterinsights_skip_tracking":false,"_monsterinsights_sitenote_active":false,"_monsterinsights_sitenote_note":"","_monsterinsights_sitenote_category":0},"product_brand":[],"product_cat":[13527,14356],"product_tag":[],"class_list":{"0":"post-783095","1":"product","2":"type-product","3":"status-publish","5":"product_cat-sureli-yayinlar","6":"product_cat-tarih-sureli-yayinlar","7":"pa_cilt-ciltsiz","8":"pa_tur-dergi","9":"pa_yayinevi-kirmizi-kedi-yayinevi","10":"pa_yazar-kolektif","12":"first","13":"instock","14":"sale","15":"shipping-taxable","16":"purchasable","17":"product-type-simple"},"_links":{"self":[{"href":"https:\/\/roveyayinevi.com.tr\/index.php\/wp-json\/wp\/v2\/product\/783095","targetHints":{"allow":["GET"]}}],"collection":[{"href":"https:\/\/roveyayinevi.com.tr\/index.php\/wp-json\/wp\/v2\/product"}],"about":[{"href":"https:\/\/roveyayinevi.com.tr\/index.php\/wp-json\/wp\/v2\/types\/product"}],"wp:attachment":[{"href":"https:\/\/roveyayinevi.com.tr\/index.php\/wp-json\/wp\/v2\/media?parent=783095"}],"wp:term":[{"taxonomy":"product_brand","embeddable":true,"href":"https:\/\/roveyayinevi.com.tr\/index.php\/wp-json\/wp\/v2\/product_brand?post=783095"},{"taxonomy":"product_cat","embeddable":true,"href":"https:\/\/roveyayinevi.com.tr\/index.php\/wp-json\/wp\/v2\/product_cat?post=783095"},{"taxonomy":"product_tag","embeddable":true,"href":"https:\/\/roveyayinevi.com.tr\/index.php\/wp-json\/wp\/v2\/product_tag?post=783095"}],"curies":[{"name":"wp","href":"https:\/\/api.w.org\/{rel}","templated":true}]}}